{"id":851,"date":"2025-08-18T21:25:23","date_gmt":"2025-08-18T21:25:23","guid":{"rendered":"https:\/\/rotexketamshop.com\/?page_id=851"},"modified":"2026-04-02T08:57:52","modified_gmt":"2026-04-02T08:57:52","slug":"coireail-ketamin-du-lagar-pian-ainsealach","status":"publish","type":"page","link":"https:\/\/rotexketamshop.com\/nl\/coireail-ketamin-du-lagar-pian-ainsealach\/","title":{"rendered":"C\u00f3ire\u00e1il Ketam\u00edn in \u00c9irinn \u2013 D\u00falagar agus Pian Ainsealach"},"content":{"rendered":"<div data-elementor-type=\"wp-page\" data-elementor-id=\"851\" class=\"elementor elementor-851\">\n\t\t\t\t<div class=\"elementor-element elementor-element-3ac1d1e9 e-flex e-con-boxed e-con e-parent\" data-id=\"3ac1d1e9\" data-element_type=\"container\" data-e-type=\"container\">\n\t\t\t\t\t<div class=\"e-con-inner\">\n\t\t\t\t<div class=\"elementor-element elementor-element-6917c5ab elementor-widget elementor-widget-text-editor\" data-id=\"6917c5ab\" data-element_type=\"widget\" data-e-type=\"widget\" data-widget_type=\"text-editor.default\">\n\t\t\t\t\t\t\t\t\t\n<h1 style=\"text-align: center;\"><strong>C\u00f3ire\u00e1il Ketam\u00edn in \u00c9irinn \u2013 D\u00falagar agus Pian Ainsealach<\/strong><\/h1>\n<p>T\u00e1 ketam\u00edn ag \u00e9ir\u00ed n\u00edos m\u00f3 i gceist i r\u00e9imse na leigheasaithe mar ch\u00f3ire\u00e1il nua-<a href=\"https:\/\/rotexketamshop.com\/nl\/\">aimseartha<\/a> do dhaoine at\u00e1 ag streachailt le d\u00falagar trom nach bhfuil freagra acu ar dhruga\u00ed traidisi\u00fanta agus do dhaoine a bhfuil pian ainsealach orthu. \u00das\u00e1idtear ketam\u00edn faoi mhaoirseacht ghairmi\u00fail sa ch\u00f3ras sl\u00e1inte le haghaidh tortha\u00ed \u00e9ifeachtacha agus s\u00e1bh\u00e1ilteachta<a href=\"https:\/\/www.orderfentanylonline.com\/\">.<\/a><\/p>\n<h2 style=\"text-align: center;\"><strong>Ketam\u00edn agus D\u00falagar<\/strong><\/h2>\n<p>Tugann staid\u00e9ir le fios go bhf\u00e9adfadh ketam\u00edn cabhr\u00fa le hathr\u00fa tapa a dh\u00e9anamh i riocht mheabhrach daoine le d\u00falagar dian. Tr\u00ed chur isteach ar na gabhd\u00f3ir\u00ed glutamait i an inchinn, cabhra\u00edonn s\u00e9 le hathch\u00f3iri\u00fa n\u00e9ar\u00f3in a spreagadh, rud a fh\u00e1gann feabhas tapa ar mhoth\u00fach\u00e1in<a href=\"https:\/\/diazepamonlineuk.com\/\">.<\/a><\/p>\n<h3 style=\"text-align: center;\"><strong>Ketam\u00edn agus Pian Ainsealach<\/strong><\/h3>\n<p>Is druga \u00e9ifeachtach \u00e9 ketam\u00edn chun pian ainsealach a mhaol\u00fa, go h\u00e1irithe pian neuropatach a bhfuil s\u00e9 deacair a bhainisti\u00fa. <span style=\"color: #000000;\">Tr\u00ed <a style=\"color: #000000;\" href=\"https:\/\/rotexketamshop.com\/nl\/product\/ketamine-liquid-for-sale\/\">g<\/a><a style=\"color: #000000;\" href=\"https:\/\/rotexketamshop.com\/nl\/product\/ketamine-powder-for-sale\/\">h<\/a><a style=\"color: #000000;\" href=\"https:\/\/rotexketamshop.com\/nl\/product\/ketamine-nasal-spray-for-sale\/\">a<\/a><a style=\"color: #000000;\" href=\"https:\/\/rotexketamshop.com\/nl\/product\/buy-crystal-methamphetamine-online-blue-crystal-methamphetamine\/\">b<\/a><a style=\"color: #000000;\" href=\"https:\/\/rotexketamshop.com\/nl\/product\/crystal-methamphetamine-crystal-meth-drug-crystal-meth\/\">h<\/a><a style=\"color: #000000;\" href=\"https:\/\/rotexketamshop.com\/nl\/product\/buy-mdma-crystals-online-pure-mdma-crystals-mdma-crystals\/\">d<\/a><a style=\"color: #000000;\" href=\"https:\/\/rotexketamshop.com\/nl\/product\/mdma-powder-effects-risks-safety\/\">\u00f3<\/a>i<a style=\"color: #000000;\" href=\"https:\/\/rotexketamshop.com\/nl\/product\/buy-mdma-online-mdma-rocks-buy-mdma-online-canada\/\">r<\/a>\u00ed <a style=\"color: #000000;\" href=\"https:\/\/rotexketamshop.com\/nl\/product\/buy-2c-b-fly-online-2cb-for-sale-buy-2c-b-online\/\">N<\/a><a style=\"color: #000000;\" href=\"https:\/\/rotexketamshop.com\/nl\/product\/buy-2c-b-fly-powder-online\/\">M<\/a><a style=\"color: #000000;\" href=\"https:\/\/rotexketamshop.com\/nl\/product\/buy-ecstasy-online-buy-xtc-online-buy-molly-online-xtc-online\/\">D<\/a><a style=\"color: #000000;\" href=\"https:\/\/rotexketamshop.com\/nl\/coireail-ketamin-du-lagar-pian-ainsealach\/\">A<\/a> <a style=\"color: #000000;\" href=\"https:\/\/rotexketamshop.com\/nl\/comprar-cetamina-portugal\/\">a<\/a> <a style=\"color: #000000;\" href=\"https:\/\/rotexketamshop.com\/nl\/comprar-ketamina-espana\/\">b<\/a><a style=\"color: #000000;\" href=\"https:\/\/rotexketamshop.com\/nl\/ketamin-medicinsk-anvendelse-danmark\/\">h<\/a><a style=\"color: #000000;\" href=\"https:\/\/rotexketamshop.com\/nl\/ketamin-kaufen-deutschland\/\">l<\/a><a style=\"color: #000000;\" href=\"https:\/\/rotexketamshop.com\/nl\/ketamin-kaufen-oesterreich\/\">o<\/a><a style=\"color: #000000;\" href=\"https:\/\/rotexketamshop.com\/nl\/ketamina-uso-medico-italia\/\">c<\/a><a style=\"color: #000000;\" href=\"https:\/\/rotexketamshop.com\/nl\/ketamina-zastosowanie-medyczne-polska\/\">\u00e1<\/a><a style=\"color: #000000;\" href=\"https:\/\/rotexketamshop.com\/nl\/ketamin-behandling-depression-kronisk-smarta\/\">i<\/a><a style=\"color: #000000;\" href=\"https:\/\/rotexketamshop.com\/nl\/ketamine-behandeling-belgie\/\">l<\/a><a style=\"color: #000000;\" href=\"https:\/\/rotexketamshop.com\/nl\/ketamine-utilisation-medicale-france\/\">,<\/a> <a style=\"color: #000000;\" href=\"https:\/\/rotexketamshop.com\/nl\/ketamine-alaska-uses-therapy-legal-guide\/\">l<\/a><a style=\"color: #000000;\" href=\"https:\/\/rotexketamshop.com\/nl\/ketamine-europe-therapy-uses-legal-guide\/\">a<\/a><a style=\"color: #000000;\" href=\"https:\/\/rotexketamshop.com\/nl\/ketamine-uk-therapy-uses-legal-guide\/\">g<\/a><a style=\"color: #000000;\" href=\"https:\/\/rotexketamshop.com\/nl\/ketamine-treatment-utah-guide\/\">h<\/a><a style=\"color: #000000;\" href=\"https:\/\/rotexketamshop.com\/nl\/ketamine-kopen-nederland\/\">d<\/a><a style=\"color: #000000;\" href=\"https:\/\/rotexketamshop.com\/nl\/ketamine-treatment-colorado\/\">a<\/a><a style=\"color: #000000;\" href=\"https:\/\/rotexketamshop.com\/nl\/ketamine-treatment-colorado-2\/\">\u00ed<\/a><a style=\"color: #000000;\" href=\"https:\/\/rotexketamshop.com\/nl\/ketamine-treatment-utah-what-to-expect\/\">o<\/a><a style=\"color: #000000;\" href=\"https:\/\/rotexketamshop.com\/nl\/ketamine-uses-effects-oregon\/\">n<\/a><a style=\"color: #000000;\" href=\"https:\/\/rotexketamshop.com\/nl\/ketamine-therapy-tennessee-research-guide\/\">n<\/a> <a style=\"color: #000000;\" href=\"https:\/\/rotexketamshop.com\/nl\/ketamine-therapy-idaho-clinical-guide\/\">s<\/a><a style=\"color: #000000;\" href=\"https:\/\/rotexketamshop.com\/nl\/ketamine-therapy-asia-medical-tourism-guide\/\">\u00e9<\/a> <a style=\"color: #000000;\" href=\"https:\/\/rotexketamshop.com\/nl\/ketamine-medical-guide-oregon-therapeutic-use\/\">c<\/a><a style=\"color: #000000;\" href=\"https:\/\/rotexketamshop.com\/nl\/\">o<\/a><a style=\"color: #000000;\" href=\"https:\/\/rotexketamshop.com\/nl\/product-categorie\/ketamine-products-for-sale\/\">m<\/a><a style=\"color: #000000;\" href=\"https:\/\/rotexketamshop.com\/nl\/product-categorie\/prescription-stimulants-category\/\">h<\/a><a style=\"color: #000000;\" href=\"https:\/\/rotexketamshop.com\/nl\/customer-reviews\/\">a<\/a><a style=\"color: #000000;\" href=\"https:\/\/rotexketamshop.com\/nl\/elements\/pages\/about\/\">r<\/a><a style=\"color: #000000;\" href=\"https:\/\/rotexketamshop.com\/nl\/elements\/pages\/contact\/\">t<\/a><a style=\"color: #000000;\" href=\"https:\/\/rotexketamshop.com\/nl\/elements\/product-categories\/\">h<\/a><a style=\"color: #000000;\" href=\"https:\/\/rotexketamshop.com\/nl\/elements\/products\/\">a<\/a><a style=\"color: #000000;\" href=\"https:\/\/rotexketamshop.com\/nl\/privacy-policy\/\">\u00ed<\/a><\/span> pian agus feabhsa\u00edonn s\u00e9 c\u00e1il\u00edocht beatha othar.<\/p>\n<p><strong>N\u00f3ta t\u00e1bhachtach:<\/strong> N\u00ed m\u00f3r c\u00f3ire\u00e1il ketam\u00edn a dh\u00e9anamh faoi mhaoirseacht leighis dhl\u00edthi\u00fail agus le rialacha docht sl\u00e1inte<a href=\"https:\/\/chemistonlineaustralia.com\/\">.<\/a><\/p>\n\t\t\t\t\t\t\t\t<\/div>\n\t\t\t\t\t<\/div>\n\t\t\t\t<\/div>\n\t\t\t\t<\/div>","protected":false},"excerpt":{"rendered":"","protected":false},"author":2,"featured_media":373,"parent":0,"menu_order":0,"comment_status":"closed","ping_status":"closed","template":"","meta":{"_joinchat":[],"footnotes":""},"class_list":["post-851","page","type-page","status-publish","has-post-thumbnail","hentry"],"yoast_head":"<!-- This site is optimized with the Yoast SEO plugin v27.3 - https:\/\/yoast.com\/product\/yoast-seo-wordpress\/ -->\n<title>C\u00f3ire\u00e1il Ketam\u00edn le haghaidh D\u00falagar<\/title>\n<meta name=\"description\" content=\"Faigh amach faoi ch\u00f3ire\u00e1il ketam\u00edn in \u00c9irinn chun d\u00e9ile\u00e1il le d\u00falagar trom agus pian ainsealach. Eolas clinici\u00fail agus taighde ar \u00fas\u00e1id chlinici\u00fail an druga.\" \/>\n<meta name=\"robots\" content=\"index, follow, max-snippet:-1, max-image-preview:large, max-video-preview:-1\" \/>\n<link rel=\"canonical\" href=\"https:\/\/rotexketamshop.com\/nl\/coireail-ketamin-du-lagar-pian-ainsealach\/\" \/>\n<meta property=\"og:locale\" content=\"nl_NL\" \/>\n<meta property=\"og:type\" content=\"article\" \/>\n<meta property=\"og:title\" content=\"C\u00f3ire\u00e1il Ketam\u00edn le haghaidh D\u00falagar\" \/>\n<meta property=\"og:description\" content=\"Faigh amach faoi ch\u00f3ire\u00e1il ketam\u00edn in \u00c9irinn chun d\u00e9ile\u00e1il le d\u00falagar trom agus pian ainsealach. Eolas clinici\u00fail agus taighde ar \u00fas\u00e1id chlinici\u00fail an druga.\" \/>\n<meta property=\"og:url\" content=\"https:\/\/rotexketamshop.com\/nl\/coireail-ketamin-du-lagar-pian-ainsealach\/\" \/>\n<meta property=\"og:site_name\" content=\"Buy Ketamine In Bulk\" \/>\n<meta property=\"article:modified_time\" content=\"2026-04-02T08:57:52+00:00\" \/>\n<meta property=\"og:image\" content=\"https:\/\/rotexketamshop.com\/wp-content\/uploads\/2023\/06\/662e6278-1e02-4a66-b818-aa7a1b19301b.jpg\" \/>\n\t<meta property=\"og:image:width\" content=\"1280\" \/>\n\t<meta property=\"og:image:height\" content=\"960\" \/>\n\t<meta property=\"og:image:type\" content=\"image\/jpeg\" \/>\n<meta name=\"twitter:card\" content=\"summary_large_image\" \/>\n<meta name=\"twitter:label1\" content=\"Geschatte leestijd\" \/>\n\t<meta name=\"twitter:data1\" content=\"1 minuut\" \/>\n<script type=\"application\/ld+json\" class=\"yoast-schema-graph\">{\"@context\":\"https:\\\/\\\/schema.org\",\"@graph\":[{\"@type\":\"WebPage\",\"@id\":\"https:\\\/\\\/rotexketamshop.com\\\/coireail-ketamin-du-lagar-pian-ainsealach\\\/\",\"url\":\"https:\\\/\\\/rotexketamshop.com\\\/coireail-ketamin-du-lagar-pian-ainsealach\\\/\",\"name\":\"C\u00f3ire\u00e1il Ketam\u00edn le haghaidh D\u00falagar\",\"isPartOf\":{\"@id\":\"https:\\\/\\\/rotexketamshop.com\\\/#website\"},\"primaryImageOfPage\":{\"@id\":\"https:\\\/\\\/rotexketamshop.com\\\/coireail-ketamin-du-lagar-pian-ainsealach\\\/#primaryimage\"},\"image\":{\"@id\":\"https:\\\/\\\/rotexketamshop.com\\\/coireail-ketamin-du-lagar-pian-ainsealach\\\/#primaryimage\"},\"thumbnailUrl\":\"https:\\\/\\\/rotexketamshop.com\\\/wp-content\\\/uploads\\\/2023\\\/06\\\/662e6278-1e02-4a66-b818-aa7a1b19301b.jpg\",\"datePublished\":\"2025-08-18T21:25:23+00:00\",\"dateModified\":\"2026-04-02T08:57:52+00:00\",\"description\":\"Faigh amach faoi ch\u00f3ire\u00e1il ketam\u00edn in \u00c9irinn chun d\u00e9ile\u00e1il le d\u00falagar trom agus pian ainsealach. Eolas clinici\u00fail agus taighde ar \u00fas\u00e1id chlinici\u00fail an druga.\",\"breadcrumb\":{\"@id\":\"https:\\\/\\\/rotexketamshop.com\\\/coireail-ketamin-du-lagar-pian-ainsealach\\\/#breadcrumb\"},\"inLanguage\":\"nl-NL\",\"potentialAction\":[{\"@type\":\"ReadAction\",\"target\":[\"https:\\\/\\\/rotexketamshop.com\\\/coireail-ketamin-du-lagar-pian-ainsealach\\\/\"]}]},{\"@type\":\"ImageObject\",\"inLanguage\":\"nl-NL\",\"@id\":\"https:\\\/\\\/rotexketamshop.com\\\/coireail-ketamin-du-lagar-pian-ainsealach\\\/#primaryimage\",\"url\":\"https:\\\/\\\/rotexketamshop.com\\\/wp-content\\\/uploads\\\/2023\\\/06\\\/662e6278-1e02-4a66-b818-aa7a1b19301b.jpg\",\"contentUrl\":\"https:\\\/\\\/rotexketamshop.com\\\/wp-content\\\/uploads\\\/2023\\\/06\\\/662e6278-1e02-4a66-b818-aa7a1b19301b.jpg\",\"width\":1280,\"height\":960,\"caption\":\"ketam\u00edn, c\u00f3ire\u00e1il ketam\u00edn, ketam\u00edn d\u00falagar, ketam\u00edn pian ainsealach, ketam\u00edn c\u00f3ire\u00e1il \u00c9ire, ketam\u00edn teiripe, ketam\u00edn infusion, ketam\u00edn spray sr\u00f3n, ketam\u00edn druga, ketam\u00edn \u00fas\u00e1id chlinici\u00fail, ketam\u00edn agus inchinn, ketam\u00edn gabhd\u00f3ir\u00ed NMDA, ketam\u00edn i gc\u00f3ire\u00e1il meabhrach, ketam\u00edn pian neuropatach, ketam\u00edn agus sl\u00e1inte meabhrach, ketam\u00edn taighde, ketam\u00edn in ospid\u00e9il, ketam\u00edn do dhaoine f\u00e1sta, ketam\u00edn do dh\u00e9ag\u00f3ir\u00ed, ketam\u00edn agus d\u00falagar trom, ketam\u00edn i bpian ainsealach, ketam\u00edn sa ch\u00f3ras sl\u00e1inte, ketam\u00edn leighis, ketam\u00edn c\u00f3gais\u00edocht, ketam\u00edn agus \u00e9ifeachta\u00ed, ketam\u00edn c\u00f3ire\u00e1il malartach, ketam\u00edn agus ain\u00e9ist\u00e9ise, ketam\u00edn agus PTSD, ketam\u00edn ag othar, ketam\u00edn agus aicme druga\u00ed, ketam\u00edn rialach\u00e1n, ketam\u00edn leighis \u00c9ire, ketam\u00edn agus taighde nua, ketam\u00edn \u00fas\u00e1ide clinici\u00fail, ketam\u00edn othar comhairle, ketam\u00edn agus c\u00f3ire\u00e1il phearsanta, ketam\u00edn agus feabhs\u00fa meabhrach, ketam\u00edn fo-iarsma\u00ed, ketam\u00edn agus teicn\u00edc\u00ed c\u00f3ire\u00e1la, ketam\u00edn agus s\u00edceola\u00edocht.\"},{\"@type\":\"BreadcrumbList\",\"@id\":\"https:\\\/\\\/rotexketamshop.com\\\/coireail-ketamin-du-lagar-pian-ainsealach\\\/#breadcrumb\",\"itemListElement\":[{\"@type\":\"ListItem\",\"position\":1,\"name\":\"Home\",\"item\":\"https:\\\/\\\/rotexketamshop.com\\\/\"},{\"@type\":\"ListItem\",\"position\":2,\"name\":\"C\u00f3ire\u00e1il Ketam\u00edn in \u00c9irinn \u2013 D\u00falagar agus Pian Ainsealach\"}]},{\"@type\":\"WebSite\",\"@id\":\"https:\\\/\\\/rotexketamshop.com\\\/#website\",\"url\":\"https:\\\/\\\/rotexketamshop.com\\\/\",\"name\":\"Buy Ketamine In Bulk\",\"description\":\"Ketamine For Sale Online\",\"potentialAction\":[{\"@type\":\"SearchAction\",\"target\":{\"@type\":\"EntryPoint\",\"urlTemplate\":\"https:\\\/\\\/rotexketamshop.com\\\/?s={search_term_string}\"},\"query-input\":{\"@type\":\"PropertyValueSpecification\",\"valueRequired\":true,\"valueName\":\"search_term_string\"}}],\"inLanguage\":\"nl-NL\"}]}<\/script>\n<!-- \/ Yoast SEO plugin. -->","yoast_head_json":{"title":"C\u00f3ire\u00e1il Ketam\u00edn le haghaidh D\u00falagar","description":"Faigh amach faoi ch\u00f3ire\u00e1il ketam\u00edn in \u00c9irinn chun d\u00e9ile\u00e1il le d\u00falagar trom agus pian ainsealach. Eolas clinici\u00fail agus taighde ar \u00fas\u00e1id chlinici\u00fail an druga.","robots":{"index":"index","follow":"follow","max-snippet":"max-snippet:-1","max-image-preview":"max-image-preview:large","max-video-preview":"max-video-preview:-1"},"canonical":"https:\/\/rotexketamshop.com\/nl\/coireail-ketamin-du-lagar-pian-ainsealach\/","og_locale":"nl_NL","og_type":"article","og_title":"C\u00f3ire\u00e1il Ketam\u00edn le haghaidh D\u00falagar","og_description":"Faigh amach faoi ch\u00f3ire\u00e1il ketam\u00edn in \u00c9irinn chun d\u00e9ile\u00e1il le d\u00falagar trom agus pian ainsealach. Eolas clinici\u00fail agus taighde ar \u00fas\u00e1id chlinici\u00fail an druga.","og_url":"https:\/\/rotexketamshop.com\/nl\/coireail-ketamin-du-lagar-pian-ainsealach\/","og_site_name":"Buy Ketamine In Bulk","article_modified_time":"2026-04-02T08:57:52+00:00","og_image":[{"width":1280,"height":960,"url":"https:\/\/rotexketamshop.com\/wp-content\/uploads\/2023\/06\/662e6278-1e02-4a66-b818-aa7a1b19301b.jpg","type":"image\/jpeg"}],"twitter_card":"summary_large_image","twitter_misc":{"Geschatte leestijd":"1 minuut"},"schema":{"@context":"https:\/\/schema.org","@graph":[{"@type":"WebPage","@id":"https:\/\/rotexketamshop.com\/coireail-ketamin-du-lagar-pian-ainsealach\/","url":"https:\/\/rotexketamshop.com\/coireail-ketamin-du-lagar-pian-ainsealach\/","name":"C\u00f3ire\u00e1il Ketam\u00edn le haghaidh D\u00falagar","isPartOf":{"@id":"https:\/\/rotexketamshop.com\/#website"},"primaryImageOfPage":{"@id":"https:\/\/rotexketamshop.com\/coireail-ketamin-du-lagar-pian-ainsealach\/#primaryimage"},"image":{"@id":"https:\/\/rotexketamshop.com\/coireail-ketamin-du-lagar-pian-ainsealach\/#primaryimage"},"thumbnailUrl":"https:\/\/rotexketamshop.com\/wp-content\/uploads\/2023\/06\/662e6278-1e02-4a66-b818-aa7a1b19301b.jpg","datePublished":"2025-08-18T21:25:23+00:00","dateModified":"2026-04-02T08:57:52+00:00","description":"Faigh amach faoi ch\u00f3ire\u00e1il ketam\u00edn in \u00c9irinn chun d\u00e9ile\u00e1il le d\u00falagar trom agus pian ainsealach. Eolas clinici\u00fail agus taighde ar \u00fas\u00e1id chlinici\u00fail an druga.","breadcrumb":{"@id":"https:\/\/rotexketamshop.com\/coireail-ketamin-du-lagar-pian-ainsealach\/#breadcrumb"},"inLanguage":"nl-NL","potentialAction":[{"@type":"ReadAction","target":["https:\/\/rotexketamshop.com\/coireail-ketamin-du-lagar-pian-ainsealach\/"]}]},{"@type":"ImageObject","inLanguage":"nl-NL","@id":"https:\/\/rotexketamshop.com\/coireail-ketamin-du-lagar-pian-ainsealach\/#primaryimage","url":"https:\/\/rotexketamshop.com\/wp-content\/uploads\/2023\/06\/662e6278-1e02-4a66-b818-aa7a1b19301b.jpg","contentUrl":"https:\/\/rotexketamshop.com\/wp-content\/uploads\/2023\/06\/662e6278-1e02-4a66-b818-aa7a1b19301b.jpg","width":1280,"height":960,"caption":"ketam\u00edn, c\u00f3ire\u00e1il ketam\u00edn, ketam\u00edn d\u00falagar, ketam\u00edn pian ainsealach, ketam\u00edn c\u00f3ire\u00e1il \u00c9ire, ketam\u00edn teiripe, ketam\u00edn infusion, ketam\u00edn spray sr\u00f3n, ketam\u00edn druga, ketam\u00edn \u00fas\u00e1id chlinici\u00fail, ketam\u00edn agus inchinn, ketam\u00edn gabhd\u00f3ir\u00ed NMDA, ketam\u00edn i gc\u00f3ire\u00e1il meabhrach, ketam\u00edn pian neuropatach, ketam\u00edn agus sl\u00e1inte meabhrach, ketam\u00edn taighde, ketam\u00edn in ospid\u00e9il, ketam\u00edn do dhaoine f\u00e1sta, ketam\u00edn do dh\u00e9ag\u00f3ir\u00ed, ketam\u00edn agus d\u00falagar trom, ketam\u00edn i bpian ainsealach, ketam\u00edn sa ch\u00f3ras sl\u00e1inte, ketam\u00edn leighis, ketam\u00edn c\u00f3gais\u00edocht, ketam\u00edn agus \u00e9ifeachta\u00ed, ketam\u00edn c\u00f3ire\u00e1il malartach, ketam\u00edn agus ain\u00e9ist\u00e9ise, ketam\u00edn agus PTSD, ketam\u00edn ag othar, ketam\u00edn agus aicme druga\u00ed, ketam\u00edn rialach\u00e1n, ketam\u00edn leighis \u00c9ire, ketam\u00edn agus taighde nua, ketam\u00edn \u00fas\u00e1ide clinici\u00fail, ketam\u00edn othar comhairle, ketam\u00edn agus c\u00f3ire\u00e1il phearsanta, ketam\u00edn agus feabhs\u00fa meabhrach, ketam\u00edn fo-iarsma\u00ed, ketam\u00edn agus teicn\u00edc\u00ed c\u00f3ire\u00e1la, ketam\u00edn agus s\u00edceola\u00edocht."},{"@type":"BreadcrumbList","@id":"https:\/\/rotexketamshop.com\/coireail-ketamin-du-lagar-pian-ainsealach\/#breadcrumb","itemListElement":[{"@type":"ListItem","position":1,"name":"Home","item":"https:\/\/rotexketamshop.com\/"},{"@type":"ListItem","position":2,"name":"C\u00f3ire\u00e1il Ketam\u00edn in \u00c9irinn \u2013 D\u00falagar agus Pian Ainsealach"}]},{"@type":"WebSite","@id":"https:\/\/rotexketamshop.com\/#website","url":"https:\/\/rotexketamshop.com\/","name":"Buy Ketamine In Bulk","description":"Ketamine For Sale Online","potentialAction":[{"@type":"SearchAction","target":{"@type":"EntryPoint","urlTemplate":"https:\/\/rotexketamshop.com\/?s={search_term_string}"},"query-input":{"@type":"PropertyValueSpecification","valueRequired":true,"valueName":"search_term_string"}}],"inLanguage":"nl-NL"}]}},"_links":{"self":[{"href":"https:\/\/rotexketamshop.com\/nl\/wp-json\/wp\/v2\/pages\/851","targetHints":{"allow":["GET"]}}],"collection":[{"href":"https:\/\/rotexketamshop.com\/nl\/wp-json\/wp\/v2\/pages"}],"about":[{"href":"https:\/\/rotexketamshop.com\/nl\/wp-json\/wp\/v2\/types\/page"}],"author":[{"embeddable":true,"href":"https:\/\/rotexketamshop.com\/nl\/wp-json\/wp\/v2\/users\/2"}],"replies":[{"embeddable":true,"href":"https:\/\/rotexketamshop.com\/nl\/wp-json\/wp\/v2\/comments?post=851"}],"version-history":[{"count":5,"href":"https:\/\/rotexketamshop.com\/nl\/wp-json\/wp\/v2\/pages\/851\/revisions"}],"predecessor-version":[{"id":1044,"href":"https:\/\/rotexketamshop.com\/nl\/wp-json\/wp\/v2\/pages\/851\/revisions\/1044"}],"wp:featuredmedia":[{"embeddable":true,"href":"https:\/\/rotexketamshop.com\/nl\/wp-json\/wp\/v2\/media\/373"}],"wp:attachment":[{"href":"https:\/\/rotexketamshop.com\/nl\/wp-json\/wp\/v2\/media?parent=851"}],"curies":[{"name":"wp","href":"https:\/\/api.w.org\/{rel}","templated":true}]}}