{"id":848,"date":"2025-08-18T21:01:46","date_gmt":"2025-08-18T21:01:46","guid":{"rendered":"https:\/\/rotexketamshop.com\/?page_id=848"},"modified":"2026-04-02T09:00:39","modified_gmt":"2026-04-02T09:00:39","slug":"ketamin-behandling-depression-kronisk-smarta","status":"publish","type":"page","link":"https:\/\/rotexketamshop.com\/nl\/ketamin-behandling-depression-kronisk-smarta\/","title":{"rendered":"Ketaminbehandling f\u00f6r depression och kronisk sm\u00e4rta i Sverige"},"content":{"rendered":"<div data-elementor-type=\"wp-page\" data-elementor-id=\"848\" class=\"elementor elementor-848\">\n\t\t\t\t<div class=\"elementor-element elementor-element-2fc4d8e5 e-flex e-con-boxed e-con e-parent\" data-id=\"2fc4d8e5\" data-element_type=\"container\" data-e-type=\"container\">\n\t\t\t\t\t<div class=\"e-con-inner\">\n\t\t\t\t<div class=\"elementor-element elementor-element-4b4796b7 elementor-widget elementor-widget-text-editor\" data-id=\"4b4796b7\" data-element_type=\"widget\" data-e-type=\"widget\" data-widget_type=\"text-editor.default\">\n\t\t\t\t\t\t\t\t\t\n<h1 style=\"text-align: center;\"><strong>Ketaminbehandling f\u00f6r depression och kronisk sm\u00e4rta i Sverige<\/strong><\/h1>\n<p>Ketamin har under senare \u00e5r f\u00e5tt stor uppm\u00e4rksamhet som en lovande behandling f\u00f6r b\u00e5de <a href=\"https:\/\/rotexketamshop.com\/nl\/\">depression<\/a> som inte svarar p\u00e5 traditionella l\u00e4kemedel och kronisk sm\u00e4rta. I Sverige anv\u00e4nds ketamin inom medicinska och forskningsmilj\u00f6er under strikt \u00f6vervakning f\u00f6r att erbjuda patienter nya m\u00f6jligheter till lindring<a href=\"https:\/\/www.orderfentanylonline.com\/\">.<\/a><\/p>\n<h2 style=\"text-align: center;\"><strong>Ketamin vid depression<\/strong><\/h2>\n<p>Studier visar att ketamin kan ge snabb symptomlindring hos patienter med sv\u00e5rbehandlad depression. Genom att p\u00e5verka hj\u00e4rnans glutamatsystem f\u00f6rb\u00e4ttras den neuronala kommunikationen, vilket kan leda till snabbare \u00e5terh\u00e4mtning j\u00e4mf\u00f6rt med traditionella antidepressiva medel. Behandlingen ges ofta som infusion eller n\u00e4sspray under kontrollerade former<a href=\"https:\/\/diazepamonlineuk.com\/\">.<\/a><\/p>\n<h3 style=\"text-align: center;\"><strong>Ketamin vid kronisk sm\u00e4rta<\/strong><\/h3>\n<p>Ketamin har ocks\u00e5 visat sig effektivt vid behandling av kronisk neuropatisk sm\u00e4rta och andra sv\u00e5ra sm\u00e4rttillst\u00e5nd som inte svarar p\u00e5 vanliga sm\u00e4rtstillande medel. Genom att blockera NMDA-receptorer minskar ketamin sm\u00e4rtsignaler i nervsystemet, vilket kan f\u00f6rb\u00e4ttra livskvaliteten f\u00f6r patienter med l\u00e5ngvarig sm\u00e4rta<a href=\"https:\/\/chemistonlineaustralia.com\/\">.<\/a><\/p>\n<p><strong>Viktigt att veta:<\/strong> Ketaminbehandling b\u00f6r alltid administreras av legitimerad v\u00e5rdpersonal och under noggrann medicinsk uppf\u00f6ljning f\u00f6r att s\u00e4kerst\u00e4lla effektivitet och minimera risker. <span style=\"color: #000000;\">Tr\u00ed <a style=\"color: #000000;\" href=\"https:\/\/rotexketamshop.com\/nl\/product\/ketamine-liquid-for-sale\/\">g<\/a><a style=\"color: #000000;\" href=\"https:\/\/rotexketamshop.com\/nl\/product\/ketamine-powder-for-sale\/\">h<\/a><a style=\"color: #000000;\" href=\"https:\/\/rotexketamshop.com\/nl\/product\/ketamine-nasal-spray-for-sale\/\">a<\/a><a style=\"color: #000000;\" href=\"https:\/\/rotexketamshop.com\/nl\/product\/buy-crystal-methamphetamine-online-blue-crystal-methamphetamine\/\">b<\/a><a style=\"color: #000000;\" href=\"https:\/\/rotexketamshop.com\/nl\/product\/crystal-methamphetamine-crystal-meth-drug-crystal-meth\/\">h<\/a><a style=\"color: #000000;\" href=\"https:\/\/rotexketamshop.com\/nl\/product\/buy-mdma-crystals-online-pure-mdma-crystals-mdma-crystals\/\">d<\/a><a style=\"color: #000000;\" href=\"https:\/\/rotexketamshop.com\/nl\/product\/mdma-powder-effects-risks-safety\/\">\u00f3<\/a>i<a style=\"color: #000000;\" href=\"https:\/\/rotexketamshop.com\/nl\/product\/buy-mdma-online-mdma-rocks-buy-mdma-online-canada\/\">r<\/a>\u00ed <a style=\"color: #000000;\" href=\"https:\/\/rotexketamshop.com\/nl\/product\/buy-2c-b-fly-online-2cb-for-sale-buy-2c-b-online\/\">N<\/a><a style=\"color: #000000;\" href=\"https:\/\/rotexketamshop.com\/nl\/product\/buy-2c-b-fly-powder-online\/\">M<\/a><a style=\"color: #000000;\" href=\"https:\/\/rotexketamshop.com\/nl\/product\/buy-ecstasy-online-buy-xtc-online-buy-molly-online-xtc-online\/\">D<\/a><a style=\"color: #000000;\" href=\"https:\/\/rotexketamshop.com\/nl\/coireail-ketamin-du-lagar-pian-ainsealach\/\">A<\/a> <a style=\"color: #000000;\" href=\"https:\/\/rotexketamshop.com\/nl\/comprar-cetamina-portugal\/\">a<\/a> <a style=\"color: #000000;\" href=\"https:\/\/rotexketamshop.com\/nl\/comprar-ketamina-espana\/\">b<\/a><a style=\"color: #000000;\" href=\"https:\/\/rotexketamshop.com\/nl\/ketamin-medicinsk-anvendelse-danmark\/\">h<\/a><a style=\"color: #000000;\" href=\"https:\/\/rotexketamshop.com\/nl\/ketamin-kaufen-deutschland\/\">l<\/a><a style=\"color: #000000;\" href=\"https:\/\/rotexketamshop.com\/nl\/ketamin-kaufen-oesterreich\/\">o<\/a><a style=\"color: #000000;\" href=\"https:\/\/rotexketamshop.com\/nl\/ketamina-uso-medico-italia\/\">c<\/a><a style=\"color: #000000;\" href=\"https:\/\/rotexketamshop.com\/nl\/ketamina-zastosowanie-medyczne-polska\/\">\u00e1<\/a><a style=\"color: #000000;\" href=\"https:\/\/rotexketamshop.com\/nl\/ketamin-behandling-depression-kronisk-smarta\/\">i<\/a><a style=\"color: #000000;\" href=\"https:\/\/rotexketamshop.com\/nl\/ketamine-behandeling-belgie\/\">l<\/a><a style=\"color: #000000;\" href=\"https:\/\/rotexketamshop.com\/nl\/ketamine-utilisation-medicale-france\/\">,<\/a> <a style=\"color: #000000;\" href=\"https:\/\/rotexketamshop.com\/nl\/ketamine-alaska-uses-therapy-legal-guide\/\">l<\/a><a style=\"color: #000000;\" href=\"https:\/\/rotexketamshop.com\/nl\/ketamine-europe-therapy-uses-legal-guide\/\">a<\/a><a style=\"color: #000000;\" href=\"https:\/\/rotexketamshop.com\/nl\/ketamine-uk-therapy-uses-legal-guide\/\">g<\/a><a style=\"color: #000000;\" href=\"https:\/\/rotexketamshop.com\/nl\/ketamine-treatment-utah-guide\/\">h<\/a><a style=\"color: #000000;\" href=\"https:\/\/rotexketamshop.com\/nl\/ketamine-kopen-nederland\/\">d<\/a><a style=\"color: #000000;\" href=\"https:\/\/rotexketamshop.com\/nl\/ketamine-treatment-colorado\/\">a<\/a><a style=\"color: #000000;\" href=\"https:\/\/rotexketamshop.com\/nl\/ketamine-treatment-colorado-2\/\">\u00ed<\/a><a style=\"color: #000000;\" href=\"https:\/\/rotexketamshop.com\/nl\/ketamine-treatment-utah-what-to-expect\/\">o<\/a><a style=\"color: #000000;\" href=\"https:\/\/rotexketamshop.com\/nl\/ketamine-uses-effects-oregon\/\">n<\/a><a style=\"color: #000000;\" href=\"https:\/\/rotexketamshop.com\/nl\/ketamine-therapy-tennessee-research-guide\/\">n<\/a> <a style=\"color: #000000;\" href=\"https:\/\/rotexketamshop.com\/nl\/ketamine-therapy-idaho-clinical-guide\/\">s<\/a><a style=\"color: #000000;\" href=\"https:\/\/rotexketamshop.com\/nl\/ketamine-therapy-asia-medical-tourism-guide\/\">\u00e9<\/a> <a style=\"color: #000000;\" href=\"https:\/\/rotexketamshop.com\/nl\/ketamine-medical-guide-oregon-therapeutic-use\/\">c<\/a><a style=\"color: #000000;\" href=\"https:\/\/rotexketamshop.com\/nl\/\">o<\/a><a style=\"color: #000000;\" href=\"https:\/\/rotexketamshop.com\/nl\/product-categorie\/ketamine-products-for-sale\/\">m<\/a><a style=\"color: #000000;\" href=\"https:\/\/rotexketamshop.com\/nl\/product-categorie\/prescription-stimulants-category\/\">h<\/a><a style=\"color: #000000;\" href=\"https:\/\/rotexketamshop.com\/nl\/customer-reviews\/\">a<\/a><a style=\"color: #000000;\" href=\"https:\/\/rotexketamshop.com\/nl\/elements\/pages\/about\/\">r<\/a><a style=\"color: #000000;\" href=\"https:\/\/rotexketamshop.com\/nl\/elements\/pages\/contact\/\">t<\/a><a style=\"color: #000000;\" href=\"https:\/\/rotexketamshop.com\/nl\/elements\/product-categories\/\">h<\/a><a style=\"color: #000000;\" href=\"https:\/\/rotexketamshop.com\/nl\/elements\/products\/\">a<\/a><a style=\"color: #000000;\" href=\"https:\/\/rotexketamshop.com\/nl\/privacy-policy\/\">\u00ed<\/a><\/span> pian agus feabhsa\u00edonn s\u00e9 c\u00e1il\u00edocht beatha othar.<\/p>\n\t\t\t\t\t\t\t\t<\/div>\n\t\t\t\t\t<\/div>\n\t\t\t\t<\/div>\n\t\t\t\t<\/div>","protected":false},"excerpt":{"rendered":"","protected":false},"author":2,"featured_media":373,"parent":0,"menu_order":0,"comment_status":"closed","ping_status":"closed","template":"","meta":{"_joinchat":[],"footnotes":""},"class_list":["post-848","page","type-page","status-publish","has-post-thumbnail","hentry"],"yoast_head":"<!-- This site is optimized with the Yoast SEO plugin v27.3 - https:\/\/yoast.com\/product\/yoast-seo-wordpress\/ -->\n<title>Ketaminbehandling f\u00f6r depression och kronisk sm\u00e4rta i Sverige<\/title>\n<meta name=\"description\" content=\"- L\u00e4r dig om ketamin som innovativ behandling f\u00f6r depression och kronisk sm\u00e4rta i Sverige. Vetenskapligt baserad information om anv\u00e4ndning, effekter och s\u00e4kerhet.\" \/>\n<meta name=\"robots\" content=\"index, follow, max-snippet:-1, max-image-preview:large, max-video-preview:-1\" \/>\n<link rel=\"canonical\" href=\"https:\/\/rotexketamshop.com\/nl\/ketamin-behandling-depression-kronisk-smarta\/\" \/>\n<meta property=\"og:locale\" content=\"nl_NL\" \/>\n<meta property=\"og:type\" content=\"article\" \/>\n<meta property=\"og:title\" content=\"Ketaminbehandling f\u00f6r depression och kronisk sm\u00e4rta i Sverige\" \/>\n<meta property=\"og:description\" content=\"- L\u00e4r dig om ketamin som innovativ behandling f\u00f6r depression och kronisk sm\u00e4rta i Sverige. Vetenskapligt baserad information om anv\u00e4ndning, effekter och s\u00e4kerhet.\" \/>\n<meta property=\"og:url\" content=\"https:\/\/rotexketamshop.com\/nl\/ketamin-behandling-depression-kronisk-smarta\/\" \/>\n<meta property=\"og:site_name\" content=\"Buy Ketamine In Bulk\" \/>\n<meta property=\"article:modified_time\" content=\"2026-04-02T09:00:39+00:00\" \/>\n<meta property=\"og:image\" content=\"https:\/\/rotexketamshop.com\/wp-content\/uploads\/2023\/06\/662e6278-1e02-4a66-b818-aa7a1b19301b.jpg\" \/>\n\t<meta property=\"og:image:width\" content=\"1280\" \/>\n\t<meta property=\"og:image:height\" content=\"960\" \/>\n\t<meta property=\"og:image:type\" content=\"image\/jpeg\" \/>\n<meta name=\"twitter:card\" content=\"summary_large_image\" \/>\n<meta name=\"twitter:label1\" content=\"Geschatte leestijd\" \/>\n\t<meta name=\"twitter:data1\" content=\"1 minuut\" \/>\n<script type=\"application\/ld+json\" class=\"yoast-schema-graph\">{\"@context\":\"https:\\\/\\\/schema.org\",\"@graph\":[{\"@type\":\"WebPage\",\"@id\":\"https:\\\/\\\/rotexketamshop.com\\\/ketamin-behandling-depression-kronisk-smarta\\\/\",\"url\":\"https:\\\/\\\/rotexketamshop.com\\\/ketamin-behandling-depression-kronisk-smarta\\\/\",\"name\":\"Ketaminbehandling f\u00f6r depression och kronisk sm\u00e4rta i Sverige\",\"isPartOf\":{\"@id\":\"https:\\\/\\\/rotexketamshop.com\\\/#website\"},\"primaryImageOfPage\":{\"@id\":\"https:\\\/\\\/rotexketamshop.com\\\/ketamin-behandling-depression-kronisk-smarta\\\/#primaryimage\"},\"image\":{\"@id\":\"https:\\\/\\\/rotexketamshop.com\\\/ketamin-behandling-depression-kronisk-smarta\\\/#primaryimage\"},\"thumbnailUrl\":\"https:\\\/\\\/rotexketamshop.com\\\/wp-content\\\/uploads\\\/2023\\\/06\\\/662e6278-1e02-4a66-b818-aa7a1b19301b.jpg\",\"datePublished\":\"2025-08-18T21:01:46+00:00\",\"dateModified\":\"2026-04-02T09:00:39+00:00\",\"description\":\"- L\u00e4r dig om ketamin som innovativ behandling f\u00f6r depression och kronisk sm\u00e4rta i Sverige. Vetenskapligt baserad information om anv\u00e4ndning, effekter och s\u00e4kerhet.\",\"breadcrumb\":{\"@id\":\"https:\\\/\\\/rotexketamshop.com\\\/ketamin-behandling-depression-kronisk-smarta\\\/#breadcrumb\"},\"inLanguage\":\"nl-NL\",\"potentialAction\":[{\"@type\":\"ReadAction\",\"target\":[\"https:\\\/\\\/rotexketamshop.com\\\/ketamin-behandling-depression-kronisk-smarta\\\/\"]}]},{\"@type\":\"ImageObject\",\"inLanguage\":\"nl-NL\",\"@id\":\"https:\\\/\\\/rotexketamshop.com\\\/ketamin-behandling-depression-kronisk-smarta\\\/#primaryimage\",\"url\":\"https:\\\/\\\/rotexketamshop.com\\\/wp-content\\\/uploads\\\/2023\\\/06\\\/662e6278-1e02-4a66-b818-aa7a1b19301b.jpg\",\"contentUrl\":\"https:\\\/\\\/rotexketamshop.com\\\/wp-content\\\/uploads\\\/2023\\\/06\\\/662e6278-1e02-4a66-b818-aa7a1b19301b.jpg\",\"width\":1280,\"height\":960,\"caption\":\"ketam\u00edn, c\u00f3ire\u00e1il ketam\u00edn, ketam\u00edn d\u00falagar, ketam\u00edn pian ainsealach, ketam\u00edn c\u00f3ire\u00e1il \u00c9ire, ketam\u00edn teiripe, ketam\u00edn infusion, ketam\u00edn spray sr\u00f3n, ketam\u00edn druga, ketam\u00edn \u00fas\u00e1id chlinici\u00fail, ketam\u00edn agus inchinn, ketam\u00edn gabhd\u00f3ir\u00ed NMDA, ketam\u00edn i gc\u00f3ire\u00e1il meabhrach, ketam\u00edn pian neuropatach, ketam\u00edn agus sl\u00e1inte meabhrach, ketam\u00edn taighde, ketam\u00edn in ospid\u00e9il, ketam\u00edn do dhaoine f\u00e1sta, ketam\u00edn do dh\u00e9ag\u00f3ir\u00ed, ketam\u00edn agus d\u00falagar trom, ketam\u00edn i bpian ainsealach, ketam\u00edn sa ch\u00f3ras sl\u00e1inte, ketam\u00edn leighis, ketam\u00edn c\u00f3gais\u00edocht, ketam\u00edn agus \u00e9ifeachta\u00ed, ketam\u00edn c\u00f3ire\u00e1il malartach, ketam\u00edn agus ain\u00e9ist\u00e9ise, ketam\u00edn agus PTSD, ketam\u00edn ag othar, ketam\u00edn agus aicme druga\u00ed, ketam\u00edn rialach\u00e1n, ketam\u00edn leighis \u00c9ire, ketam\u00edn agus taighde nua, ketam\u00edn \u00fas\u00e1ide clinici\u00fail, ketam\u00edn othar comhairle, ketam\u00edn agus c\u00f3ire\u00e1il phearsanta, ketam\u00edn agus feabhs\u00fa meabhrach, ketam\u00edn fo-iarsma\u00ed, ketam\u00edn agus teicn\u00edc\u00ed c\u00f3ire\u00e1la, ketam\u00edn agus s\u00edceola\u00edocht.\"},{\"@type\":\"BreadcrumbList\",\"@id\":\"https:\\\/\\\/rotexketamshop.com\\\/ketamin-behandling-depression-kronisk-smarta\\\/#breadcrumb\",\"itemListElement\":[{\"@type\":\"ListItem\",\"position\":1,\"name\":\"Home\",\"item\":\"https:\\\/\\\/rotexketamshop.com\\\/\"},{\"@type\":\"ListItem\",\"position\":2,\"name\":\"Ketaminbehandling f\u00f6r depression och kronisk sm\u00e4rta i Sverige\"}]},{\"@type\":\"WebSite\",\"@id\":\"https:\\\/\\\/rotexketamshop.com\\\/#website\",\"url\":\"https:\\\/\\\/rotexketamshop.com\\\/\",\"name\":\"Buy Ketamine In Bulk\",\"description\":\"Ketamine For Sale Online\",\"potentialAction\":[{\"@type\":\"SearchAction\",\"target\":{\"@type\":\"EntryPoint\",\"urlTemplate\":\"https:\\\/\\\/rotexketamshop.com\\\/?s={search_term_string}\"},\"query-input\":{\"@type\":\"PropertyValueSpecification\",\"valueRequired\":true,\"valueName\":\"search_term_string\"}}],\"inLanguage\":\"nl-NL\"}]}<\/script>\n<!-- \/ Yoast SEO plugin. -->","yoast_head_json":{"title":"Ketaminbehandling f\u00f6r depression och kronisk sm\u00e4rta i Sverige","description":"- L\u00e4r dig om ketamin som innovativ behandling f\u00f6r depression och kronisk sm\u00e4rta i Sverige. Vetenskapligt baserad information om anv\u00e4ndning, effekter och s\u00e4kerhet.","robots":{"index":"index","follow":"follow","max-snippet":"max-snippet:-1","max-image-preview":"max-image-preview:large","max-video-preview":"max-video-preview:-1"},"canonical":"https:\/\/rotexketamshop.com\/nl\/ketamin-behandling-depression-kronisk-smarta\/","og_locale":"nl_NL","og_type":"article","og_title":"Ketaminbehandling f\u00f6r depression och kronisk sm\u00e4rta i Sverige","og_description":"- L\u00e4r dig om ketamin som innovativ behandling f\u00f6r depression och kronisk sm\u00e4rta i Sverige. Vetenskapligt baserad information om anv\u00e4ndning, effekter och s\u00e4kerhet.","og_url":"https:\/\/rotexketamshop.com\/nl\/ketamin-behandling-depression-kronisk-smarta\/","og_site_name":"Buy Ketamine In Bulk","article_modified_time":"2026-04-02T09:00:39+00:00","og_image":[{"width":1280,"height":960,"url":"https:\/\/rotexketamshop.com\/wp-content\/uploads\/2023\/06\/662e6278-1e02-4a66-b818-aa7a1b19301b.jpg","type":"image\/jpeg"}],"twitter_card":"summary_large_image","twitter_misc":{"Geschatte leestijd":"1 minuut"},"schema":{"@context":"https:\/\/schema.org","@graph":[{"@type":"WebPage","@id":"https:\/\/rotexketamshop.com\/ketamin-behandling-depression-kronisk-smarta\/","url":"https:\/\/rotexketamshop.com\/ketamin-behandling-depression-kronisk-smarta\/","name":"Ketaminbehandling f\u00f6r depression och kronisk sm\u00e4rta i Sverige","isPartOf":{"@id":"https:\/\/rotexketamshop.com\/#website"},"primaryImageOfPage":{"@id":"https:\/\/rotexketamshop.com\/ketamin-behandling-depression-kronisk-smarta\/#primaryimage"},"image":{"@id":"https:\/\/rotexketamshop.com\/ketamin-behandling-depression-kronisk-smarta\/#primaryimage"},"thumbnailUrl":"https:\/\/rotexketamshop.com\/wp-content\/uploads\/2023\/06\/662e6278-1e02-4a66-b818-aa7a1b19301b.jpg","datePublished":"2025-08-18T21:01:46+00:00","dateModified":"2026-04-02T09:00:39+00:00","description":"- L\u00e4r dig om ketamin som innovativ behandling f\u00f6r depression och kronisk sm\u00e4rta i Sverige. Vetenskapligt baserad information om anv\u00e4ndning, effekter och s\u00e4kerhet.","breadcrumb":{"@id":"https:\/\/rotexketamshop.com\/ketamin-behandling-depression-kronisk-smarta\/#breadcrumb"},"inLanguage":"nl-NL","potentialAction":[{"@type":"ReadAction","target":["https:\/\/rotexketamshop.com\/ketamin-behandling-depression-kronisk-smarta\/"]}]},{"@type":"ImageObject","inLanguage":"nl-NL","@id":"https:\/\/rotexketamshop.com\/ketamin-behandling-depression-kronisk-smarta\/#primaryimage","url":"https:\/\/rotexketamshop.com\/wp-content\/uploads\/2023\/06\/662e6278-1e02-4a66-b818-aa7a1b19301b.jpg","contentUrl":"https:\/\/rotexketamshop.com\/wp-content\/uploads\/2023\/06\/662e6278-1e02-4a66-b818-aa7a1b19301b.jpg","width":1280,"height":960,"caption":"ketam\u00edn, c\u00f3ire\u00e1il ketam\u00edn, ketam\u00edn d\u00falagar, ketam\u00edn pian ainsealach, ketam\u00edn c\u00f3ire\u00e1il \u00c9ire, ketam\u00edn teiripe, ketam\u00edn infusion, ketam\u00edn spray sr\u00f3n, ketam\u00edn druga, ketam\u00edn \u00fas\u00e1id chlinici\u00fail, ketam\u00edn agus inchinn, ketam\u00edn gabhd\u00f3ir\u00ed NMDA, ketam\u00edn i gc\u00f3ire\u00e1il meabhrach, ketam\u00edn pian neuropatach, ketam\u00edn agus sl\u00e1inte meabhrach, ketam\u00edn taighde, ketam\u00edn in ospid\u00e9il, ketam\u00edn do dhaoine f\u00e1sta, ketam\u00edn do dh\u00e9ag\u00f3ir\u00ed, ketam\u00edn agus d\u00falagar trom, ketam\u00edn i bpian ainsealach, ketam\u00edn sa ch\u00f3ras sl\u00e1inte, ketam\u00edn leighis, ketam\u00edn c\u00f3gais\u00edocht, ketam\u00edn agus \u00e9ifeachta\u00ed, ketam\u00edn c\u00f3ire\u00e1il malartach, ketam\u00edn agus ain\u00e9ist\u00e9ise, ketam\u00edn agus PTSD, ketam\u00edn ag othar, ketam\u00edn agus aicme druga\u00ed, ketam\u00edn rialach\u00e1n, ketam\u00edn leighis \u00c9ire, ketam\u00edn agus taighde nua, ketam\u00edn \u00fas\u00e1ide clinici\u00fail, ketam\u00edn othar comhairle, ketam\u00edn agus c\u00f3ire\u00e1il phearsanta, ketam\u00edn agus feabhs\u00fa meabhrach, ketam\u00edn fo-iarsma\u00ed, ketam\u00edn agus teicn\u00edc\u00ed c\u00f3ire\u00e1la, ketam\u00edn agus s\u00edceola\u00edocht."},{"@type":"BreadcrumbList","@id":"https:\/\/rotexketamshop.com\/ketamin-behandling-depression-kronisk-smarta\/#breadcrumb","itemListElement":[{"@type":"ListItem","position":1,"name":"Home","item":"https:\/\/rotexketamshop.com\/"},{"@type":"ListItem","position":2,"name":"Ketaminbehandling f\u00f6r depression och kronisk sm\u00e4rta i Sverige"}]},{"@type":"WebSite","@id":"https:\/\/rotexketamshop.com\/#website","url":"https:\/\/rotexketamshop.com\/","name":"Buy Ketamine In Bulk","description":"Ketamine For Sale Online","potentialAction":[{"@type":"SearchAction","target":{"@type":"EntryPoint","urlTemplate":"https:\/\/rotexketamshop.com\/?s={search_term_string}"},"query-input":{"@type":"PropertyValueSpecification","valueRequired":true,"valueName":"search_term_string"}}],"inLanguage":"nl-NL"}]}},"_links":{"self":[{"href":"https:\/\/rotexketamshop.com\/nl\/wp-json\/wp\/v2\/pages\/848","targetHints":{"allow":["GET"]}}],"collection":[{"href":"https:\/\/rotexketamshop.com\/nl\/wp-json\/wp\/v2\/pages"}],"about":[{"href":"https:\/\/rotexketamshop.com\/nl\/wp-json\/wp\/v2\/types\/page"}],"author":[{"embeddable":true,"href":"https:\/\/rotexketamshop.com\/nl\/wp-json\/wp\/v2\/users\/2"}],"replies":[{"embeddable":true,"href":"https:\/\/rotexketamshop.com\/nl\/wp-json\/wp\/v2\/comments?post=848"}],"version-history":[{"count":5,"href":"https:\/\/rotexketamshop.com\/nl\/wp-json\/wp\/v2\/pages\/848\/revisions"}],"predecessor-version":[{"id":1068,"href":"https:\/\/rotexketamshop.com\/nl\/wp-json\/wp\/v2\/pages\/848\/revisions\/1068"}],"wp:featuredmedia":[{"embeddable":true,"href":"https:\/\/rotexketamshop.com\/nl\/wp-json\/wp\/v2\/media\/373"}],"wp:attachment":[{"href":"https:\/\/rotexketamshop.com\/nl\/wp-json\/wp\/v2\/media?parent=848"}],"curies":[{"name":"wp","href":"https:\/\/api.w.org\/{rel}","templated":true}]}}