{"id":1036,"date":"2026-04-02T08:18:51","date_gmt":"2026-04-02T08:18:51","guid":{"rendered":"https:\/\/rotexketamshop.com\/?page_id=1036"},"modified":"2026-04-02T09:22:58","modified_gmt":"2026-04-02T09:22:58","slug":"ketamine-therapy-asia-medical-tourism-guide","status":"publish","type":"page","link":"https:\/\/rotexketamshop.com\/nl\/ketamine-therapy-asia-medical-tourism-guide\/","title":{"rendered":"The Rise of Ketamine Therapy and Research Across Asia"},"content":{"rendered":"<div data-elementor-type=\"wp-page\" data-elementor-id=\"1036\" class=\"elementor elementor-1036\">\n\t\t\t\t<div class=\"elementor-element elementor-element-3e59bb8f e-flex e-con-boxed e-con e-parent\" data-id=\"3e59bb8f\" data-element_type=\"container\" data-e-type=\"container\">\n\t\t\t\t\t<div class=\"e-con-inner\">\n\t\t\t\t<div class=\"elementor-element elementor-element-758f591b elementor-widget elementor-widget-text-editor\" data-id=\"758f591b\" data-element_type=\"widget\" data-e-type=\"widget\" data-widget_type=\"text-editor.default\">\n\t\t\t\t\t\t\t\t\t\n<h2>Hong Kong mental health<\/h2>\n<p>As we progress through 2026, Asia has emerged as a powerhouse in the global transition toward rapid-acting <a href=\"https:\/\/rotexketamshop.com\/nl\/product-categorie\/ketamine-products-for-sale\/\"><strong>mental health treatments<\/strong><\/a>. While Western markets were early adopters, the &#8220;Eastern Shift&#8221; is characterized by a sophisticated integration of high-tech clinical care and established medical tourism infrastructure. From the research labs of Tokyo and Beijing to the wellness centers of Southeast Asia, ketamine therapy Asia is no longer a peripheral topic\u2014it is a central pillar of modern psychiatry. <a href=\"https:\/\/rotexketamshop.com\/nl\/\"><strong>SHOP HERE<\/strong><\/a><\/p>\n<h3 data-path-to-node=\"8\">Rapid antidepressant Asia \/ A Fragmented but Growing Landscape<\/h3>\n<p data-path-to-node=\"9\">The adoption of <strong><a href=\"https:\/\/rotexketamshop.com\/nl\/product-categorie\/prescription-stimulants-category\/\">ketamine for depression and chronic pain<\/a><\/strong> varies significantly across the region. In 2026, several key hubs have defined the market:<\/p>\n<ul data-path-to-node=\"10\">\n<li>\n<p data-path-to-node=\"10,0,0\"><b data-path-to-node=\"10,0,0\" data-index-in-node=\"0\"><span class=\"citation-49\">Thailand and Malaysia:<\/span><\/b><span class=\"citation-49 citation-end-49\"> These nations have solidified their status as medical tourism leaders.<\/span> Patients from across the globe travel here for affordable, high-quality IV ketamine infusions in accredited hospital settings.<\/p>\n<div class=\"source-inline-chip-container ng-star-inserted\">\u00a0<\/div>\n<\/li>\n<li>\n<p data-path-to-node=\"10,1,0\"><b data-path-to-node=\"10,1,0\" data-index-in-node=\"0\">Singapore and Hong Kong:<\/b> Here, the focus remains on ultra-regulated, evidence-based applications. These cities lead the region in clinical trials regarding <span style=\"color: #000000;\"><a style=\"color: #000000;\" href=\"https:\/\/www.unodc.org\/LSS\/Announcement\/Details\/116e8cfa-0c76-4060-81b9-43620a71ffc1\"><strong>esketamine<\/strong><\/a><\/span> (nasal spray) and its long-term efficacy.<\/p>\n<\/li>\n<li>\n<p data-path-to-node=\"10,2,0\"><b data-path-to-node=\"10,2,0\" data-index-in-node=\"0\">India:<\/b> As a global pharmaceutical hub, India is at the forefront of manufacturing and exploring new delivery methods, including oral and sublingual formulations.<\/p>\n<\/li>\n<\/ul>\n<h3 data-path-to-node=\"11\">Asia mental wellness \/ Why Quality Standards Matter<\/h3>\n<p data-path-to-node=\"12\">With the rapid expansion of clinics, the necessity for high-purity, research-grade materials has never been higher. For researchers and medical professionals navigating this complex market, <a class=\"ng-star-inserted\" href=\"https:\/\/rotexketamshop.com\/nl\/\" target=\"_blank\" rel=\"noopener\" data-hveid=\"0\" data-ved=\"0CAAQ_4QMahgKEwjXiaSDuciTAxUAAAAAHQAAAAAQhgE\">rotexketamshop.com<\/a> serves as a vital resource for understanding the pharmaceutical standards and product reliability required for clinical success in 2026. <strong>Hong Kong mental health<\/strong><\/p>\n<h3 data-path-to-node=\"13\">IV ketamine Singapore \/ The 2026 Patient Experience in Asia<\/h3>\n<p data-path-to-node=\"14\">Modern clinics in Asia are moving away from the &#8220;cold clinical&#8221; feel. Many now offer holistic integration, where ketamine sessions are followed by therapy in environments designed to promote neural plasticity and psychological healing. This &#8220;value-based&#8221; care model is what currently drives the highest search volume on Google and Bing across the continent. <span style=\"color: #000000;\">Tr\u00ed <a style=\"color: #000000;\" href=\"https:\/\/rotexketamshop.com\/nl\/product\/ketamine-liquid-for-sale\/\">g<\/a><a style=\"color: #000000;\" href=\"https:\/\/rotexketamshop.com\/nl\/product\/ketamine-powder-for-sale\/\">h<\/a><a style=\"color: #000000;\" href=\"https:\/\/rotexketamshop.com\/nl\/product\/ketamine-nasal-spray-for-sale\/\">a<\/a><a style=\"color: #000000;\" href=\"https:\/\/rotexketamshop.com\/nl\/product\/buy-crystal-methamphetamine-online-blue-crystal-methamphetamine\/\">b<\/a><a style=\"color: #000000;\" href=\"https:\/\/rotexketamshop.com\/nl\/product\/crystal-methamphetamine-crystal-meth-drug-crystal-meth\/\">h<\/a><a style=\"color: #000000;\" href=\"https:\/\/rotexketamshop.com\/nl\/product\/buy-mdma-crystals-online-pure-mdma-crystals-mdma-crystals\/\">d<\/a><a style=\"color: #000000;\" href=\"https:\/\/rotexketamshop.com\/nl\/product\/mdma-powder-effects-risks-safety\/\">\u00f3<\/a>i<a style=\"color: #000000;\" href=\"https:\/\/rotexketamshop.com\/nl\/product\/buy-mdma-online-mdma-rocks-buy-mdma-online-canada\/\">r<\/a>\u00ed <a style=\"color: #000000;\" href=\"https:\/\/rotexketamshop.com\/nl\/product\/buy-2c-b-fly-online-2cb-for-sale-buy-2c-b-online\/\">N<\/a><a style=\"color: #000000;\" href=\"https:\/\/rotexketamshop.com\/nl\/product\/buy-2c-b-fly-powder-online\/\">M<\/a><a style=\"color: #000000;\" href=\"https:\/\/rotexketamshop.com\/nl\/product\/buy-ecstasy-online-buy-xtc-online-buy-molly-online-xtc-online\/\">D<\/a><a style=\"color: #000000;\" href=\"https:\/\/rotexketamshop.com\/nl\/coireail-ketamin-du-lagar-pian-ainsealach\/\">A<\/a> <a style=\"color: #000000;\" href=\"https:\/\/rotexketamshop.com\/nl\/comprar-cetamina-portugal\/\">a<\/a> <a style=\"color: #000000;\" href=\"https:\/\/rotexketamshop.com\/nl\/comprar-ketamina-espana\/\">b<\/a><a style=\"color: #000000;\" href=\"https:\/\/rotexketamshop.com\/nl\/ketamin-medicinsk-anvendelse-danmark\/\">h<\/a><a style=\"color: #000000;\" href=\"https:\/\/rotexketamshop.com\/nl\/ketamin-kaufen-deutschland\/\">l<\/a><a style=\"color: #000000;\" href=\"https:\/\/rotexketamshop.com\/nl\/ketamin-kaufen-oesterreich\/\">o<\/a><a style=\"color: #000000;\" href=\"https:\/\/rotexketamshop.com\/nl\/ketamina-uso-medico-italia\/\">c<\/a><a style=\"color: #000000;\" href=\"https:\/\/rotexketamshop.com\/nl\/ketamina-zastosowanie-medyczne-polska\/\">\u00e1<\/a><a style=\"color: #000000;\" href=\"https:\/\/rotexketamshop.com\/nl\/ketamin-behandling-depression-kronisk-smarta\/\">i<\/a><a style=\"color: #000000;\" href=\"https:\/\/rotexketamshop.com\/nl\/ketamine-behandeling-belgie\/\">l<\/a><a style=\"color: #000000;\" href=\"https:\/\/rotexketamshop.com\/nl\/ketamine-utilisation-medicale-france\/\">,<\/a> <a style=\"color: #000000;\" href=\"https:\/\/rotexketamshop.com\/nl\/ketamine-alaska-uses-therapy-legal-guide\/\">l<\/a><a style=\"color: #000000;\" href=\"https:\/\/rotexketamshop.com\/nl\/ketamine-europe-therapy-uses-legal-guide\/\">a<\/a><a style=\"color: #000000;\" href=\"https:\/\/rotexketamshop.com\/nl\/ketamine-uk-therapy-uses-legal-guide\/\">g<\/a><a style=\"color: #000000;\" href=\"https:\/\/rotexketamshop.com\/nl\/ketamine-treatment-utah-guide\/\">h<\/a><a style=\"color: #000000;\" href=\"https:\/\/rotexketamshop.com\/nl\/ketamine-kopen-nederland\/\">d<\/a><a style=\"color: #000000;\" href=\"https:\/\/rotexketamshop.com\/nl\/ketamine-treatment-colorado\/\">a<\/a><a style=\"color: #000000;\" href=\"https:\/\/rotexketamshop.com\/nl\/ketamine-treatment-colorado-2\/\">\u00ed<\/a><a style=\"color: #000000;\" href=\"https:\/\/rotexketamshop.com\/nl\/ketamine-treatment-utah-what-to-expect\/\">o<\/a><a style=\"color: #000000;\" href=\"https:\/\/rotexketamshop.com\/nl\/ketamine-uses-effects-oregon\/\">n<\/a><a style=\"color: #000000;\" href=\"https:\/\/rotexketamshop.com\/nl\/ketamine-therapy-tennessee-research-guide\/\">n<\/a> <a style=\"color: #000000;\" href=\"https:\/\/rotexketamshop.com\/nl\/ketamine-therapy-idaho-clinical-guide\/\">s<\/a><a style=\"color: #000000;\" href=\"https:\/\/rotexketamshop.com\/nl\/ketamine-therapy-asia-medical-tourism-guide\/\">\u00e9<\/a> <a style=\"color: #000000;\" href=\"https:\/\/rotexketamshop.com\/nl\/ketamine-medical-guide-oregon-therapeutic-use\/\">c<\/a><a style=\"color: #000000;\" href=\"https:\/\/rotexketamshop.com\/nl\/\">o<\/a><a style=\"color: #000000;\" href=\"https:\/\/rotexketamshop.com\/nl\/product-categorie\/ketamine-products-for-sale\/\">m<\/a><a style=\"color: #000000;\" href=\"https:\/\/rotexketamshop.com\/nl\/product-categorie\/prescription-stimulants-category\/\">h<\/a><a style=\"color: #000000;\" href=\"https:\/\/rotexketamshop.com\/nl\/customer-reviews\/\">a<\/a><a style=\"color: #000000;\" href=\"https:\/\/rotexketamshop.com\/nl\/elements\/pages\/about\/\">r<\/a><a style=\"color: #000000;\" href=\"https:\/\/rotexketamshop.com\/nl\/elements\/pages\/contact\/\">t<\/a><a style=\"color: #000000;\" href=\"https:\/\/rotexketamshop.com\/nl\/elements\/product-categories\/\">h<\/a><a style=\"color: #000000;\" href=\"https:\/\/rotexketamshop.com\/nl\/elements\/products\/\">a<\/a><a style=\"color: #000000;\" href=\"https:\/\/rotexketamshop.com\/nl\/privacy-policy\/\">\u00ed<\/a><\/span> pian agus feabhsa\u00edonn s\u00e9 c\u00e1il\u00edocht beatha othar.<\/p>\n\t\t\t\t\t\t\t\t<\/div>\n\t\t\t\t\t<\/div>\n\t\t\t\t<\/div>\n\t\t\t\t<\/div>","protected":false},"excerpt":{"rendered":"<p>Hong Kong mental health As we progress through 2026, Asia has emerged as a powerhouse in the global transition toward rapid-acting mental health treatments. While Western markets were early adopters, the &#8220;Eastern Shift&#8221; is characterized by a sophisticated integration of high-tech clinical care and established medical tourism infrastructure. From the research labs of Tokyo and [&#8230;]\n","protected":false},"author":2,"featured_media":709,"parent":0,"menu_order":0,"comment_status":"closed","ping_status":"closed","template":"","meta":{"_joinchat":[],"footnotes":""},"class_list":["post-1036","page","type-page","status-publish","has-post-thumbnail","hentry"],"yoast_head":"<!-- This site is optimized with the Yoast SEO plugin v27.3 - https:\/\/yoast.com\/product\/yoast-seo-wordpress\/ -->\n<title>Ketamine Therapy Asia 2026 | Top Clinics, Research &amp; Medical Tourism<\/title>\n<meta name=\"description\" content=\"Discover the evolution of ketamine therapy in Asia. Our 2026 guide explores clinical infusions in Thailand, Singapore, and India for depression and pain. Learn about regional regulations and the best medical tourism options.\" \/>\n<meta name=\"robots\" content=\"index, follow, max-snippet:-1, max-image-preview:large, max-video-preview:-1\" \/>\n<link rel=\"canonical\" href=\"https:\/\/rotexketamshop.com\/nl\/ketamine-therapy-asia-medical-tourism-guide\/\" \/>\n<meta property=\"og:locale\" content=\"nl_NL\" \/>\n<meta property=\"og:type\" content=\"article\" \/>\n<meta property=\"og:title\" content=\"Ketamine Therapy Asia 2026 | Top Clinics, Research &amp; Medical Tourism\" \/>\n<meta property=\"og:description\" content=\"Discover the evolution of ketamine therapy in Asia. Our 2026 guide explores clinical infusions in Thailand, Singapore, and India for depression and pain. Learn about regional regulations and the best medical tourism options.\" \/>\n<meta property=\"og:url\" content=\"https:\/\/rotexketamshop.com\/nl\/ketamine-therapy-asia-medical-tourism-guide\/\" \/>\n<meta property=\"og:site_name\" content=\"Buy Ketamine In Bulk\" \/>\n<meta property=\"article:modified_time\" content=\"2026-04-02T09:22:58+00:00\" \/>\n<meta property=\"og:image\" content=\"https:\/\/rotexketamshop.com\/wp-content\/uploads\/2023\/06\/ChatGPT-Image-Aug-2-2025-02_50_13-AM-1.png\" \/>\n\t<meta property=\"og:image:width\" content=\"1024\" \/>\n\t<meta property=\"og:image:height\" content=\"1536\" \/>\n\t<meta property=\"og:image:type\" content=\"image\/png\" \/>\n<meta name=\"twitter:card\" content=\"summary_large_image\" \/>\n<meta name=\"twitter:label1\" content=\"Geschatte leestijd\" \/>\n\t<meta name=\"twitter:data1\" content=\"2 minuten\" \/>\n<script type=\"application\/ld+json\" class=\"yoast-schema-graph\">{\"@context\":\"https:\\\/\\\/schema.org\",\"@graph\":[{\"@type\":\"WebPage\",\"@id\":\"https:\\\/\\\/rotexketamshop.com\\\/ketamine-therapy-asia-medical-tourism-guide\\\/\",\"url\":\"https:\\\/\\\/rotexketamshop.com\\\/ketamine-therapy-asia-medical-tourism-guide\\\/\",\"name\":\"Ketamine Therapy Asia 2026 | Top Clinics, Research & Medical Tourism\",\"isPartOf\":{\"@id\":\"https:\\\/\\\/rotexketamshop.com\\\/#website\"},\"primaryImageOfPage\":{\"@id\":\"https:\\\/\\\/rotexketamshop.com\\\/ketamine-therapy-asia-medical-tourism-guide\\\/#primaryimage\"},\"image\":{\"@id\":\"https:\\\/\\\/rotexketamshop.com\\\/ketamine-therapy-asia-medical-tourism-guide\\\/#primaryimage\"},\"thumbnailUrl\":\"https:\\\/\\\/rotexketamshop.com\\\/wp-content\\\/uploads\\\/2023\\\/06\\\/ChatGPT-Image-Aug-2-2025-02_50_13-AM-1.png\",\"datePublished\":\"2026-04-02T08:18:51+00:00\",\"dateModified\":\"2026-04-02T09:22:58+00:00\",\"description\":\"Discover the evolution of ketamine therapy in Asia. Our 2026 guide explores clinical infusions in Thailand, Singapore, and India for depression and pain. Learn about regional regulations and the best medical tourism options.\",\"breadcrumb\":{\"@id\":\"https:\\\/\\\/rotexketamshop.com\\\/ketamine-therapy-asia-medical-tourism-guide\\\/#breadcrumb\"},\"inLanguage\":\"nl-NL\",\"potentialAction\":[{\"@type\":\"ReadAction\",\"target\":[\"https:\\\/\\\/rotexketamshop.com\\\/ketamine-therapy-asia-medical-tourism-guide\\\/\"]}]},{\"@type\":\"ImageObject\",\"inLanguage\":\"nl-NL\",\"@id\":\"https:\\\/\\\/rotexketamshop.com\\\/ketamine-therapy-asia-medical-tourism-guide\\\/#primaryimage\",\"url\":\"https:\\\/\\\/rotexketamshop.com\\\/wp-content\\\/uploads\\\/2023\\\/06\\\/ChatGPT-Image-Aug-2-2025-02_50_13-AM-1.png\",\"contentUrl\":\"https:\\\/\\\/rotexketamshop.com\\\/wp-content\\\/uploads\\\/2023\\\/06\\\/ChatGPT-Image-Aug-2-2025-02_50_13-AM-1.png\",\"width\":1024,\"height\":1536,\"caption\":\"ketamine for sale, bulk ketamine, buy ketamine powder, ketamine supplier USA, ketamine UK distributor, ketamine kaufen Deutschland, ketamina venta Espa\u00f1a, ketamine wholesale France, ketamine Australia supplier, ketamine Netherlands groothandel, ketamine powder bulk, buy liquid ketamine, ketamine nasal spray for sale, ketamine vendor, ketamine supplier Canada, ketamine bulk price, ketamine therapy supplier, ketamine for depression, ketamine dosage, ketamine injection sale, ketamine prescription supplier, ketamine medical distributor, ketamine treatment near me, ketamina comprar online, ketamina France achat, ketamina It\u00e1lia venda, ketamine Korea wholesale, ketamine Japan buy, ketamine Singapore vendor, ketamine Malaysia supplier, ketamine UAE wholesaler, ketamine Europe supply, ketamine Poland hurtownia, ketamine Austria kaufen, ketamine Belgium vente, ketamine Switzerland order, ketamine research chemical, pharmaceutical ketamine supplier, buy ketamine online Europe\"},{\"@type\":\"BreadcrumbList\",\"@id\":\"https:\\\/\\\/rotexketamshop.com\\\/ketamine-therapy-asia-medical-tourism-guide\\\/#breadcrumb\",\"itemListElement\":[{\"@type\":\"ListItem\",\"position\":1,\"name\":\"Home\",\"item\":\"https:\\\/\\\/rotexketamshop.com\\\/\"},{\"@type\":\"ListItem\",\"position\":2,\"name\":\"The Rise of Ketamine Therapy and Research Across Asia\"}]},{\"@type\":\"WebSite\",\"@id\":\"https:\\\/\\\/rotexketamshop.com\\\/#website\",\"url\":\"https:\\\/\\\/rotexketamshop.com\\\/\",\"name\":\"Buy Ketamine In Bulk\",\"description\":\"Ketamine For Sale Online\",\"potentialAction\":[{\"@type\":\"SearchAction\",\"target\":{\"@type\":\"EntryPoint\",\"urlTemplate\":\"https:\\\/\\\/rotexketamshop.com\\\/?s={search_term_string}\"},\"query-input\":{\"@type\":\"PropertyValueSpecification\",\"valueRequired\":true,\"valueName\":\"search_term_string\"}}],\"inLanguage\":\"nl-NL\"}]}<\/script>\n<!-- \/ Yoast SEO plugin. -->","yoast_head_json":{"title":"Ketamine Therapy Asia 2026 | Top Clinics, Research & Medical Tourism","description":"Discover the evolution of ketamine therapy in Asia. Our 2026 guide explores clinical infusions in Thailand, Singapore, and India for depression and pain. Learn about regional regulations and the best medical tourism options.","robots":{"index":"index","follow":"follow","max-snippet":"max-snippet:-1","max-image-preview":"max-image-preview:large","max-video-preview":"max-video-preview:-1"},"canonical":"https:\/\/rotexketamshop.com\/nl\/ketamine-therapy-asia-medical-tourism-guide\/","og_locale":"nl_NL","og_type":"article","og_title":"Ketamine Therapy Asia 2026 | Top Clinics, Research & Medical Tourism","og_description":"Discover the evolution of ketamine therapy in Asia. Our 2026 guide explores clinical infusions in Thailand, Singapore, and India for depression and pain. Learn about regional regulations and the best medical tourism options.","og_url":"https:\/\/rotexketamshop.com\/nl\/ketamine-therapy-asia-medical-tourism-guide\/","og_site_name":"Buy Ketamine In Bulk","article_modified_time":"2026-04-02T09:22:58+00:00","og_image":[{"width":1024,"height":1536,"url":"https:\/\/rotexketamshop.com\/wp-content\/uploads\/2023\/06\/ChatGPT-Image-Aug-2-2025-02_50_13-AM-1.png","type":"image\/png"}],"twitter_card":"summary_large_image","twitter_misc":{"Geschatte leestijd":"2 minuten"},"schema":{"@context":"https:\/\/schema.org","@graph":[{"@type":"WebPage","@id":"https:\/\/rotexketamshop.com\/ketamine-therapy-asia-medical-tourism-guide\/","url":"https:\/\/rotexketamshop.com\/ketamine-therapy-asia-medical-tourism-guide\/","name":"Ketamine Therapy Asia 2026 | Top Clinics, Research & Medical Tourism","isPartOf":{"@id":"https:\/\/rotexketamshop.com\/#website"},"primaryImageOfPage":{"@id":"https:\/\/rotexketamshop.com\/ketamine-therapy-asia-medical-tourism-guide\/#primaryimage"},"image":{"@id":"https:\/\/rotexketamshop.com\/ketamine-therapy-asia-medical-tourism-guide\/#primaryimage"},"thumbnailUrl":"https:\/\/rotexketamshop.com\/wp-content\/uploads\/2023\/06\/ChatGPT-Image-Aug-2-2025-02_50_13-AM-1.png","datePublished":"2026-04-02T08:18:51+00:00","dateModified":"2026-04-02T09:22:58+00:00","description":"Discover the evolution of ketamine therapy in Asia. Our 2026 guide explores clinical infusions in Thailand, Singapore, and India for depression and pain. Learn about regional regulations and the best medical tourism options.","breadcrumb":{"@id":"https:\/\/rotexketamshop.com\/ketamine-therapy-asia-medical-tourism-guide\/#breadcrumb"},"inLanguage":"nl-NL","potentialAction":[{"@type":"ReadAction","target":["https:\/\/rotexketamshop.com\/ketamine-therapy-asia-medical-tourism-guide\/"]}]},{"@type":"ImageObject","inLanguage":"nl-NL","@id":"https:\/\/rotexketamshop.com\/ketamine-therapy-asia-medical-tourism-guide\/#primaryimage","url":"https:\/\/rotexketamshop.com\/wp-content\/uploads\/2023\/06\/ChatGPT-Image-Aug-2-2025-02_50_13-AM-1.png","contentUrl":"https:\/\/rotexketamshop.com\/wp-content\/uploads\/2023\/06\/ChatGPT-Image-Aug-2-2025-02_50_13-AM-1.png","width":1024,"height":1536,"caption":"ketamine for sale, bulk ketamine, buy ketamine powder, ketamine supplier USA, ketamine UK distributor, ketamine kaufen Deutschland, ketamina venta Espa\u00f1a, ketamine wholesale France, ketamine Australia supplier, ketamine Netherlands groothandel, ketamine powder bulk, buy liquid ketamine, ketamine nasal spray for sale, ketamine vendor, ketamine supplier Canada, ketamine bulk price, ketamine therapy supplier, ketamine for depression, ketamine dosage, ketamine injection sale, ketamine prescription supplier, ketamine medical distributor, ketamine treatment near me, ketamina comprar online, ketamina France achat, ketamina It\u00e1lia venda, ketamine Korea wholesale, ketamine Japan buy, ketamine Singapore vendor, ketamine Malaysia supplier, ketamine UAE wholesaler, ketamine Europe supply, ketamine Poland hurtownia, ketamine Austria kaufen, ketamine Belgium vente, ketamine Switzerland order, ketamine research chemical, pharmaceutical ketamine supplier, buy ketamine online Europe"},{"@type":"BreadcrumbList","@id":"https:\/\/rotexketamshop.com\/ketamine-therapy-asia-medical-tourism-guide\/#breadcrumb","itemListElement":[{"@type":"ListItem","position":1,"name":"Home","item":"https:\/\/rotexketamshop.com\/"},{"@type":"ListItem","position":2,"name":"The Rise of Ketamine Therapy and Research Across Asia"}]},{"@type":"WebSite","@id":"https:\/\/rotexketamshop.com\/#website","url":"https:\/\/rotexketamshop.com\/","name":"Buy Ketamine In Bulk","description":"Ketamine For Sale Online","potentialAction":[{"@type":"SearchAction","target":{"@type":"EntryPoint","urlTemplate":"https:\/\/rotexketamshop.com\/?s={search_term_string}"},"query-input":{"@type":"PropertyValueSpecification","valueRequired":true,"valueName":"search_term_string"}}],"inLanguage":"nl-NL"}]}},"_links":{"self":[{"href":"https:\/\/rotexketamshop.com\/nl\/wp-json\/wp\/v2\/pages\/1036","targetHints":{"allow":["GET"]}}],"collection":[{"href":"https:\/\/rotexketamshop.com\/nl\/wp-json\/wp\/v2\/pages"}],"about":[{"href":"https:\/\/rotexketamshop.com\/nl\/wp-json\/wp\/v2\/types\/page"}],"author":[{"embeddable":true,"href":"https:\/\/rotexketamshop.com\/nl\/wp-json\/wp\/v2\/users\/2"}],"replies":[{"embeddable":true,"href":"https:\/\/rotexketamshop.com\/nl\/wp-json\/wp\/v2\/comments?post=1036"}],"version-history":[{"count":7,"href":"https:\/\/rotexketamshop.com\/nl\/wp-json\/wp\/v2\/pages\/1036\/revisions"}],"predecessor-version":[{"id":1115,"href":"https:\/\/rotexketamshop.com\/nl\/wp-json\/wp\/v2\/pages\/1036\/revisions\/1115"}],"wp:featuredmedia":[{"embeddable":true,"href":"https:\/\/rotexketamshop.com\/nl\/wp-json\/wp\/v2\/media\/709"}],"wp:attachment":[{"href":"https:\/\/rotexketamshop.com\/nl\/wp-json\/wp\/v2\/media?parent=1036"}],"curies":[{"name":"wp","href":"https:\/\/api.w.org\/{rel}","templated":true}]}}