{"id":836,"date":"2025-08-16T15:48:20","date_gmt":"2025-08-16T15:48:20","guid":{"rendered":"https:\/\/rotexketamshop.com\/?page_id=836"},"modified":"2026-04-02T08:59:05","modified_gmt":"2026-04-02T08:59:05","slug":"ketamin-medicinsk-anvendelse-danmark","status":"publish","type":"page","link":"https:\/\/rotexketamshop.com\/lv\/ketamin-medicinsk-anvendelse-danmark\/","title":{"rendered":"Ketamin i Danmark \u2013 Medicinsk anvendelse og klinisk forskning"},"content":{"rendered":"<div data-elementor-type=\"wp-page\" data-elementor-id=\"836\" class=\"elementor elementor-836\">\n\t\t\t\t<div class=\"elementor-element elementor-element-7607480d e-flex e-con-boxed e-con e-parent\" data-id=\"7607480d\" data-element_type=\"container\" data-e-type=\"container\">\n\t\t\t\t\t<div class=\"e-con-inner\">\n\t\t\t\t<div class=\"elementor-element elementor-element-4814c31a elementor-widget elementor-widget-text-editor\" data-id=\"4814c31a\" data-element_type=\"widget\" data-e-type=\"widget\" data-widget_type=\"text-editor.default\">\n\t\t\t\t\t\t\t\t\t\n<h1 style=\"text-align: center;\"><strong>Ketamin i Danmark \u2013 Medicinsk anvendelse og klinisk forskning<\/strong><\/h1>\n<p>Ketamin anvendes i stigende grad i Danmark som en del af moderne behandlinger for <strong>sv\u00e6r depression, kroniske smerter og i an\u00e6stesikliniske sammenh\u00e6nge<\/strong>. Med dokumenteret effekt og hurtig virkning anvendes ketamin i kliniske milj\u00f8er under n\u00f8je medicinsk tilsyn.<\/p>\n<h2 style=\"text-align: center;\"><strong>Depression, der ikke reagerer p\u00e5 traditionel behandling<\/strong><\/h2>\n<p>Ketamin er blevet en lovende mulighed for patienter med <strong>behandlingsresistent <a href=\"https:\/\/rotexketamshop.com\/lv\/\">depression<\/a>.<\/strong> Gennem intraven\u00f8s infusion eller n\u00e6sespray kan ketamin hurtigt reducere depressive symptomer, ofte inden for timer eller dage.<\/p>\n<h3 style=\"text-align: center;\"><strong>Kroniske smerter og neuropatisk smertelindring<\/strong><\/h3>\n<p>Ved <strong>komplekst regionalt smertesyndrom (CRPS),<\/strong> fibromyalgi og neuropatiske smerter kan ketamin forbedre smertetolerancen ved at h\u00e6mme central sensibilisering og styrke effekten af andre analgetika<a href=\"https:\/\/www.orderfentanylonline.com\/\">.<\/a><\/p>\n<h4 style=\"text-align: center;\"><strong>Anvendelse i an\u00e6stesi<\/strong><\/h4>\n<p>Ketamin har v\u00e6ret anvendt i an\u00e6stesi i \u00e5rtier og er s\u00e6rlig nyttig i akutte eller pr\u00e6hospitale situationer, hvor det er n\u00f8dvendigt at opretholde spontan vejrtr\u00e6kning og kredsl\u00f8bsstabilitet<a href=\"https:\/\/chemistonlineaustralia.com\/\">.<\/a><\/p>\n<p><strong>Bem\u00e6rk:<\/strong> Al medicinsk brug af ketamin i Danmark skal ske i overensstemmelse med Sundhedsstyrelsens retningslinjer og under autoriseret l\u00e6gelig kontrol<a href=\"https:\/\/diazepamonlineuk.com\/\">.<\/a><\/p>\n<p><span style=\"color: #000000;\">Tr\u00ed <a style=\"color: #000000;\" href=\"https:\/\/rotexketamshop.com\/lv\/products\/ketamine-liquid-for-sale\/\">g<\/a><a style=\"color: #000000;\" href=\"https:\/\/rotexketamshop.com\/lv\/products\/ketamine-powder-for-sale\/\">h<\/a><a style=\"color: #000000;\" href=\"https:\/\/rotexketamshop.com\/lv\/products\/ketamine-nasal-spray-for-sale\/\">a<\/a><a style=\"color: #000000;\" href=\"https:\/\/rotexketamshop.com\/lv\/products\/buy-crystal-methamphetamine-online-blue-crystal-methamphetamine\/\">b<\/a><a style=\"color: #000000;\" href=\"https:\/\/rotexketamshop.com\/lv\/products\/crystal-methamphetamine-crystal-meth-drug-crystal-meth\/\">h<\/a><a style=\"color: #000000;\" href=\"https:\/\/rotexketamshop.com\/lv\/products\/buy-mdma-crystals-online-pure-mdma-crystals-mdma-crystals\/\">d<\/a><a style=\"color: #000000;\" href=\"https:\/\/rotexketamshop.com\/lv\/products\/mdma-powder-effects-risks-safety\/\">\u00f3<\/a>i<a style=\"color: #000000;\" href=\"https:\/\/rotexketamshop.com\/lv\/products\/buy-mdma-online-mdma-rocks-buy-mdma-online-canada\/\">r<\/a>\u00ed <a style=\"color: #000000;\" href=\"https:\/\/rotexketamshop.com\/lv\/products\/buy-2c-b-fly-online-2cb-for-sale-buy-2c-b-online\/\">N<\/a><a style=\"color: #000000;\" href=\"https:\/\/rotexketamshop.com\/lv\/products\/buy-2c-b-fly-powder-online\/\">M<\/a><a style=\"color: #000000;\" href=\"https:\/\/rotexketamshop.com\/lv\/products\/buy-ecstasy-online-buy-xtc-online-buy-molly-online-xtc-online\/\">D<\/a><a style=\"color: #000000;\" href=\"https:\/\/rotexketamshop.com\/lv\/coireail-ketamin-du-lagar-pian-ainsealach\/\">A<\/a> <a style=\"color: #000000;\" href=\"https:\/\/rotexketamshop.com\/lv\/comprar-cetamina-portugal\/\">a<\/a> <a style=\"color: #000000;\" href=\"https:\/\/rotexketamshop.com\/lv\/comprar-ketamina-espana\/\">b<\/a><a style=\"color: #000000;\" href=\"https:\/\/rotexketamshop.com\/lv\/ketamin-medicinsk-anvendelse-danmark\/\">h<\/a><a style=\"color: #000000;\" href=\"https:\/\/rotexketamshop.com\/lv\/ketamin-kaufen-deutschland\/\">l<\/a><a style=\"color: #000000;\" href=\"https:\/\/rotexketamshop.com\/lv\/ketamin-kaufen-oesterreich\/\">o<\/a><a style=\"color: #000000;\" href=\"https:\/\/rotexketamshop.com\/lv\/ketamina-uso-medico-italia\/\">c<\/a><a style=\"color: #000000;\" href=\"https:\/\/rotexketamshop.com\/lv\/ketamina-zastosowanie-medyczne-polska\/\">\u00e1<\/a><a style=\"color: #000000;\" href=\"https:\/\/rotexketamshop.com\/lv\/ketamin-behandling-depression-kronisk-smarta\/\">i<\/a><a style=\"color: #000000;\" href=\"https:\/\/rotexketamshop.com\/lv\/ketamine-behandeling-belgie\/\">l<\/a><a style=\"color: #000000;\" href=\"https:\/\/rotexketamshop.com\/lv\/ketamine-utilisation-medicale-france\/\">,<\/a> <a style=\"color: #000000;\" href=\"https:\/\/rotexketamshop.com\/lv\/ketamine-alaska-uses-therapy-legal-guide\/\">l<\/a><a style=\"color: #000000;\" href=\"https:\/\/rotexketamshop.com\/lv\/ketamine-europe-therapy-uses-legal-guide\/\">a<\/a><a style=\"color: #000000;\" href=\"https:\/\/rotexketamshop.com\/lv\/ketamine-uk-therapy-uses-legal-guide\/\">g<\/a><a style=\"color: #000000;\" href=\"https:\/\/rotexketamshop.com\/lv\/ketamine-treatment-utah-guide\/\">h<\/a><a style=\"color: #000000;\" href=\"https:\/\/rotexketamshop.com\/lv\/ketamine-kopen-nederland\/\">d<\/a><a style=\"color: #000000;\" href=\"https:\/\/rotexketamshop.com\/lv\/ketamine-treatment-colorado\/\">a<\/a><a style=\"color: #000000;\" href=\"https:\/\/rotexketamshop.com\/lv\/ketamine-treatment-colorado-2\/\">\u00ed<\/a><a style=\"color: #000000;\" href=\"https:\/\/rotexketamshop.com\/lv\/ketamine-treatment-utah-what-to-expect\/\">o<\/a><a style=\"color: #000000;\" href=\"https:\/\/rotexketamshop.com\/lv\/ketamine-uses-effects-oregon\/\">n<\/a><a style=\"color: #000000;\" href=\"https:\/\/rotexketamshop.com\/lv\/ketamine-therapy-tennessee-research-guide\/\">n<\/a> <a style=\"color: #000000;\" href=\"https:\/\/rotexketamshop.com\/lv\/ketamine-therapy-idaho-clinical-guide\/\">s<\/a><a style=\"color: #000000;\" href=\"https:\/\/rotexketamshop.com\/lv\/ketamine-therapy-asia-medical-tourism-guide\/\">\u00e9<\/a> <a style=\"color: #000000;\" href=\"https:\/\/rotexketamshop.com\/lv\/ketamine-medical-guide-oregon-therapeutic-use\/\">c<\/a><a style=\"color: #000000;\" href=\"https:\/\/rotexketamshop.com\/lv\/\">o<\/a><a style=\"color: #000000;\" href=\"https:\/\/rotexketamshop.com\/lv\/produkta-kategorija\/ketamine-products-for-sale\/\">m<\/a><a style=\"color: #000000;\" href=\"https:\/\/rotexketamshop.com\/lv\/produkta-kategorija\/prescription-stimulants-category\/\">h<\/a><a style=\"color: #000000;\" href=\"https:\/\/rotexketamshop.com\/lv\/customer-reviews\/\">a<\/a><a style=\"color: #000000;\" href=\"https:\/\/rotexketamshop.com\/lv\/elements\/pages\/about\/\">r<\/a><a style=\"color: #000000;\" href=\"https:\/\/rotexketamshop.com\/lv\/elements\/pages\/contact\/\">t<\/a><a style=\"color: #000000;\" href=\"https:\/\/rotexketamshop.com\/lv\/elements\/product-categories\/\">h<\/a><a style=\"color: #000000;\" href=\"https:\/\/rotexketamshop.com\/lv\/elements\/products\/\">a<\/a><a style=\"color: #000000;\" href=\"https:\/\/rotexketamshop.com\/lv\/privacy-policy\/\">\u00ed<\/a><\/span> pian agus feabhsa\u00edonn s\u00e9 c\u00e1il\u00edocht beatha othar.<\/p>\n\t\t\t\t\t\t\t\t<\/div>\n\t\t\t\t\t<\/div>\n\t\t\t\t<\/div>\n\t\t\t\t<\/div>","protected":false},"excerpt":{"rendered":"","protected":false},"author":2,"featured_media":373,"parent":0,"menu_order":0,"comment_status":"closed","ping_status":"closed","template":"","meta":{"_joinchat":[],"footnotes":""},"class_list":["post-836","page","type-page","status-publish","has-post-thumbnail","hentry"],"yoast_head":"<!-- This site is optimized with the Yoast SEO plugin v27.3 - https:\/\/yoast.com\/product\/yoast-seo-wordpress\/ -->\n<title>Ketamin i Danmark | Medicinsk brug til depression, smerte og an\u00e6stesi<\/title>\n<meta name=\"description\" content=\"L\u00e6s om ketamins medicinske anvendelser i Danmark, herunder behandling af depression, kroniske smerter og brug i an\u00e6stesi. For klinikere og forskere.\" \/>\n<meta name=\"robots\" content=\"index, follow, max-snippet:-1, max-image-preview:large, max-video-preview:-1\" \/>\n<link rel=\"canonical\" href=\"https:\/\/rotexketamshop.com\/lv\/ketamin-medicinsk-anvendelse-danmark\/\" \/>\n<meta property=\"og:locale\" content=\"lv_LV\" \/>\n<meta property=\"og:type\" content=\"article\" \/>\n<meta property=\"og:title\" content=\"Ketamin i Danmark | Medicinsk brug til depression, smerte og an\u00e6stesi\" \/>\n<meta property=\"og:description\" content=\"L\u00e6s om ketamins medicinske anvendelser i Danmark, herunder behandling af depression, kroniske smerter og brug i an\u00e6stesi. For klinikere og forskere.\" \/>\n<meta property=\"og:url\" content=\"https:\/\/rotexketamshop.com\/lv\/ketamin-medicinsk-anvendelse-danmark\/\" \/>\n<meta property=\"og:site_name\" content=\"Buy Ketamine In Bulk\" \/>\n<meta property=\"article:modified_time\" content=\"2026-04-02T08:59:05+00:00\" \/>\n<meta property=\"og:image\" content=\"https:\/\/rotexketamshop.com\/wp-content\/uploads\/2023\/06\/662e6278-1e02-4a66-b818-aa7a1b19301b.jpg\" \/>\n\t<meta property=\"og:image:width\" content=\"1280\" \/>\n\t<meta property=\"og:image:height\" content=\"960\" \/>\n\t<meta property=\"og:image:type\" content=\"image\/jpeg\" \/>\n<meta name=\"twitter:card\" content=\"summary_large_image\" \/>\n<meta name=\"twitter:label1\" content=\"Est. reading time\" \/>\n\t<meta name=\"twitter:data1\" content=\"1 min\u016bte\" \/>\n<script type=\"application\/ld+json\" class=\"yoast-schema-graph\">{\"@context\":\"https:\\\/\\\/schema.org\",\"@graph\":[{\"@type\":\"WebPage\",\"@id\":\"https:\\\/\\\/rotexketamshop.com\\\/ketamin-medicinsk-anvendelse-danmark\\\/\",\"url\":\"https:\\\/\\\/rotexketamshop.com\\\/ketamin-medicinsk-anvendelse-danmark\\\/\",\"name\":\"Ketamin i Danmark | Medicinsk brug til depression, smerte og an\u00e6stesi\",\"isPartOf\":{\"@id\":\"https:\\\/\\\/rotexketamshop.com\\\/#website\"},\"primaryImageOfPage\":{\"@id\":\"https:\\\/\\\/rotexketamshop.com\\\/ketamin-medicinsk-anvendelse-danmark\\\/#primaryimage\"},\"image\":{\"@id\":\"https:\\\/\\\/rotexketamshop.com\\\/ketamin-medicinsk-anvendelse-danmark\\\/#primaryimage\"},\"thumbnailUrl\":\"https:\\\/\\\/rotexketamshop.com\\\/wp-content\\\/uploads\\\/2023\\\/06\\\/662e6278-1e02-4a66-b818-aa7a1b19301b.jpg\",\"datePublished\":\"2025-08-16T15:48:20+00:00\",\"dateModified\":\"2026-04-02T08:59:05+00:00\",\"description\":\"L\u00e6s om ketamins medicinske anvendelser i Danmark, herunder behandling af depression, kroniske smerter og brug i an\u00e6stesi. For klinikere og forskere.\",\"breadcrumb\":{\"@id\":\"https:\\\/\\\/rotexketamshop.com\\\/ketamin-medicinsk-anvendelse-danmark\\\/#breadcrumb\"},\"inLanguage\":\"lv-LV\",\"potentialAction\":[{\"@type\":\"ReadAction\",\"target\":[\"https:\\\/\\\/rotexketamshop.com\\\/ketamin-medicinsk-anvendelse-danmark\\\/\"]}]},{\"@type\":\"ImageObject\",\"inLanguage\":\"lv-LV\",\"@id\":\"https:\\\/\\\/rotexketamshop.com\\\/ketamin-medicinsk-anvendelse-danmark\\\/#primaryimage\",\"url\":\"https:\\\/\\\/rotexketamshop.com\\\/wp-content\\\/uploads\\\/2023\\\/06\\\/662e6278-1e02-4a66-b818-aa7a1b19301b.jpg\",\"contentUrl\":\"https:\\\/\\\/rotexketamshop.com\\\/wp-content\\\/uploads\\\/2023\\\/06\\\/662e6278-1e02-4a66-b818-aa7a1b19301b.jpg\",\"width\":1280,\"height\":960,\"caption\":\"ketam\u00edn, c\u00f3ire\u00e1il ketam\u00edn, ketam\u00edn d\u00falagar, ketam\u00edn pian ainsealach, ketam\u00edn c\u00f3ire\u00e1il \u00c9ire, ketam\u00edn teiripe, ketam\u00edn infusion, ketam\u00edn spray sr\u00f3n, ketam\u00edn druga, ketam\u00edn \u00fas\u00e1id chlinici\u00fail, ketam\u00edn agus inchinn, ketam\u00edn gabhd\u00f3ir\u00ed NMDA, ketam\u00edn i gc\u00f3ire\u00e1il meabhrach, ketam\u00edn pian neuropatach, ketam\u00edn agus sl\u00e1inte meabhrach, ketam\u00edn taighde, ketam\u00edn in ospid\u00e9il, ketam\u00edn do dhaoine f\u00e1sta, ketam\u00edn do dh\u00e9ag\u00f3ir\u00ed, ketam\u00edn agus d\u00falagar trom, ketam\u00edn i bpian ainsealach, ketam\u00edn sa ch\u00f3ras sl\u00e1inte, ketam\u00edn leighis, ketam\u00edn c\u00f3gais\u00edocht, ketam\u00edn agus \u00e9ifeachta\u00ed, ketam\u00edn c\u00f3ire\u00e1il malartach, ketam\u00edn agus ain\u00e9ist\u00e9ise, ketam\u00edn agus PTSD, ketam\u00edn ag othar, ketam\u00edn agus aicme druga\u00ed, ketam\u00edn rialach\u00e1n, ketam\u00edn leighis \u00c9ire, ketam\u00edn agus taighde nua, ketam\u00edn \u00fas\u00e1ide clinici\u00fail, ketam\u00edn othar comhairle, ketam\u00edn agus c\u00f3ire\u00e1il phearsanta, ketam\u00edn agus feabhs\u00fa meabhrach, ketam\u00edn fo-iarsma\u00ed, ketam\u00edn agus teicn\u00edc\u00ed c\u00f3ire\u00e1la, ketam\u00edn agus s\u00edceola\u00edocht.\"},{\"@type\":\"BreadcrumbList\",\"@id\":\"https:\\\/\\\/rotexketamshop.com\\\/ketamin-medicinsk-anvendelse-danmark\\\/#breadcrumb\",\"itemListElement\":[{\"@type\":\"ListItem\",\"position\":1,\"name\":\"Home\",\"item\":\"https:\\\/\\\/rotexketamshop.com\\\/\"},{\"@type\":\"ListItem\",\"position\":2,\"name\":\"Ketamin i Danmark \u2013 Medicinsk anvendelse og klinisk forskning\"}]},{\"@type\":\"WebSite\",\"@id\":\"https:\\\/\\\/rotexketamshop.com\\\/#website\",\"url\":\"https:\\\/\\\/rotexketamshop.com\\\/\",\"name\":\"Buy Ketamine In Bulk\",\"description\":\"Ketamine For Sale Online\",\"potentialAction\":[{\"@type\":\"SearchAction\",\"target\":{\"@type\":\"EntryPoint\",\"urlTemplate\":\"https:\\\/\\\/rotexketamshop.com\\\/?s={search_term_string}\"},\"query-input\":{\"@type\":\"PropertyValueSpecification\",\"valueRequired\":true,\"valueName\":\"search_term_string\"}}],\"inLanguage\":\"lv-LV\"}]}<\/script>\n<!-- \/ Yoast SEO plugin. -->","yoast_head_json":{"title":"Ketamin i Danmark | Medicinsk brug til depression, smerte og an\u00e6stesi","description":"L\u00e6s om ketamins medicinske anvendelser i Danmark, herunder behandling af depression, kroniske smerter og brug i an\u00e6stesi. For klinikere og forskere.","robots":{"index":"index","follow":"follow","max-snippet":"max-snippet:-1","max-image-preview":"max-image-preview:large","max-video-preview":"max-video-preview:-1"},"canonical":"https:\/\/rotexketamshop.com\/lv\/ketamin-medicinsk-anvendelse-danmark\/","og_locale":"lv_LV","og_type":"article","og_title":"Ketamin i Danmark | Medicinsk brug til depression, smerte og an\u00e6stesi","og_description":"L\u00e6s om ketamins medicinske anvendelser i Danmark, herunder behandling af depression, kroniske smerter og brug i an\u00e6stesi. For klinikere og forskere.","og_url":"https:\/\/rotexketamshop.com\/lv\/ketamin-medicinsk-anvendelse-danmark\/","og_site_name":"Buy Ketamine In Bulk","article_modified_time":"2026-04-02T08:59:05+00:00","og_image":[{"width":1280,"height":960,"url":"https:\/\/rotexketamshop.com\/wp-content\/uploads\/2023\/06\/662e6278-1e02-4a66-b818-aa7a1b19301b.jpg","type":"image\/jpeg"}],"twitter_card":"summary_large_image","twitter_misc":{"Est. reading time":"1 min\u016bte"},"schema":{"@context":"https:\/\/schema.org","@graph":[{"@type":"WebPage","@id":"https:\/\/rotexketamshop.com\/ketamin-medicinsk-anvendelse-danmark\/","url":"https:\/\/rotexketamshop.com\/ketamin-medicinsk-anvendelse-danmark\/","name":"Ketamin i Danmark | Medicinsk brug til depression, smerte og an\u00e6stesi","isPartOf":{"@id":"https:\/\/rotexketamshop.com\/#website"},"primaryImageOfPage":{"@id":"https:\/\/rotexketamshop.com\/ketamin-medicinsk-anvendelse-danmark\/#primaryimage"},"image":{"@id":"https:\/\/rotexketamshop.com\/ketamin-medicinsk-anvendelse-danmark\/#primaryimage"},"thumbnailUrl":"https:\/\/rotexketamshop.com\/wp-content\/uploads\/2023\/06\/662e6278-1e02-4a66-b818-aa7a1b19301b.jpg","datePublished":"2025-08-16T15:48:20+00:00","dateModified":"2026-04-02T08:59:05+00:00","description":"L\u00e6s om ketamins medicinske anvendelser i Danmark, herunder behandling af depression, kroniske smerter og brug i an\u00e6stesi. For klinikere og forskere.","breadcrumb":{"@id":"https:\/\/rotexketamshop.com\/ketamin-medicinsk-anvendelse-danmark\/#breadcrumb"},"inLanguage":"lv-LV","potentialAction":[{"@type":"ReadAction","target":["https:\/\/rotexketamshop.com\/ketamin-medicinsk-anvendelse-danmark\/"]}]},{"@type":"ImageObject","inLanguage":"lv-LV","@id":"https:\/\/rotexketamshop.com\/ketamin-medicinsk-anvendelse-danmark\/#primaryimage","url":"https:\/\/rotexketamshop.com\/wp-content\/uploads\/2023\/06\/662e6278-1e02-4a66-b818-aa7a1b19301b.jpg","contentUrl":"https:\/\/rotexketamshop.com\/wp-content\/uploads\/2023\/06\/662e6278-1e02-4a66-b818-aa7a1b19301b.jpg","width":1280,"height":960,"caption":"ketam\u00edn, c\u00f3ire\u00e1il ketam\u00edn, ketam\u00edn d\u00falagar, ketam\u00edn pian ainsealach, ketam\u00edn c\u00f3ire\u00e1il \u00c9ire, ketam\u00edn teiripe, ketam\u00edn infusion, ketam\u00edn spray sr\u00f3n, ketam\u00edn druga, ketam\u00edn \u00fas\u00e1id chlinici\u00fail, ketam\u00edn agus inchinn, ketam\u00edn gabhd\u00f3ir\u00ed NMDA, ketam\u00edn i gc\u00f3ire\u00e1il meabhrach, ketam\u00edn pian neuropatach, ketam\u00edn agus sl\u00e1inte meabhrach, ketam\u00edn taighde, ketam\u00edn in ospid\u00e9il, ketam\u00edn do dhaoine f\u00e1sta, ketam\u00edn do dh\u00e9ag\u00f3ir\u00ed, ketam\u00edn agus d\u00falagar trom, ketam\u00edn i bpian ainsealach, ketam\u00edn sa ch\u00f3ras sl\u00e1inte, ketam\u00edn leighis, ketam\u00edn c\u00f3gais\u00edocht, ketam\u00edn agus \u00e9ifeachta\u00ed, ketam\u00edn c\u00f3ire\u00e1il malartach, ketam\u00edn agus ain\u00e9ist\u00e9ise, ketam\u00edn agus PTSD, ketam\u00edn ag othar, ketam\u00edn agus aicme druga\u00ed, ketam\u00edn rialach\u00e1n, ketam\u00edn leighis \u00c9ire, ketam\u00edn agus taighde nua, ketam\u00edn \u00fas\u00e1ide clinici\u00fail, ketam\u00edn othar comhairle, ketam\u00edn agus c\u00f3ire\u00e1il phearsanta, ketam\u00edn agus feabhs\u00fa meabhrach, ketam\u00edn fo-iarsma\u00ed, ketam\u00edn agus teicn\u00edc\u00ed c\u00f3ire\u00e1la, ketam\u00edn agus s\u00edceola\u00edocht."},{"@type":"BreadcrumbList","@id":"https:\/\/rotexketamshop.com\/ketamin-medicinsk-anvendelse-danmark\/#breadcrumb","itemListElement":[{"@type":"ListItem","position":1,"name":"Home","item":"https:\/\/rotexketamshop.com\/"},{"@type":"ListItem","position":2,"name":"Ketamin i Danmark \u2013 Medicinsk anvendelse og klinisk forskning"}]},{"@type":"WebSite","@id":"https:\/\/rotexketamshop.com\/#website","url":"https:\/\/rotexketamshop.com\/","name":"Buy Ketamine In Bulk","description":"Ketamine For Sale Online","potentialAction":[{"@type":"SearchAction","target":{"@type":"EntryPoint","urlTemplate":"https:\/\/rotexketamshop.com\/?s={search_term_string}"},"query-input":{"@type":"PropertyValueSpecification","valueRequired":true,"valueName":"search_term_string"}}],"inLanguage":"lv-LV"}]}},"_links":{"self":[{"href":"https:\/\/rotexketamshop.com\/lv\/wp-json\/wp\/v2\/pages\/836","targetHints":{"allow":["GET"]}}],"collection":[{"href":"https:\/\/rotexketamshop.com\/lv\/wp-json\/wp\/v2\/pages"}],"about":[{"href":"https:\/\/rotexketamshop.com\/lv\/wp-json\/wp\/v2\/types\/page"}],"author":[{"embeddable":true,"href":"https:\/\/rotexketamshop.com\/lv\/wp-json\/wp\/v2\/users\/2"}],"replies":[{"embeddable":true,"href":"https:\/\/rotexketamshop.com\/lv\/wp-json\/wp\/v2\/comments?post=836"}],"version-history":[{"count":5,"href":"https:\/\/rotexketamshop.com\/lv\/wp-json\/wp\/v2\/pages\/836\/revisions"}],"predecessor-version":[{"id":1053,"href":"https:\/\/rotexketamshop.com\/lv\/wp-json\/wp\/v2\/pages\/836\/revisions\/1053"}],"wp:featuredmedia":[{"embeddable":true,"href":"https:\/\/rotexketamshop.com\/lv\/wp-json\/wp\/v2\/media\/373"}],"wp:attachment":[{"href":"https:\/\/rotexketamshop.com\/lv\/wp-json\/wp\/v2\/media?parent=836"}],"curies":[{"name":"wp","href":"https:\/\/api.w.org\/{rel}","templated":true}]}}