{"id":839,"date":"2025-08-16T16:13:29","date_gmt":"2025-08-16T16:13:29","guid":{"rendered":"https:\/\/rotexketamshop.com\/?page_id=839"},"modified":"2026-04-02T09:00:24","modified_gmt":"2026-04-02T09:00:24","slug":"ketamina-zastosowanie-medyczne-polska","status":"publish","type":"page","link":"https:\/\/rotexketamshop.com\/lt\/ketamina-zastosowanie-medyczne-polska\/","title":{"rendered":"Ketamina w Polsce \u2014 Zastosowanie Medyczne i Badania Kliniczne"},"content":{"rendered":"<div data-elementor-type=\"wp-page\" data-elementor-id=\"839\" class=\"elementor elementor-839\">\n\t\t\t\t<div class=\"elementor-element elementor-element-46c3e3d6 e-flex e-con-boxed e-con e-parent\" data-id=\"46c3e3d6\" data-element_type=\"container\" data-e-type=\"container\">\n\t\t\t\t\t<div class=\"e-con-inner\">\n\t\t\t\t<div class=\"elementor-element elementor-element-393d34d4 elementor-widget elementor-widget-text-editor\" data-id=\"393d34d4\" data-element_type=\"widget\" data-e-type=\"widget\" data-widget_type=\"text-editor.default\">\n\t\t\t\t\t\t\t\t\t\n<h1 style=\"text-align: center;\"><strong>Ketamina w Polsce \u2014 Zastosowanie Medyczne i Badania Kliniczne<\/strong><\/h1>\n<p>Ketamina to lek o ugruntowanej pozycji w <a href=\"https:\/\/rotexketamshop.com\/lt\/\">medycynie<\/a>, aktualnie wykorzystywany nie tylko w anestezji, ale r\u00f3wnie\u017c jako nowatorska terapia w leczeniu <strong>depresji lekoopornej i b\u00f3lu przewlek\u0142ego.<\/strong> W Polsce coraz wi\u0119cej klinik i o\u015brodk\u00f3w badawczych stosuje ketamin\u0119 w ramach kontrolowanych, zgodnych z przepisami terapii<a href=\"https:\/\/www.orderfentanylonline.com\/\">.<\/a><\/p>\n<h2 style=\"text-align: center;\"><strong>Ketamina w Leczeniu Depresji<\/strong><\/h2>\n<p>U pacjent\u00f3w z depresj\u0105, kt\u00f3ra nie reaguje na standardowe leki, ketamina mo\u017ce przynie\u015b\u0107 <strong>szybk\u0105 popraw\u0119 nastroju<\/strong>, cz\u0119sto ju\u017c po jednej infuzji. Mechanizm dzia\u0142ania polega na modulacji uk\u0142adu glutaminergicznego, co wp\u0142ywa na neuroplastyczno\u015b\u0107 m\u00f3zgu<a href=\"https:\/\/chemistonlineaustralia.com\/\">.<\/a><\/p>\n<h3 style=\"text-align: center;\"><strong>B\u00f3l Przewlek\u0142y i Zesp\u00f3\u0142 B\u00f3lu Neuropatycznego<\/strong><\/h3>\n<p>Ketamina bywa stosowana w <strong>leczeniu zespo\u0142u b\u00f3lu regionalnego (CRPS)<\/strong>, fibromialgii czy b\u00f3lu nowotworowego. Dzia\u0142a poprzez hamowanie receptora NMDA, zmniejszaj\u0105c nadwra\u017cliwo\u015b\u0107 centralnego uk\u0142adu nerwowego<a href=\"https:\/\/diazepamonlineuk.com\/\">.<\/a><\/p>\n<h3 style=\"text-align: center;\"><strong>Zastosowanie w Anestezji<\/strong><\/h3>\n<p>Od dziesi\u0119cioleci ketamina znajduje zastosowanie jako bezpieczny anestetyk. Nie powoduje depresji oddechowej, dlatego jest wykorzystywana w sytuacjach nag\u0142ych, w pediatrii oraz w anestezji polowej.<\/p>\n<p><strong>Uwaga:<\/strong> Ka\u017cde zastosowanie ketaminy w Polsce musi odbywa\u0107 si\u0119 zgodnie z obowi\u0105zuj\u0105cym prawem i pod nadzorem wykwalifikowanego personelu medycznego. <span style=\"color: #000000;\">Tr\u00ed <a style=\"color: #000000;\" href=\"https:\/\/rotexketamshop.com\/lt\/produktas\/ketamine-liquid-for-sale\/\">g<\/a><a style=\"color: #000000;\" href=\"https:\/\/rotexketamshop.com\/lt\/produktas\/ketamine-powder-for-sale\/\">h<\/a><a style=\"color: #000000;\" href=\"https:\/\/rotexketamshop.com\/lt\/produktas\/ketamine-nasal-spray-for-sale\/\">a<\/a><a style=\"color: #000000;\" href=\"https:\/\/rotexketamshop.com\/lt\/produktas\/buy-crystal-methamphetamine-online-blue-crystal-methamphetamine\/\">b<\/a><a style=\"color: #000000;\" href=\"https:\/\/rotexketamshop.com\/lt\/produktas\/crystal-methamphetamine-crystal-meth-drug-crystal-meth\/\">h<\/a><a style=\"color: #000000;\" href=\"https:\/\/rotexketamshop.com\/lt\/produktas\/buy-mdma-crystals-online-pure-mdma-crystals-mdma-crystals\/\">d<\/a><a style=\"color: #000000;\" href=\"https:\/\/rotexketamshop.com\/lt\/produktas\/mdma-powder-effects-risks-safety\/\">\u00f3<\/a>i<a style=\"color: #000000;\" href=\"https:\/\/rotexketamshop.com\/lt\/produktas\/buy-mdma-online-mdma-rocks-buy-mdma-online-canada\/\">r<\/a>\u00ed <a style=\"color: #000000;\" href=\"https:\/\/rotexketamshop.com\/lt\/produktas\/buy-2c-b-fly-online-2cb-for-sale-buy-2c-b-online\/\">N<\/a><a style=\"color: #000000;\" href=\"https:\/\/rotexketamshop.com\/lt\/produktas\/buy-2c-b-fly-powder-online\/\">M<\/a><a style=\"color: #000000;\" href=\"https:\/\/rotexketamshop.com\/lt\/produktas\/buy-ecstasy-online-buy-xtc-online-buy-molly-online-xtc-online\/\">D<\/a><a style=\"color: #000000;\" href=\"https:\/\/rotexketamshop.com\/lt\/coireail-ketamin-du-lagar-pian-ainsealach\/\">A<\/a> <a style=\"color: #000000;\" href=\"https:\/\/rotexketamshop.com\/lt\/comprar-cetamina-portugal\/\">a<\/a> <a style=\"color: #000000;\" href=\"https:\/\/rotexketamshop.com\/lt\/comprar-ketamina-espana\/\">b<\/a><a style=\"color: #000000;\" href=\"https:\/\/rotexketamshop.com\/lt\/ketamin-medicinsk-anvendelse-danmark\/\">h<\/a><a style=\"color: #000000;\" href=\"https:\/\/rotexketamshop.com\/lt\/ketamin-kaufen-deutschland\/\">l<\/a><a style=\"color: #000000;\" href=\"https:\/\/rotexketamshop.com\/lt\/ketamin-kaufen-oesterreich\/\">o<\/a><a style=\"color: #000000;\" href=\"https:\/\/rotexketamshop.com\/lt\/ketamina-uso-medico-italia\/\">c<\/a><a style=\"color: #000000;\" href=\"https:\/\/rotexketamshop.com\/lt\/ketamina-zastosowanie-medyczne-polska\/\">\u00e1<\/a><a style=\"color: #000000;\" href=\"https:\/\/rotexketamshop.com\/lt\/ketamin-behandling-depression-kronisk-smarta\/\">i<\/a><a style=\"color: #000000;\" href=\"https:\/\/rotexketamshop.com\/lt\/ketamine-behandeling-belgie\/\">l<\/a><a style=\"color: #000000;\" href=\"https:\/\/rotexketamshop.com\/lt\/ketamine-utilisation-medicale-france\/\">,<\/a> <a style=\"color: #000000;\" href=\"https:\/\/rotexketamshop.com\/lt\/ketamine-alaska-uses-therapy-legal-guide\/\">l<\/a><a style=\"color: #000000;\" href=\"https:\/\/rotexketamshop.com\/lt\/ketamine-europe-therapy-uses-legal-guide\/\">a<\/a><a style=\"color: #000000;\" href=\"https:\/\/rotexketamshop.com\/lt\/ketamine-uk-therapy-uses-legal-guide\/\">g<\/a><a style=\"color: #000000;\" href=\"https:\/\/rotexketamshop.com\/lt\/ketamine-treatment-utah-guide\/\">h<\/a><a style=\"color: #000000;\" href=\"https:\/\/rotexketamshop.com\/lt\/ketamine-kopen-nederland\/\">d<\/a><a style=\"color: #000000;\" href=\"https:\/\/rotexketamshop.com\/lt\/ketamine-treatment-colorado\/\">a<\/a><a style=\"color: #000000;\" href=\"https:\/\/rotexketamshop.com\/lt\/ketamine-treatment-colorado-2\/\">\u00ed<\/a><a style=\"color: #000000;\" href=\"https:\/\/rotexketamshop.com\/lt\/ketamine-treatment-utah-what-to-expect\/\">o<\/a><a style=\"color: #000000;\" href=\"https:\/\/rotexketamshop.com\/lt\/ketamine-uses-effects-oregon\/\">n<\/a><a style=\"color: #000000;\" href=\"https:\/\/rotexketamshop.com\/lt\/ketamine-therapy-tennessee-research-guide\/\">n<\/a> <a style=\"color: #000000;\" href=\"https:\/\/rotexketamshop.com\/lt\/ketamine-therapy-idaho-clinical-guide\/\">s<\/a><a style=\"color: #000000;\" href=\"https:\/\/rotexketamshop.com\/lt\/ketamine-therapy-asia-medical-tourism-guide\/\">\u00e9<\/a> <a style=\"color: #000000;\" href=\"https:\/\/rotexketamshop.com\/lt\/ketamine-medical-guide-oregon-therapeutic-use\/\">c<\/a><a style=\"color: #000000;\" href=\"https:\/\/rotexketamshop.com\/lt\/\">o<\/a><a style=\"color: #000000;\" href=\"https:\/\/rotexketamshop.com\/lt\/produkto-kategorija\/ketamine-products-for-sale\/\">m<\/a><a style=\"color: #000000;\" href=\"https:\/\/rotexketamshop.com\/lt\/produkto-kategorija\/prescription-stimulants-category\/\">h<\/a><a style=\"color: #000000;\" href=\"https:\/\/rotexketamshop.com\/lt\/customer-reviews\/\">a<\/a><a style=\"color: #000000;\" href=\"https:\/\/rotexketamshop.com\/lt\/elements\/pages\/about\/\">r<\/a><a style=\"color: #000000;\" href=\"https:\/\/rotexketamshop.com\/lt\/elements\/pages\/contact\/\">t<\/a><a style=\"color: #000000;\" href=\"https:\/\/rotexketamshop.com\/lt\/elements\/product-categories\/\">h<\/a><a style=\"color: #000000;\" href=\"https:\/\/rotexketamshop.com\/lt\/elements\/products\/\">a<\/a><a style=\"color: #000000;\" href=\"https:\/\/rotexketamshop.com\/lt\/privacy-policy\/\">\u00ed<\/a><\/span> pian agus feabhsa\u00edonn s\u00e9 c\u00e1il\u00edocht beatha othar.<\/p>\n\t\t\t\t\t\t\t\t<\/div>\n\t\t\t\t\t<\/div>\n\t\t\t\t<\/div>\n\t\t\t\t<\/div>","protected":false},"excerpt":{"rendered":"","protected":false},"author":2,"featured_media":373,"parent":0,"menu_order":0,"comment_status":"closed","ping_status":"closed","template":"","meta":{"_joinchat":[],"footnotes":""},"class_list":["post-839","page","type-page","status-publish","has-post-thumbnail","hentry"],"yoast_head":"<!-- This site is optimized with the Yoast SEO plugin v27.3 - https:\/\/yoast.com\/product\/yoast-seo-wordpress\/ -->\n<title>Ketamina w Polsce | Medyczne zastosowania w leczeniu depresji, b\u00f3lu i w anestezji<\/title>\n<meta name=\"description\" content=\"Poznaj aktualne medyczne zastosowania ketaminy w Polsce: leczenie depresji opornej, przewlek\u0142ego b\u00f3lu oraz zastosowanie w anestezjologii. Informacje dla specjalist\u00f3w i pacjent\u00f3w.\" \/>\n<meta name=\"robots\" content=\"index, follow, max-snippet:-1, max-image-preview:large, max-video-preview:-1\" \/>\n<link rel=\"canonical\" href=\"https:\/\/rotexketamshop.com\/lt\/ketamina-zastosowanie-medyczne-polska\/\" \/>\n<meta property=\"og:locale\" content=\"lt_LT\" \/>\n<meta property=\"og:type\" content=\"article\" \/>\n<meta property=\"og:title\" content=\"Ketamina w Polsce | Medyczne zastosowania w leczeniu depresji, b\u00f3lu i w anestezji\" \/>\n<meta property=\"og:description\" content=\"Poznaj aktualne medyczne zastosowania ketaminy w Polsce: leczenie depresji opornej, przewlek\u0142ego b\u00f3lu oraz zastosowanie w anestezjologii. Informacje dla specjalist\u00f3w i pacjent\u00f3w.\" \/>\n<meta property=\"og:url\" content=\"https:\/\/rotexketamshop.com\/lt\/ketamina-zastosowanie-medyczne-polska\/\" \/>\n<meta property=\"og:site_name\" content=\"Buy Ketamine In Bulk\" \/>\n<meta property=\"article:modified_time\" content=\"2026-04-02T09:00:24+00:00\" \/>\n<meta property=\"og:image\" content=\"https:\/\/rotexketamshop.com\/wp-content\/uploads\/2023\/06\/662e6278-1e02-4a66-b818-aa7a1b19301b.jpg\" \/>\n\t<meta property=\"og:image:width\" content=\"1280\" \/>\n\t<meta property=\"og:image:height\" content=\"960\" \/>\n\t<meta property=\"og:image:type\" content=\"image\/jpeg\" \/>\n<meta name=\"twitter:card\" content=\"summary_large_image\" \/>\n<meta name=\"twitter:label1\" content=\"Est. reading time\" \/>\n\t<meta name=\"twitter:data1\" content=\"1 minut\u0117\" \/>\n<script type=\"application\/ld+json\" class=\"yoast-schema-graph\">{\"@context\":\"https:\\\/\\\/schema.org\",\"@graph\":[{\"@type\":\"WebPage\",\"@id\":\"https:\\\/\\\/rotexketamshop.com\\\/ketamina-zastosowanie-medyczne-polska\\\/\",\"url\":\"https:\\\/\\\/rotexketamshop.com\\\/ketamina-zastosowanie-medyczne-polska\\\/\",\"name\":\"Ketamina w Polsce | Medyczne zastosowania w leczeniu depresji, b\u00f3lu i w anestezji\",\"isPartOf\":{\"@id\":\"https:\\\/\\\/rotexketamshop.com\\\/#website\"},\"primaryImageOfPage\":{\"@id\":\"https:\\\/\\\/rotexketamshop.com\\\/ketamina-zastosowanie-medyczne-polska\\\/#primaryimage\"},\"image\":{\"@id\":\"https:\\\/\\\/rotexketamshop.com\\\/ketamina-zastosowanie-medyczne-polska\\\/#primaryimage\"},\"thumbnailUrl\":\"https:\\\/\\\/rotexketamshop.com\\\/wp-content\\\/uploads\\\/2023\\\/06\\\/662e6278-1e02-4a66-b818-aa7a1b19301b.jpg\",\"datePublished\":\"2025-08-16T16:13:29+00:00\",\"dateModified\":\"2026-04-02T09:00:24+00:00\",\"description\":\"Poznaj aktualne medyczne zastosowania ketaminy w Polsce: leczenie depresji opornej, przewlek\u0142ego b\u00f3lu oraz zastosowanie w anestezjologii. Informacje dla specjalist\u00f3w i pacjent\u00f3w.\",\"breadcrumb\":{\"@id\":\"https:\\\/\\\/rotexketamshop.com\\\/ketamina-zastosowanie-medyczne-polska\\\/#breadcrumb\"},\"inLanguage\":\"lt-LT\",\"potentialAction\":[{\"@type\":\"ReadAction\",\"target\":[\"https:\\\/\\\/rotexketamshop.com\\\/ketamina-zastosowanie-medyczne-polska\\\/\"]}]},{\"@type\":\"ImageObject\",\"inLanguage\":\"lt-LT\",\"@id\":\"https:\\\/\\\/rotexketamshop.com\\\/ketamina-zastosowanie-medyczne-polska\\\/#primaryimage\",\"url\":\"https:\\\/\\\/rotexketamshop.com\\\/wp-content\\\/uploads\\\/2023\\\/06\\\/662e6278-1e02-4a66-b818-aa7a1b19301b.jpg\",\"contentUrl\":\"https:\\\/\\\/rotexketamshop.com\\\/wp-content\\\/uploads\\\/2023\\\/06\\\/662e6278-1e02-4a66-b818-aa7a1b19301b.jpg\",\"width\":1280,\"height\":960,\"caption\":\"ketam\u00edn, c\u00f3ire\u00e1il ketam\u00edn, ketam\u00edn d\u00falagar, ketam\u00edn pian ainsealach, ketam\u00edn c\u00f3ire\u00e1il \u00c9ire, ketam\u00edn teiripe, ketam\u00edn infusion, ketam\u00edn spray sr\u00f3n, ketam\u00edn druga, ketam\u00edn \u00fas\u00e1id chlinici\u00fail, ketam\u00edn agus inchinn, ketam\u00edn gabhd\u00f3ir\u00ed NMDA, ketam\u00edn i gc\u00f3ire\u00e1il meabhrach, ketam\u00edn pian neuropatach, ketam\u00edn agus sl\u00e1inte meabhrach, ketam\u00edn taighde, ketam\u00edn in ospid\u00e9il, ketam\u00edn do dhaoine f\u00e1sta, ketam\u00edn do dh\u00e9ag\u00f3ir\u00ed, ketam\u00edn agus d\u00falagar trom, ketam\u00edn i bpian ainsealach, ketam\u00edn sa ch\u00f3ras sl\u00e1inte, ketam\u00edn leighis, ketam\u00edn c\u00f3gais\u00edocht, ketam\u00edn agus \u00e9ifeachta\u00ed, ketam\u00edn c\u00f3ire\u00e1il malartach, ketam\u00edn agus ain\u00e9ist\u00e9ise, ketam\u00edn agus PTSD, ketam\u00edn ag othar, ketam\u00edn agus aicme druga\u00ed, ketam\u00edn rialach\u00e1n, ketam\u00edn leighis \u00c9ire, ketam\u00edn agus taighde nua, ketam\u00edn \u00fas\u00e1ide clinici\u00fail, ketam\u00edn othar comhairle, ketam\u00edn agus c\u00f3ire\u00e1il phearsanta, ketam\u00edn agus feabhs\u00fa meabhrach, ketam\u00edn fo-iarsma\u00ed, ketam\u00edn agus teicn\u00edc\u00ed c\u00f3ire\u00e1la, ketam\u00edn agus s\u00edceola\u00edocht.\"},{\"@type\":\"BreadcrumbList\",\"@id\":\"https:\\\/\\\/rotexketamshop.com\\\/ketamina-zastosowanie-medyczne-polska\\\/#breadcrumb\",\"itemListElement\":[{\"@type\":\"ListItem\",\"position\":1,\"name\":\"Home\",\"item\":\"https:\\\/\\\/rotexketamshop.com\\\/\"},{\"@type\":\"ListItem\",\"position\":2,\"name\":\"Ketamina w Polsce \u2014 Zastosowanie Medyczne i Badania Kliniczne\"}]},{\"@type\":\"WebSite\",\"@id\":\"https:\\\/\\\/rotexketamshop.com\\\/#website\",\"url\":\"https:\\\/\\\/rotexketamshop.com\\\/\",\"name\":\"Buy Ketamine In Bulk\",\"description\":\"Ketamine For Sale Online\",\"potentialAction\":[{\"@type\":\"SearchAction\",\"target\":{\"@type\":\"EntryPoint\",\"urlTemplate\":\"https:\\\/\\\/rotexketamshop.com\\\/?s={search_term_string}\"},\"query-input\":{\"@type\":\"PropertyValueSpecification\",\"valueRequired\":true,\"valueName\":\"search_term_string\"}}],\"inLanguage\":\"lt-LT\"}]}<\/script>\n<!-- \/ Yoast SEO plugin. -->","yoast_head_json":{"title":"Ketamina w Polsce | Medyczne zastosowania w leczeniu depresji, b\u00f3lu i w anestezji","description":"Poznaj aktualne medyczne zastosowania ketaminy w Polsce: leczenie depresji opornej, przewlek\u0142ego b\u00f3lu oraz zastosowanie w anestezjologii. Informacje dla specjalist\u00f3w i pacjent\u00f3w.","robots":{"index":"index","follow":"follow","max-snippet":"max-snippet:-1","max-image-preview":"max-image-preview:large","max-video-preview":"max-video-preview:-1"},"canonical":"https:\/\/rotexketamshop.com\/lt\/ketamina-zastosowanie-medyczne-polska\/","og_locale":"lt_LT","og_type":"article","og_title":"Ketamina w Polsce | Medyczne zastosowania w leczeniu depresji, b\u00f3lu i w anestezji","og_description":"Poznaj aktualne medyczne zastosowania ketaminy w Polsce: leczenie depresji opornej, przewlek\u0142ego b\u00f3lu oraz zastosowanie w anestezjologii. Informacje dla specjalist\u00f3w i pacjent\u00f3w.","og_url":"https:\/\/rotexketamshop.com\/lt\/ketamina-zastosowanie-medyczne-polska\/","og_site_name":"Buy Ketamine In Bulk","article_modified_time":"2026-04-02T09:00:24+00:00","og_image":[{"width":1280,"height":960,"url":"https:\/\/rotexketamshop.com\/wp-content\/uploads\/2023\/06\/662e6278-1e02-4a66-b818-aa7a1b19301b.jpg","type":"image\/jpeg"}],"twitter_card":"summary_large_image","twitter_misc":{"Est. reading time":"1 minut\u0117"},"schema":{"@context":"https:\/\/schema.org","@graph":[{"@type":"WebPage","@id":"https:\/\/rotexketamshop.com\/ketamina-zastosowanie-medyczne-polska\/","url":"https:\/\/rotexketamshop.com\/ketamina-zastosowanie-medyczne-polska\/","name":"Ketamina w Polsce | Medyczne zastosowania w leczeniu depresji, b\u00f3lu i w anestezji","isPartOf":{"@id":"https:\/\/rotexketamshop.com\/#website"},"primaryImageOfPage":{"@id":"https:\/\/rotexketamshop.com\/ketamina-zastosowanie-medyczne-polska\/#primaryimage"},"image":{"@id":"https:\/\/rotexketamshop.com\/ketamina-zastosowanie-medyczne-polska\/#primaryimage"},"thumbnailUrl":"https:\/\/rotexketamshop.com\/wp-content\/uploads\/2023\/06\/662e6278-1e02-4a66-b818-aa7a1b19301b.jpg","datePublished":"2025-08-16T16:13:29+00:00","dateModified":"2026-04-02T09:00:24+00:00","description":"Poznaj aktualne medyczne zastosowania ketaminy w Polsce: leczenie depresji opornej, przewlek\u0142ego b\u00f3lu oraz zastosowanie w anestezjologii. Informacje dla specjalist\u00f3w i pacjent\u00f3w.","breadcrumb":{"@id":"https:\/\/rotexketamshop.com\/ketamina-zastosowanie-medyczne-polska\/#breadcrumb"},"inLanguage":"lt-LT","potentialAction":[{"@type":"ReadAction","target":["https:\/\/rotexketamshop.com\/ketamina-zastosowanie-medyczne-polska\/"]}]},{"@type":"ImageObject","inLanguage":"lt-LT","@id":"https:\/\/rotexketamshop.com\/ketamina-zastosowanie-medyczne-polska\/#primaryimage","url":"https:\/\/rotexketamshop.com\/wp-content\/uploads\/2023\/06\/662e6278-1e02-4a66-b818-aa7a1b19301b.jpg","contentUrl":"https:\/\/rotexketamshop.com\/wp-content\/uploads\/2023\/06\/662e6278-1e02-4a66-b818-aa7a1b19301b.jpg","width":1280,"height":960,"caption":"ketam\u00edn, c\u00f3ire\u00e1il ketam\u00edn, ketam\u00edn d\u00falagar, ketam\u00edn pian ainsealach, ketam\u00edn c\u00f3ire\u00e1il \u00c9ire, ketam\u00edn teiripe, ketam\u00edn infusion, ketam\u00edn spray sr\u00f3n, ketam\u00edn druga, ketam\u00edn \u00fas\u00e1id chlinici\u00fail, ketam\u00edn agus inchinn, ketam\u00edn gabhd\u00f3ir\u00ed NMDA, ketam\u00edn i gc\u00f3ire\u00e1il meabhrach, ketam\u00edn pian neuropatach, ketam\u00edn agus sl\u00e1inte meabhrach, ketam\u00edn taighde, ketam\u00edn in ospid\u00e9il, ketam\u00edn do dhaoine f\u00e1sta, ketam\u00edn do dh\u00e9ag\u00f3ir\u00ed, ketam\u00edn agus d\u00falagar trom, ketam\u00edn i bpian ainsealach, ketam\u00edn sa ch\u00f3ras sl\u00e1inte, ketam\u00edn leighis, ketam\u00edn c\u00f3gais\u00edocht, ketam\u00edn agus \u00e9ifeachta\u00ed, ketam\u00edn c\u00f3ire\u00e1il malartach, ketam\u00edn agus ain\u00e9ist\u00e9ise, ketam\u00edn agus PTSD, ketam\u00edn ag othar, ketam\u00edn agus aicme druga\u00ed, ketam\u00edn rialach\u00e1n, ketam\u00edn leighis \u00c9ire, ketam\u00edn agus taighde nua, ketam\u00edn \u00fas\u00e1ide clinici\u00fail, ketam\u00edn othar comhairle, ketam\u00edn agus c\u00f3ire\u00e1il phearsanta, ketam\u00edn agus feabhs\u00fa meabhrach, ketam\u00edn fo-iarsma\u00ed, ketam\u00edn agus teicn\u00edc\u00ed c\u00f3ire\u00e1la, ketam\u00edn agus s\u00edceola\u00edocht."},{"@type":"BreadcrumbList","@id":"https:\/\/rotexketamshop.com\/ketamina-zastosowanie-medyczne-polska\/#breadcrumb","itemListElement":[{"@type":"ListItem","position":1,"name":"Home","item":"https:\/\/rotexketamshop.com\/"},{"@type":"ListItem","position":2,"name":"Ketamina w Polsce \u2014 Zastosowanie Medyczne i Badania Kliniczne"}]},{"@type":"WebSite","@id":"https:\/\/rotexketamshop.com\/#website","url":"https:\/\/rotexketamshop.com\/","name":"Buy Ketamine In Bulk","description":"Ketamine For Sale Online","potentialAction":[{"@type":"SearchAction","target":{"@type":"EntryPoint","urlTemplate":"https:\/\/rotexketamshop.com\/?s={search_term_string}"},"query-input":{"@type":"PropertyValueSpecification","valueRequired":true,"valueName":"search_term_string"}}],"inLanguage":"lt-LT"}]}},"_links":{"self":[{"href":"https:\/\/rotexketamshop.com\/lt\/wp-json\/wp\/v2\/pages\/839","targetHints":{"allow":["GET"]}}],"collection":[{"href":"https:\/\/rotexketamshop.com\/lt\/wp-json\/wp\/v2\/pages"}],"about":[{"href":"https:\/\/rotexketamshop.com\/lt\/wp-json\/wp\/v2\/types\/page"}],"author":[{"embeddable":true,"href":"https:\/\/rotexketamshop.com\/lt\/wp-json\/wp\/v2\/users\/2"}],"replies":[{"embeddable":true,"href":"https:\/\/rotexketamshop.com\/lt\/wp-json\/wp\/v2\/comments?post=839"}],"version-history":[{"count":5,"href":"https:\/\/rotexketamshop.com\/lt\/wp-json\/wp\/v2\/pages\/839\/revisions"}],"predecessor-version":[{"id":1065,"href":"https:\/\/rotexketamshop.com\/lt\/wp-json\/wp\/v2\/pages\/839\/revisions\/1065"}],"wp:featuredmedia":[{"embeddable":true,"href":"https:\/\/rotexketamshop.com\/lt\/wp-json\/wp\/v2\/media\/373"}],"wp:attachment":[{"href":"https:\/\/rotexketamshop.com\/lt\/wp-json\/wp\/v2\/media?parent=839"}],"curies":[{"name":"wp","href":"https:\/\/api.w.org\/{rel}","templated":true}]}}