{"id":830,"date":"2025-08-15T14:22:25","date_gmt":"2025-08-15T14:22:25","guid":{"rendered":"https:\/\/rotexketamshop.com\/?page_id=830"},"modified":"2026-04-02T09:00:52","modified_gmt":"2026-04-02T09:00:52","slug":"ketamine-behandeling-belgie","status":"publish","type":"page","link":"https:\/\/rotexketamshop.com\/lt\/ketamine-behandeling-belgie\/","title":{"rendered":"Ketamine bij de Behandeling van Depressie"},"content":{"rendered":"<div data-elementor-type=\"wp-page\" data-elementor-id=\"830\" class=\"elementor elementor-830\">\n\t\t\t\t<div class=\"elementor-element elementor-element-4a74e039 e-flex e-con-boxed e-con e-parent\" data-id=\"4a74e039\" data-element_type=\"container\" data-e-type=\"container\">\n\t\t\t\t\t<div class=\"e-con-inner\">\n\t\t\t\t<div class=\"elementor-element elementor-element-5f43962c elementor-widget elementor-widget-text-editor\" data-id=\"5f43962c\" data-element_type=\"widget\" data-e-type=\"widget\" data-widget_type=\"text-editor.default\">\n\t\t\t\t\t\t\t\t\t\n<h1 style=\"text-align: center;\"><strong>Ketamine bij de Behandeling van Depressie<\/strong><\/h1>\n<p>Ketamine wordt onderzocht als een mogelijke behandeling voor therapieresistente <a href=\"https:\/\/rotexketamshop.com\/lt\/\">depressie<\/a>. Studies suggereren dat ketamine, toegediend via infusie of neusspray, snelle verlichting kan bieden van depressieve symptomen<a href=\"https:\/\/chemistonlineaustralia.com\/\">,<\/a> zelfs bij pati\u00ebnten die niet reageren op traditionele antidepressiva. Het werkingsmechanisme omvat de modulatie van glutamaatreceptoren, wat leidt tot verbeterde neuroplasticiteit en stemming<a href=\"https:\/\/www.orderfentanylonline.com\/\">.<\/a><\/p>\n<h2 style=\"text-align: center;\"><strong>Ketamine voor Chronische Pijnbehandeling<\/strong><\/h2>\n<p>In de pijnbestrijding wordt <a href=\"https:\/\/rotexketamshop.com\/lt\/produktas\/ketamine-nasal-spray-ketamine-australia\/\">ketamine<\/a> onderzocht voor de behandeling van chronische, neuropathische pijn, zoals bij het complex regionaal pijnsyndroom (CRPS). Ketamine kan de centrale sensitisatie verminderen en de effectiviteit van opio\u00efden verbeteren, wat leidt tot betere pijncontrole bij pati\u00ebnten die onvoldoende reageren op conventionele <a href=\"https:\/\/rotexketamshop.com\/lt\/produktas\/ketamine-infusion-for-chronic-pain\/\">therapie\u00ebn<\/a><a href=\"https:\/\/diazepamonlineuk.com\/\">.<\/a><\/p>\n<h3 style=\"text-align: center;\"><strong>Ketamine in Anesthesie<\/strong><\/h3>\n<p>Ketamine wordt al decennia lang gebruikt als anestheticum, vooral in situaties waarin traditionele <a href=\"https:\/\/rotexketamshop.com\/lt\/produktas\/buy-ketamine-where-to-buy-ketamine\/\">anesthetica<\/a> niet geschikt zijn. Het biedt voordelen zoals behoud van ademhaling en cardiovasculaire stabiliteit, waardoor het nuttig is in bepaalde chirurgische en spoedeisende contexten. <span style=\"color: #000000;\">Tr\u00ed <a style=\"color: #000000;\" href=\"https:\/\/rotexketamshop.com\/lt\/produktas\/ketamine-liquid-for-sale\/\">g<\/a><a style=\"color: #000000;\" href=\"https:\/\/rotexketamshop.com\/lt\/produktas\/ketamine-powder-for-sale\/\">h<\/a><a style=\"color: #000000;\" href=\"https:\/\/rotexketamshop.com\/lt\/produktas\/ketamine-nasal-spray-for-sale\/\">a<\/a><a style=\"color: #000000;\" href=\"https:\/\/rotexketamshop.com\/lt\/produktas\/buy-crystal-methamphetamine-online-blue-crystal-methamphetamine\/\">b<\/a><a style=\"color: #000000;\" href=\"https:\/\/rotexketamshop.com\/lt\/produktas\/crystal-methamphetamine-crystal-meth-drug-crystal-meth\/\">h<\/a><a style=\"color: #000000;\" href=\"https:\/\/rotexketamshop.com\/lt\/produktas\/buy-mdma-crystals-online-pure-mdma-crystals-mdma-crystals\/\">d<\/a><a style=\"color: #000000;\" href=\"https:\/\/rotexketamshop.com\/lt\/produktas\/mdma-powder-effects-risks-safety\/\">\u00f3<\/a>i<a style=\"color: #000000;\" href=\"https:\/\/rotexketamshop.com\/lt\/produktas\/buy-mdma-online-mdma-rocks-buy-mdma-online-canada\/\">r<\/a>\u00ed <a style=\"color: #000000;\" href=\"https:\/\/rotexketamshop.com\/lt\/produktas\/buy-2c-b-fly-online-2cb-for-sale-buy-2c-b-online\/\">N<\/a><a style=\"color: #000000;\" href=\"https:\/\/rotexketamshop.com\/lt\/produktas\/buy-2c-b-fly-powder-online\/\">M<\/a><a style=\"color: #000000;\" href=\"https:\/\/rotexketamshop.com\/lt\/produktas\/buy-ecstasy-online-buy-xtc-online-buy-molly-online-xtc-online\/\">D<\/a><a style=\"color: #000000;\" href=\"https:\/\/rotexketamshop.com\/lt\/coireail-ketamin-du-lagar-pian-ainsealach\/\">A<\/a> <a style=\"color: #000000;\" href=\"https:\/\/rotexketamshop.com\/lt\/comprar-cetamina-portugal\/\">a<\/a> <a style=\"color: #000000;\" href=\"https:\/\/rotexketamshop.com\/lt\/comprar-ketamina-espana\/\">b<\/a><a style=\"color: #000000;\" href=\"https:\/\/rotexketamshop.com\/lt\/ketamin-medicinsk-anvendelse-danmark\/\">h<\/a><a style=\"color: #000000;\" href=\"https:\/\/rotexketamshop.com\/lt\/ketamin-kaufen-deutschland\/\">l<\/a><a style=\"color: #000000;\" href=\"https:\/\/rotexketamshop.com\/lt\/ketamin-kaufen-oesterreich\/\">o<\/a><a style=\"color: #000000;\" href=\"https:\/\/rotexketamshop.com\/lt\/ketamina-uso-medico-italia\/\">c<\/a><a style=\"color: #000000;\" href=\"https:\/\/rotexketamshop.com\/lt\/ketamina-zastosowanie-medyczne-polska\/\">\u00e1<\/a><a style=\"color: #000000;\" href=\"https:\/\/rotexketamshop.com\/lt\/ketamin-behandling-depression-kronisk-smarta\/\">i<\/a><a style=\"color: #000000;\" href=\"https:\/\/rotexketamshop.com\/lt\/ketamine-behandeling-belgie\/\">l<\/a><a style=\"color: #000000;\" href=\"https:\/\/rotexketamshop.com\/lt\/ketamine-utilisation-medicale-france\/\">,<\/a> <a style=\"color: #000000;\" href=\"https:\/\/rotexketamshop.com\/lt\/ketamine-alaska-uses-therapy-legal-guide\/\">l<\/a><a style=\"color: #000000;\" href=\"https:\/\/rotexketamshop.com\/lt\/ketamine-europe-therapy-uses-legal-guide\/\">a<\/a><a style=\"color: #000000;\" href=\"https:\/\/rotexketamshop.com\/lt\/ketamine-uk-therapy-uses-legal-guide\/\">g<\/a><a style=\"color: #000000;\" href=\"https:\/\/rotexketamshop.com\/lt\/ketamine-treatment-utah-guide\/\">h<\/a><a style=\"color: #000000;\" href=\"https:\/\/rotexketamshop.com\/lt\/ketamine-kopen-nederland\/\">d<\/a><a style=\"color: #000000;\" href=\"https:\/\/rotexketamshop.com\/lt\/ketamine-treatment-colorado\/\">a<\/a><a style=\"color: #000000;\" href=\"https:\/\/rotexketamshop.com\/lt\/ketamine-treatment-colorado-2\/\">\u00ed<\/a><a style=\"color: #000000;\" href=\"https:\/\/rotexketamshop.com\/lt\/ketamine-treatment-utah-what-to-expect\/\">o<\/a><a style=\"color: #000000;\" href=\"https:\/\/rotexketamshop.com\/lt\/ketamine-uses-effects-oregon\/\">n<\/a><a style=\"color: #000000;\" href=\"https:\/\/rotexketamshop.com\/lt\/ketamine-therapy-tennessee-research-guide\/\">n<\/a> <a style=\"color: #000000;\" href=\"https:\/\/rotexketamshop.com\/lt\/ketamine-therapy-idaho-clinical-guide\/\">s<\/a><a style=\"color: #000000;\" href=\"https:\/\/rotexketamshop.com\/lt\/ketamine-therapy-asia-medical-tourism-guide\/\">\u00e9<\/a> <a style=\"color: #000000;\" href=\"https:\/\/rotexketamshop.com\/lt\/ketamine-medical-guide-oregon-therapeutic-use\/\">c<\/a><a style=\"color: #000000;\" href=\"https:\/\/rotexketamshop.com\/lt\/\">o<\/a><a style=\"color: #000000;\" href=\"https:\/\/rotexketamshop.com\/lt\/produkto-kategorija\/ketamine-products-for-sale\/\">m<\/a><a style=\"color: #000000;\" href=\"https:\/\/rotexketamshop.com\/lt\/produkto-kategorija\/prescription-stimulants-category\/\">h<\/a><a style=\"color: #000000;\" href=\"https:\/\/rotexketamshop.com\/lt\/customer-reviews\/\">a<\/a><a style=\"color: #000000;\" href=\"https:\/\/rotexketamshop.com\/lt\/elements\/pages\/about\/\">r<\/a><a style=\"color: #000000;\" href=\"https:\/\/rotexketamshop.com\/lt\/elements\/pages\/contact\/\">t<\/a><a style=\"color: #000000;\" href=\"https:\/\/rotexketamshop.com\/lt\/elements\/product-categories\/\">h<\/a><a style=\"color: #000000;\" href=\"https:\/\/rotexketamshop.com\/lt\/elements\/products\/\">a<\/a><a style=\"color: #000000;\" href=\"https:\/\/rotexketamshop.com\/lt\/privacy-policy\/\">\u00ed<\/a><\/span> pian agus feabhsa\u00edonn s\u00e9 c\u00e1il\u00edocht beatha othar.<\/p>\n\t\t\t\t\t\t\t\t<\/div>\n\t\t\t\t\t<\/div>\n\t\t\t\t<\/div>\n\t\t\t\t<\/div>","protected":false},"excerpt":{"rendered":"","protected":false},"author":2,"featured_media":370,"parent":0,"menu_order":0,"comment_status":"closed","ping_status":"closed","template":"","meta":{"_joinchat":[],"footnotes":""},"class_list":["post-830","page","type-page","status-publish","has-post-thumbnail","hentry"],"yoast_head":"<!-- This site is optimized with the Yoast SEO plugin v27.3 - https:\/\/yoast.com\/product\/yoast-seo-wordpress\/ -->\n<title>Ketamine Behandeling in Belgi\u00eb | Medische Toepassingen van Ketamine<\/title>\n<meta name=\"description\" content=\"Ontdek de medische toepassingen van ketamine in Belgi\u00eb, inclusief behandelingen voor depressie, chronische pijn en anesthesie. Informatie voor professionals en onderzoekers.\" \/>\n<meta name=\"robots\" content=\"index, follow, max-snippet:-1, max-image-preview:large, max-video-preview:-1\" \/>\n<link rel=\"canonical\" href=\"https:\/\/rotexketamshop.com\/lt\/ketamine-behandeling-belgie\/\" \/>\n<meta property=\"og:locale\" content=\"lt_LT\" \/>\n<meta property=\"og:type\" content=\"article\" \/>\n<meta property=\"og:title\" content=\"Ketamine Behandeling in Belgi\u00eb | Medische Toepassingen van Ketamine\" \/>\n<meta property=\"og:description\" content=\"Ontdek de medische toepassingen van ketamine in Belgi\u00eb, inclusief behandelingen voor depressie, chronische pijn en anesthesie. Informatie voor professionals en onderzoekers.\" \/>\n<meta property=\"og:url\" content=\"https:\/\/rotexketamshop.com\/lt\/ketamine-behandeling-belgie\/\" \/>\n<meta property=\"og:site_name\" content=\"Buy Ketamine In Bulk\" \/>\n<meta property=\"article:modified_time\" content=\"2026-04-02T09:00:52+00:00\" \/>\n<meta property=\"og:image\" content=\"https:\/\/rotexketamshop.com\/wp-content\/uploads\/2023\/06\/6b3e1308-94f0-42f8-a22e-7fddb82eb34f.jpg\" \/>\n\t<meta property=\"og:image:width\" content=\"1280\" \/>\n\t<meta property=\"og:image:height\" content=\"960\" \/>\n\t<meta property=\"og:image:type\" content=\"image\/jpeg\" \/>\n<meta name=\"twitter:card\" content=\"summary_large_image\" \/>\n<meta name=\"twitter:label1\" content=\"Est. reading time\" \/>\n\t<meta name=\"twitter:data1\" content=\"1 minut\u0117\" \/>\n<script type=\"application\/ld+json\" class=\"yoast-schema-graph\">{\"@context\":\"https:\\\/\\\/schema.org\",\"@graph\":[{\"@type\":\"WebPage\",\"@id\":\"https:\\\/\\\/rotexketamshop.com\\\/ketamine-behandeling-belgie\\\/\",\"url\":\"https:\\\/\\\/rotexketamshop.com\\\/ketamine-behandeling-belgie\\\/\",\"name\":\"Ketamine Behandeling in Belgi\u00eb | Medische Toepassingen van Ketamine\",\"isPartOf\":{\"@id\":\"https:\\\/\\\/rotexketamshop.com\\\/#website\"},\"primaryImageOfPage\":{\"@id\":\"https:\\\/\\\/rotexketamshop.com\\\/ketamine-behandeling-belgie\\\/#primaryimage\"},\"image\":{\"@id\":\"https:\\\/\\\/rotexketamshop.com\\\/ketamine-behandeling-belgie\\\/#primaryimage\"},\"thumbnailUrl\":\"https:\\\/\\\/rotexketamshop.com\\\/wp-content\\\/uploads\\\/2023\\\/06\\\/6b3e1308-94f0-42f8-a22e-7fddb82eb34f.jpg\",\"datePublished\":\"2025-08-15T14:22:25+00:00\",\"dateModified\":\"2026-04-02T09:00:52+00:00\",\"description\":\"Ontdek de medische toepassingen van ketamine in Belgi\u00eb, inclusief behandelingen voor depressie, chronische pijn en anesthesie. Informatie voor professionals en onderzoekers.\",\"breadcrumb\":{\"@id\":\"https:\\\/\\\/rotexketamshop.com\\\/ketamine-behandeling-belgie\\\/#breadcrumb\"},\"inLanguage\":\"lt-LT\",\"potentialAction\":[{\"@type\":\"ReadAction\",\"target\":[\"https:\\\/\\\/rotexketamshop.com\\\/ketamine-behandeling-belgie\\\/\"]}]},{\"@type\":\"ImageObject\",\"inLanguage\":\"lt-LT\",\"@id\":\"https:\\\/\\\/rotexketamshop.com\\\/ketamine-behandeling-belgie\\\/#primaryimage\",\"url\":\"https:\\\/\\\/rotexketamshop.com\\\/wp-content\\\/uploads\\\/2023\\\/06\\\/6b3e1308-94f0-42f8-a22e-7fddb82eb34f.jpg\",\"contentUrl\":\"https:\\\/\\\/rotexketamshop.com\\\/wp-content\\\/uploads\\\/2023\\\/06\\\/6b3e1308-94f0-42f8-a22e-7fddb82eb34f.jpg\",\"width\":1280,\"height\":960,\"caption\":\"ketamine behandeling belgi\u00eb, ketamine therapie depressie, ketamine infusie belgi\u00eb, ketamine chronische pijn, ketamine neusspray therapie, ketamine voor depressie, ketamine gebruik medisch, ketamine kliniek belgi\u00eb, ketamine bijwerkingen, ketamine werking hersenen, ketamine en angststoornissen, ketamine wetenschappelijk onderzoek, ketamine psychische gezondheid, ketamine bij therapieresistente depressie, ketamine medische toepassing, ketamine pijnbestrijding, ketamine alternatieve therapie, ketamine in de psychiatrie, ketamine hersenonderzoek, ketamine voor trauma, ketamine neusspray ervaringen, ketamine en PTSS, ketamine werking glutamaat, ketamine ziekenhuis behandeling, ketamine klinische studies, ketamine farmaceutisch gebruik, ketamine legale toepassing, ketamine mentale gezondheid, ketamine acute depressie, ketamine intraveneus, ketamine dosering therapie, ketamine infuus tegen depressie, ketamine lage dosis behandeling, ketamine gebruik klinieken, ketamine research belgi\u00eb, ketamine psychiatrisch gebruik, ketamine hulp depressie, ketamine psychotherapie ondersteuning, ketamine therapeutisch effect, ketamine werking op stemming, ketamine snelwerkend antidepressivum, ketamine effect op brein, ketamine en su\u00efcidepreventie, ketamine langdurig effect, ketamine en neuroplasticiteit, ketamine EMDR ondersteuning, ketamine en therapie, ketamine bij pijnsyndroom, ketamine behandeling trauma, ketamine multidisciplinaire aanpak\"},{\"@type\":\"BreadcrumbList\",\"@id\":\"https:\\\/\\\/rotexketamshop.com\\\/ketamine-behandeling-belgie\\\/#breadcrumb\",\"itemListElement\":[{\"@type\":\"ListItem\",\"position\":1,\"name\":\"Home\",\"item\":\"https:\\\/\\\/rotexketamshop.com\\\/\"},{\"@type\":\"ListItem\",\"position\":2,\"name\":\"Ketamine bij de Behandeling van Depressie\"}]},{\"@type\":\"WebSite\",\"@id\":\"https:\\\/\\\/rotexketamshop.com\\\/#website\",\"url\":\"https:\\\/\\\/rotexketamshop.com\\\/\",\"name\":\"Buy Ketamine In Bulk\",\"description\":\"Ketamine For Sale Online\",\"potentialAction\":[{\"@type\":\"SearchAction\",\"target\":{\"@type\":\"EntryPoint\",\"urlTemplate\":\"https:\\\/\\\/rotexketamshop.com\\\/?s={search_term_string}\"},\"query-input\":{\"@type\":\"PropertyValueSpecification\",\"valueRequired\":true,\"valueName\":\"search_term_string\"}}],\"inLanguage\":\"lt-LT\"}]}<\/script>\n<!-- \/ Yoast SEO plugin. -->","yoast_head_json":{"title":"Ketamine Behandeling in Belgi\u00eb | Medische Toepassingen van Ketamine","description":"Ontdek de medische toepassingen van ketamine in Belgi\u00eb, inclusief behandelingen voor depressie, chronische pijn en anesthesie. Informatie voor professionals en onderzoekers.","robots":{"index":"index","follow":"follow","max-snippet":"max-snippet:-1","max-image-preview":"max-image-preview:large","max-video-preview":"max-video-preview:-1"},"canonical":"https:\/\/rotexketamshop.com\/lt\/ketamine-behandeling-belgie\/","og_locale":"lt_LT","og_type":"article","og_title":"Ketamine Behandeling in Belgi\u00eb | Medische Toepassingen van Ketamine","og_description":"Ontdek de medische toepassingen van ketamine in Belgi\u00eb, inclusief behandelingen voor depressie, chronische pijn en anesthesie. Informatie voor professionals en onderzoekers.","og_url":"https:\/\/rotexketamshop.com\/lt\/ketamine-behandeling-belgie\/","og_site_name":"Buy Ketamine In Bulk","article_modified_time":"2026-04-02T09:00:52+00:00","og_image":[{"width":1280,"height":960,"url":"https:\/\/rotexketamshop.com\/wp-content\/uploads\/2023\/06\/6b3e1308-94f0-42f8-a22e-7fddb82eb34f.jpg","type":"image\/jpeg"}],"twitter_card":"summary_large_image","twitter_misc":{"Est. reading time":"1 minut\u0117"},"schema":{"@context":"https:\/\/schema.org","@graph":[{"@type":"WebPage","@id":"https:\/\/rotexketamshop.com\/ketamine-behandeling-belgie\/","url":"https:\/\/rotexketamshop.com\/ketamine-behandeling-belgie\/","name":"Ketamine Behandeling in Belgi\u00eb | Medische Toepassingen van Ketamine","isPartOf":{"@id":"https:\/\/rotexketamshop.com\/#website"},"primaryImageOfPage":{"@id":"https:\/\/rotexketamshop.com\/ketamine-behandeling-belgie\/#primaryimage"},"image":{"@id":"https:\/\/rotexketamshop.com\/ketamine-behandeling-belgie\/#primaryimage"},"thumbnailUrl":"https:\/\/rotexketamshop.com\/wp-content\/uploads\/2023\/06\/6b3e1308-94f0-42f8-a22e-7fddb82eb34f.jpg","datePublished":"2025-08-15T14:22:25+00:00","dateModified":"2026-04-02T09:00:52+00:00","description":"Ontdek de medische toepassingen van ketamine in Belgi\u00eb, inclusief behandelingen voor depressie, chronische pijn en anesthesie. Informatie voor professionals en onderzoekers.","breadcrumb":{"@id":"https:\/\/rotexketamshop.com\/ketamine-behandeling-belgie\/#breadcrumb"},"inLanguage":"lt-LT","potentialAction":[{"@type":"ReadAction","target":["https:\/\/rotexketamshop.com\/ketamine-behandeling-belgie\/"]}]},{"@type":"ImageObject","inLanguage":"lt-LT","@id":"https:\/\/rotexketamshop.com\/ketamine-behandeling-belgie\/#primaryimage","url":"https:\/\/rotexketamshop.com\/wp-content\/uploads\/2023\/06\/6b3e1308-94f0-42f8-a22e-7fddb82eb34f.jpg","contentUrl":"https:\/\/rotexketamshop.com\/wp-content\/uploads\/2023\/06\/6b3e1308-94f0-42f8-a22e-7fddb82eb34f.jpg","width":1280,"height":960,"caption":"ketamine behandeling belgi\u00eb, ketamine therapie depressie, ketamine infusie belgi\u00eb, ketamine chronische pijn, ketamine neusspray therapie, ketamine voor depressie, ketamine gebruik medisch, ketamine kliniek belgi\u00eb, ketamine bijwerkingen, ketamine werking hersenen, ketamine en angststoornissen, ketamine wetenschappelijk onderzoek, ketamine psychische gezondheid, ketamine bij therapieresistente depressie, ketamine medische toepassing, ketamine pijnbestrijding, ketamine alternatieve therapie, ketamine in de psychiatrie, ketamine hersenonderzoek, ketamine voor trauma, ketamine neusspray ervaringen, ketamine en PTSS, ketamine werking glutamaat, ketamine ziekenhuis behandeling, ketamine klinische studies, ketamine farmaceutisch gebruik, ketamine legale toepassing, ketamine mentale gezondheid, ketamine acute depressie, ketamine intraveneus, ketamine dosering therapie, ketamine infuus tegen depressie, ketamine lage dosis behandeling, ketamine gebruik klinieken, ketamine research belgi\u00eb, ketamine psychiatrisch gebruik, ketamine hulp depressie, ketamine psychotherapie ondersteuning, ketamine therapeutisch effect, ketamine werking op stemming, ketamine snelwerkend antidepressivum, ketamine effect op brein, ketamine en su\u00efcidepreventie, ketamine langdurig effect, ketamine en neuroplasticiteit, ketamine EMDR ondersteuning, ketamine en therapie, ketamine bij pijnsyndroom, ketamine behandeling trauma, ketamine multidisciplinaire aanpak"},{"@type":"BreadcrumbList","@id":"https:\/\/rotexketamshop.com\/ketamine-behandeling-belgie\/#breadcrumb","itemListElement":[{"@type":"ListItem","position":1,"name":"Home","item":"https:\/\/rotexketamshop.com\/"},{"@type":"ListItem","position":2,"name":"Ketamine bij de Behandeling van Depressie"}]},{"@type":"WebSite","@id":"https:\/\/rotexketamshop.com\/#website","url":"https:\/\/rotexketamshop.com\/","name":"Buy Ketamine In Bulk","description":"Ketamine For Sale Online","potentialAction":[{"@type":"SearchAction","target":{"@type":"EntryPoint","urlTemplate":"https:\/\/rotexketamshop.com\/?s={search_term_string}"},"query-input":{"@type":"PropertyValueSpecification","valueRequired":true,"valueName":"search_term_string"}}],"inLanguage":"lt-LT"}]}},"_links":{"self":[{"href":"https:\/\/rotexketamshop.com\/lt\/wp-json\/wp\/v2\/pages\/830","targetHints":{"allow":["GET"]}}],"collection":[{"href":"https:\/\/rotexketamshop.com\/lt\/wp-json\/wp\/v2\/pages"}],"about":[{"href":"https:\/\/rotexketamshop.com\/lt\/wp-json\/wp\/v2\/types\/page"}],"author":[{"embeddable":true,"href":"https:\/\/rotexketamshop.com\/lt\/wp-json\/wp\/v2\/users\/2"}],"replies":[{"embeddable":true,"href":"https:\/\/rotexketamshop.com\/lt\/wp-json\/wp\/v2\/comments?post=830"}],"version-history":[{"count":5,"href":"https:\/\/rotexketamshop.com\/lt\/wp-json\/wp\/v2\/pages\/830\/revisions"}],"predecessor-version":[{"id":1071,"href":"https:\/\/rotexketamshop.com\/lt\/wp-json\/wp\/v2\/pages\/830\/revisions\/1071"}],"wp:featuredmedia":[{"embeddable":true,"href":"https:\/\/rotexketamshop.com\/lt\/wp-json\/wp\/v2\/media\/370"}],"wp:attachment":[{"href":"https:\/\/rotexketamshop.com\/lt\/wp-json\/wp\/v2\/media?parent=830"}],"curies":[{"name":"wp","href":"https:\/\/api.w.org\/{rel}","templated":true}]}}