{"id":451,"date":"2016-03-31T14:42:25","date_gmt":"2016-03-31T14:42:25","guid":{"rendered":"http:\/\/flatsome.dev\/?page_id=7014"},"modified":"2023-09-13T13:04:26","modified_gmt":"2023-09-13T13:04:26","slug":"instagram-feed","status":"publish","type":"page","link":"https:\/\/rotexketamshop.com\/hu\/elements\/instagram-feed\/","title":{"rendered":"Instagram feed"},"content":{"rendered":"<div class=\"banner has-hover\" id=\"banner-16056326\">\n          <div class=\"banner-inner fill\">\n        <div class=\"banner-bg fill\" >\n            <div class=\"bg fill bg-fill\"><\/div>\n                        <div class=\"overlay\"><\/div>            \n                    <\/div>\n\t\t\n        <div class=\"banner-layers container\">\n            <div class=\"fill banner-link\"><\/div>            \n   <div id=\"text-box-1184190839\" class=\"text-box banner-layer x50 md-x50 lg-x50 y50 md-y50 lg-y50 res-text\">\n                                <div class=\"text-box-content text\">\n              \n              <div class=\"text-inner text-center\">\n                  \n\t<div class=\"img has-hover x md-x lg-x y md-y lg-y\" id=\"image_2141687074\">\n\t\t\t\t\t\t\t\t<div class=\"img-inner dark\" >\n\t\t\t<img fetchpriority=\"high\" decoding=\"async\" width=\"400\" height=\"260\" src=\"https:\/\/rotexketamshop.com\/wp-content\/uploads\/2016\/08\/dummy-1.jpg\" class=\"attachment-large size-large\" alt=\"\" srcset=\"https:\/\/rotexketamshop.com\/wp-content\/uploads\/2016\/08\/dummy-1.jpg 400w, https:\/\/rotexketamshop.com\/wp-content\/uploads\/2016\/08\/dummy-1-300x195.jpg 300w\" sizes=\"(max-width: 400px) 100vw, 400px\" \/>\t\t\t\t\t\t\n\t\t\t\t\t<\/div>\n\t\t\t\t\t\t\t\t\n<style>\n#image_2141687074 {\n  width: 23%;\n}\n<\/style>\n\t<\/div>\n\t\n<h3 class=\"uppercase\"><strong>Instagram element<\/strong><\/h3>\n<p class=\"lead\">Add beautiful instagram images anywhere on your site<\/p>\n              <\/div>\n           <\/div>\n                            \n<style>\n#text-box-1184190839 {\n  width: 60%;\n}\n#text-box-1184190839 .text-box-content {\n  font-size: 100%;\n}\n<\/style>\n    <\/div>\n \n        <\/div>\n      <\/div>\n\n            \n<style>\n#banner-16056326 {\n  padding-top: 405px;\n}\n#banner-16056326 .bg.bg-loaded {\n  background-image: url(https:\/\/rotexketamshop.com\/wp-content\/uploads\/2016\/08\/dummy-2.jpg);\n}\n#banner-16056326 .overlay {\n  background-color: rgba(255, 255, 255, 0.94);\n}\n#banner-16056326 .bg {\n  background-position: 53% 30%;\n}\n<\/style>\n  <\/div>\n\n\n<div class=\"container section-title-container\" ><h3 class=\"section-title section-title-center\"><b><\/b><span class=\"section-title-main\" ><i class=\"icon-instagram\" ><\/i>Simple Grid<\/span><b><\/b><\/h3><\/div>\nNo images found.\n<div class=\"container section-title-container\" style=\"margin-top:43px;\"><h3 class=\"section-title section-title-center\"><b><\/b><span class=\"section-title-main\" ><i class=\"icon-instagram\" ><\/i>full width slider<\/span><b><\/b><\/h3><\/div>\nNo images found.\n<div class=\"container section-title-container\" style=\"margin-top:32px;\"><h3 class=\"section-title section-title-center\"><b><\/b><span class=\"section-title-main\" ><i class=\"icon-instagram\" ><\/i>Simple slider<\/span><b><\/b><\/h3><\/div>\nNo images found.\n<div class=\"container section-title-container\" style=\"margin-top:43px;\"><h3 class=\"section-title section-title-center\"><b><\/b><span class=\"section-title-main\" ><i class=\"icon-instagram\" ><\/i>full width slider Black and white<\/span><b><\/b><\/h3><\/div>\nNo images found.","protected":false},"excerpt":{"rendered":"","protected":false},"author":2,"featured_media":44,"parent":507,"menu_order":99,"comment_status":"closed","ping_status":"closed","template":"page-blank.php","meta":{"_joinchat":[],"footnotes":""},"class_list":["post-451","page","type-page","status-publish","has-post-thumbnail","hentry"],"yoast_head":"<!-- This site is optimized with the Yoast SEO plugin v27.3 - https:\/\/yoast.com\/product\/yoast-seo-wordpress\/ -->\n<title>Instagram feed - Buy Ketamine In Bulk<\/title>\n<meta name=\"robots\" content=\"index, follow, max-snippet:-1, max-image-preview:large, max-video-preview:-1\" \/>\n<link rel=\"canonical\" href=\"https:\/\/rotexketamshop.com\/hu\/elements\/instagram-feed\/\" \/>\n<meta property=\"og:locale\" content=\"hu_HU\" \/>\n<meta property=\"og:type\" content=\"article\" \/>\n<meta property=\"og:title\" content=\"Instagram feed - Buy Ketamine In Bulk\" \/>\n<meta property=\"og:url\" content=\"https:\/\/rotexketamshop.com\/hu\/elements\/instagram-feed\/\" \/>\n<meta property=\"og:site_name\" content=\"Buy Ketamine In Bulk\" \/>\n<meta property=\"article:modified_time\" content=\"2023-09-13T13:04:26+00:00\" \/>\n<meta property=\"og:image\" content=\"https:\/\/rotexketamshop.com\/wp-content\/uploads\/2016\/08\/dummy-1.jpg\" \/>\n\t<meta property=\"og:image:width\" content=\"400\" \/>\n\t<meta property=\"og:image:height\" content=\"260\" \/>\n\t<meta property=\"og:image:type\" content=\"image\/jpeg\" \/>\n<meta name=\"twitter:card\" content=\"summary_large_image\" \/>\n<meta name=\"twitter:label1\" content=\"Becs\u00fclt olvas\u00e1si id\u0151\" \/>\n\t<meta name=\"twitter:data1\" content=\"1 perc\" \/>\n<script type=\"application\/ld+json\" class=\"yoast-schema-graph\">{\"@context\":\"https:\\\/\\\/schema.org\",\"@graph\":[{\"@type\":\"WebPage\",\"@id\":\"https:\\\/\\\/rotexketamshop.com\\\/elements\\\/instagram-feed\\\/\",\"url\":\"https:\\\/\\\/rotexketamshop.com\\\/elements\\\/instagram-feed\\\/\",\"name\":\"Instagram feed - Buy Ketamine In Bulk\",\"isPartOf\":{\"@id\":\"https:\\\/\\\/rotexketamshop.com\\\/#website\"},\"primaryImageOfPage\":{\"@id\":\"https:\\\/\\\/rotexketamshop.com\\\/elements\\\/instagram-feed\\\/#primaryimage\"},\"image\":{\"@id\":\"https:\\\/\\\/rotexketamshop.com\\\/elements\\\/instagram-feed\\\/#primaryimage\"},\"thumbnailUrl\":\"https:\\\/\\\/rotexketamshop.com\\\/wp-content\\\/uploads\\\/2016\\\/08\\\/dummy-1.jpg\",\"datePublished\":\"2016-03-31T14:42:25+00:00\",\"dateModified\":\"2023-09-13T13:04:26+00:00\",\"breadcrumb\":{\"@id\":\"https:\\\/\\\/rotexketamshop.com\\\/elements\\\/instagram-feed\\\/#breadcrumb\"},\"inLanguage\":\"hu\",\"potentialAction\":[{\"@type\":\"ReadAction\",\"target\":[\"https:\\\/\\\/rotexketamshop.com\\\/elements\\\/instagram-feed\\\/\"]}]},{\"@type\":\"ImageObject\",\"inLanguage\":\"hu\",\"@id\":\"https:\\\/\\\/rotexketamshop.com\\\/elements\\\/instagram-feed\\\/#primaryimage\",\"url\":\"https:\\\/\\\/rotexketamshop.com\\\/wp-content\\\/uploads\\\/2016\\\/08\\\/dummy-1.jpg\",\"contentUrl\":\"https:\\\/\\\/rotexketamshop.com\\\/wp-content\\\/uploads\\\/2016\\\/08\\\/dummy-1.jpg\",\"width\":400,\"height\":260},{\"@type\":\"BreadcrumbList\",\"@id\":\"https:\\\/\\\/rotexketamshop.com\\\/elements\\\/instagram-feed\\\/#breadcrumb\",\"itemListElement\":[{\"@type\":\"ListItem\",\"position\":1,\"name\":\"Home\",\"item\":\"https:\\\/\\\/rotexketamshop.com\\\/\"},{\"@type\":\"ListItem\",\"position\":2,\"name\":\"Elements\",\"item\":\"https:\\\/\\\/rotexketamshop.com\\\/nl\\\/elements\\\/\"},{\"@type\":\"ListItem\",\"position\":3,\"name\":\"Instagram feed\"}]},{\"@type\":\"WebSite\",\"@id\":\"https:\\\/\\\/rotexketamshop.com\\\/#website\",\"url\":\"https:\\\/\\\/rotexketamshop.com\\\/\",\"name\":\"Buy Ketamine In Bulk\",\"description\":\"Ketamine For Sale Online\",\"potentialAction\":[{\"@type\":\"SearchAction\",\"target\":{\"@type\":\"EntryPoint\",\"urlTemplate\":\"https:\\\/\\\/rotexketamshop.com\\\/?s={search_term_string}\"},\"query-input\":{\"@type\":\"PropertyValueSpecification\",\"valueRequired\":true,\"valueName\":\"search_term_string\"}}],\"inLanguage\":\"hu\"}]}<\/script>\n<!-- \/ Yoast SEO plugin. -->","yoast_head_json":{"title":"Instagram feed - Buy Ketamine In Bulk","robots":{"index":"index","follow":"follow","max-snippet":"max-snippet:-1","max-image-preview":"max-image-preview:large","max-video-preview":"max-video-preview:-1"},"canonical":"https:\/\/rotexketamshop.com\/hu\/elements\/instagram-feed\/","og_locale":"hu_HU","og_type":"article","og_title":"Instagram feed - Buy Ketamine In Bulk","og_url":"https:\/\/rotexketamshop.com\/hu\/elements\/instagram-feed\/","og_site_name":"Buy Ketamine In Bulk","article_modified_time":"2023-09-13T13:04:26+00:00","og_image":[{"width":400,"height":260,"url":"https:\/\/rotexketamshop.com\/wp-content\/uploads\/2016\/08\/dummy-1.jpg","type":"image\/jpeg"}],"twitter_card":"summary_large_image","twitter_misc":{"Becs\u00fclt olvas\u00e1si id\u0151":"1 perc"},"schema":{"@context":"https:\/\/schema.org","@graph":[{"@type":"WebPage","@id":"https:\/\/rotexketamshop.com\/elements\/instagram-feed\/","url":"https:\/\/rotexketamshop.com\/elements\/instagram-feed\/","name":"Instagram feed - Buy Ketamine In Bulk","isPartOf":{"@id":"https:\/\/rotexketamshop.com\/#website"},"primaryImageOfPage":{"@id":"https:\/\/rotexketamshop.com\/elements\/instagram-feed\/#primaryimage"},"image":{"@id":"https:\/\/rotexketamshop.com\/elements\/instagram-feed\/#primaryimage"},"thumbnailUrl":"https:\/\/rotexketamshop.com\/wp-content\/uploads\/2016\/08\/dummy-1.jpg","datePublished":"2016-03-31T14:42:25+00:00","dateModified":"2023-09-13T13:04:26+00:00","breadcrumb":{"@id":"https:\/\/rotexketamshop.com\/elements\/instagram-feed\/#breadcrumb"},"inLanguage":"hu","potentialAction":[{"@type":"ReadAction","target":["https:\/\/rotexketamshop.com\/elements\/instagram-feed\/"]}]},{"@type":"ImageObject","inLanguage":"hu","@id":"https:\/\/rotexketamshop.com\/elements\/instagram-feed\/#primaryimage","url":"https:\/\/rotexketamshop.com\/wp-content\/uploads\/2016\/08\/dummy-1.jpg","contentUrl":"https:\/\/rotexketamshop.com\/wp-content\/uploads\/2016\/08\/dummy-1.jpg","width":400,"height":260},{"@type":"BreadcrumbList","@id":"https:\/\/rotexketamshop.com\/elements\/instagram-feed\/#breadcrumb","itemListElement":[{"@type":"ListItem","position":1,"name":"Home","item":"https:\/\/rotexketamshop.com\/"},{"@type":"ListItem","position":2,"name":"Elements","item":"https:\/\/rotexketamshop.com\/nl\/elements\/"},{"@type":"ListItem","position":3,"name":"Instagram feed"}]},{"@type":"WebSite","@id":"https:\/\/rotexketamshop.com\/#website","url":"https:\/\/rotexketamshop.com\/","name":"Buy Ketamine In Bulk","description":"Ketamine For Sale Online","potentialAction":[{"@type":"SearchAction","target":{"@type":"EntryPoint","urlTemplate":"https:\/\/rotexketamshop.com\/?s={search_term_string}"},"query-input":{"@type":"PropertyValueSpecification","valueRequired":true,"valueName":"search_term_string"}}],"inLanguage":"hu"}]}},"_links":{"self":[{"href":"https:\/\/rotexketamshop.com\/hu\/wp-json\/wp\/v2\/pages\/451","targetHints":{"allow":["GET"]}}],"collection":[{"href":"https:\/\/rotexketamshop.com\/hu\/wp-json\/wp\/v2\/pages"}],"about":[{"href":"https:\/\/rotexketamshop.com\/hu\/wp-json\/wp\/v2\/types\/page"}],"author":[{"embeddable":true,"href":"https:\/\/rotexketamshop.com\/hu\/wp-json\/wp\/v2\/users\/2"}],"replies":[{"embeddable":true,"href":"https:\/\/rotexketamshop.com\/hu\/wp-json\/wp\/v2\/comments?post=451"}],"version-history":[{"count":1,"href":"https:\/\/rotexketamshop.com\/hu\/wp-json\/wp\/v2\/pages\/451\/revisions"}],"predecessor-version":[{"id":528,"href":"https:\/\/rotexketamshop.com\/hu\/wp-json\/wp\/v2\/pages\/451\/revisions\/528"}],"up":[{"embeddable":true,"href":"https:\/\/rotexketamshop.com\/hu\/wp-json\/wp\/v2\/pages\/507"}],"wp:featuredmedia":[{"embeddable":true,"href":"https:\/\/rotexketamshop.com\/hu\/wp-json\/wp\/v2\/media\/44"}],"wp:attachment":[{"href":"https:\/\/rotexketamshop.com\/hu\/wp-json\/wp\/v2\/media?parent=451"}],"curies":[{"name":"wp","href":"https:\/\/api.w.org\/{rel}","templated":true}]}}