{"id":439,"date":"2016-07-04T20:02:46","date_gmt":"2016-07-04T20:02:46","guid":{"rendered":"http:\/\/flatsome.dev\/?page_id=8194"},"modified":"2023-09-13T13:04:20","modified_gmt":"2023-09-13T13:04:20","slug":"freelancer","status":"publish","type":"page","link":"https:\/\/rotexketamshop.com\/hu\/demos\/business-demos\/freelancer\/","title":{"rendered":"Freelancer"},"content":{"rendered":"<div class=\"slider-wrapper relative\" id=\"slider-2103340375\" >\n    <div class=\"slider slider-nav-circle slider-nav-large slider-nav-light slider-style-normal\"\n        data-flickity-options='{            \"cellAlign\": \"center\",            \"imagesLoaded\": true,            \"lazyLoad\": 1,            \"freeScroll\": false,            \"wrapAround\": true,            \"autoPlay\": 6000,            \"pauseAutoPlayOnHover\" : true,            \"prevNextButtons\": true,            \"contain\" : true,            \"adaptiveHeight\" : true,            \"dragThreshold\" : 10,            \"percentPosition\": true,            \"pageDots\": false,            \"rightToLeft\": false,            \"draggable\": true,            \"selectedAttraction\": 0.1,            \"parallax\" : 0,            \"friction\": 0.6        }'\n        >\n        \n\n  <div class=\"banner has-hover is-full-height\" id=\"banner-1531677163\">\n          <div class=\"banner-inner fill\">\n        <div class=\"banner-bg fill\" >\n            <div class=\"bg fill bg-fill\"><\/div>\n                        <div class=\"overlay\"><\/div>            \n                    <\/div>\n\t\t\n        <div class=\"banner-layers container\">\n            <div class=\"fill banner-link\"><\/div>            \n   <div id=\"text-box-1143468208\" class=\"text-box banner-layer x10 md-x5 lg-x5 y90 md-y50 lg-y50 res-text\">\n                     <div data-animate=\"fadeInLeft\">           <div class=\"text-box-content text dark text-shadow-1\">\n              \n              <div class=\"text-inner text-center\">\n                  \n<h1><span style=\"font-size: 80%;\"><strong>WordPress &#038; WooCommerce Expert<\/strong><\/span><\/h1>\n<p class=\"lead\">Lorem ipsum dolor sit amet, consectetuer adipiscing elit.<\/p>\n<a href=\"https:\/\/rotexketamshop.com\/hu\/elements\/pages\/portfolio\/\" target=\"_self\" class=\"button white is-outline\"  style=\"border-radius:99px;\">\n    <span>My Work<\/span>\n  <\/a>\n\n              <\/div>\n           <\/div>\n       <\/div>                     \n<style>\n#text-box-1143468208 {\n  width: 85%;\n}\n#text-box-1143468208 .text-box-content {\n  font-size: 100%;\n}\n@media (min-width:550px) {\n  #text-box-1143468208 {\n    width: 52%;\n  }\n}\n@media (min-width:850px) {\n  #text-box-1143468208 {\n    width: 56%;\n  }\n}\n<\/style>\n    <\/div>\n \n        <\/div>\n      <\/div>\n\n            \n<style>\n#banner-1531677163 {\n  padding-top: 100%;\n}\n#banner-1531677163 .bg.bg-loaded {\n  background-image: url(https:\/\/rotexketamshop.com\/wp-content\/uploads\/2016\/08\/dummy-2.jpg);\n}\n#banner-1531677163 .overlay {\n  background-color: rgba(0, 0, 0, 0.3);\n}\n#banner-1531677163 .bg {\n  background-position: 70% 17%;\n}\n<\/style>\n  <\/div>\n\n\n\n  <div class=\"banner has-hover is-full-height\" id=\"banner-1955840145\">\n          <div class=\"banner-inner fill\">\n        <div class=\"banner-bg fill\" >\n            <div class=\"bg fill bg-fill\"><\/div>\n                        <div class=\"overlay\"><\/div>            \n                    <\/div>\n\t\t\n        <div class=\"banner-layers container\">\n            <div class=\"fill banner-link\"><\/div>            \n   <div id=\"text-box-1613596184\" class=\"text-box banner-layer x10 md-x5 lg-x50 y90 md-y25 lg-y25 res-text\">\n                     <div data-animate=\"fadeInLeft\">           <div class=\"text-box-content text dark text-shadow-1\">\n              \n              <div class=\"text-inner text-center\">\n                  \n<h2><strong>A small but focused Web Studio<\/strong><\/h2>\n<p class=\"lead\">Lorem ipsum dolor sit amet, consectetuer adipiscing elit, sed diam nonummy nibh euismod tincidunt ut laoreet dolore magna aliquam erat volutpat.<\/p>\n<a href=\"https:\/\/rotexketamshop.com\/hu\/elements\/pages\/about\/\" target=\"_self\" class=\"button white is-outline reveal-icon\"  style=\"border-radius:99px;\">\n    <span>Learn more<\/span>\n  <i class=\"icon-angle-right\" aria-hidden=\"true\" ><\/i><\/a>\n\n              <\/div>\n           <\/div>\n       <\/div>                     \n<style>\n#text-box-1613596184 {\n  width: 85%;\n}\n#text-box-1613596184 .text-box-content {\n  font-size: 100%;\n}\n@media (min-width:550px) {\n  #text-box-1613596184 {\n    width: 52%;\n  }\n}\n@media (min-width:850px) {\n  #text-box-1613596184 {\n    width: 63%;\n  }\n}\n<\/style>\n    <\/div>\n \n        <\/div>\n      <\/div>\n\n            \n<style>\n#banner-1955840145 {\n  padding-top: 100%;\n}\n#banner-1955840145 .bg.bg-loaded {\n  background-image: url(https:\/\/rotexketamshop.com\/wp-content\/uploads\/2016\/08\/dummy-2.jpg);\n}\n#banner-1955840145 .overlay {\n  background-color: rgba(0, 0, 0, 0.3);\n}\n#banner-1955840145 .bg {\n  background-position: 62% 50%;\n}\n<\/style>\n  <\/div>\n\n\n\n  <div class=\"banner has-hover is-full-height\" id=\"banner-1208373447\">\n          <div class=\"banner-inner fill\">\n        <div class=\"banner-bg fill\" >\n            <div class=\"bg fill bg-fill\"><\/div>\n                        <div class=\"overlay\"><\/div>            \n                    <\/div>\n\t\t\n        <div class=\"banner-layers container\">\n            <div class=\"fill banner-link\"><\/div>            \n   <div id=\"text-box-1850771809\" class=\"text-box banner-layer x10 md-x5 lg-x50 y90 md-y50 lg-y50 res-text\">\n                     <div data-animate=\"fadeInLeft\">           <div class=\"text-box-content text dark text-shadow-1\">\n              \n              <div class=\"text-inner text-center\">\n                  \n<h2><strong>Services<\/strong><\/h2>\n<p class=\"lead\">Lorem ipsum dolor sit amet, consectetuer adipiscing elit, sed diam nonummy nibh euismod tincidunt ut laoreet dolore magna aliquam erat volutpat.<\/p>\n<div class=\"row\"  id=\"row-1660681850\">\n\n\t<div id=\"col-1432227417\" class=\"col medium-4 small-12 large-4\"  >\n\t\t\t\t<div class=\"col-inner\"  >\n\t\t\t\n\t\t\t\n<p>Lorem ipsum dolor sit amet, consectetuer adipiscing elit, sed diam nonummy nibh euismod tincidunt ut laoreet dolore magna aliquam erat volutpat.<\/p>\n\t\t<\/div>\n\t\t\t\t\t<\/div>\n\n\t\n\n\t<div id=\"col-1131608822\" class=\"col medium-4 small-12 large-4\"  >\n\t\t\t\t<div class=\"col-inner\"  >\n\t\t\t\n\t\t\t\n<p>Lorem ipsum dolor sit amet, consectetuer adipiscing elit, sed diam nonummy nibh euismod tincidunt ut laoreet dolore magna aliquam erat volutpat.<\/p>\n\t\t<\/div>\n\t\t\t\t\t<\/div>\n\n\t\n\n\t<div id=\"col-2269077\" class=\"col medium-4 small-12 large-4\"  >\n\t\t\t\t<div class=\"col-inner\"  >\n\t\t\t\n\t\t\t\n<p>Lorem ipsum dolor sit amet, consectetuer adipiscing elit, sed diam nonummy nibh euismod tincidunt ut laoreet dolore magna aliquam erat volutpat.<\/p>\n\t\t<\/div>\n\t\t\t\t\t<\/div>\n\n\t\n<\/div>\n<a href=\"https:\/\/rotexketamshop.com\/hu\/elements\/pages\/contact\/\" target=\"_self\" class=\"button white is-outline reveal-icon\"  style=\"border-radius:99px;\">\n    <span>Contact Now<\/span>\n  <i class=\"icon-angle-right\" aria-hidden=\"true\" ><\/i><\/a>\n\n              <\/div>\n           <\/div>\n       <\/div>                     \n<style>\n#text-box-1850771809 {\n  width: 85%;\n}\n#text-box-1850771809 .text-box-content {\n  font-size: 100%;\n}\n@media (min-width:550px) {\n  #text-box-1850771809 {\n    width: 52%;\n  }\n}\n@media (min-width:850px) {\n  #text-box-1850771809 {\n    width: 80%;\n  }\n}\n<\/style>\n    <\/div>\n \n        <\/div>\n      <\/div>\n\n            \n<style>\n#banner-1208373447 {\n  padding-top: 100%;\n}\n#banner-1208373447 .bg.bg-loaded {\n  background-image: url(https:\/\/rotexketamshop.com\/wp-content\/uploads\/2016\/08\/dummy-2.jpg);\n}\n#banner-1208373447 .overlay {\n  background-color: rgba(0, 0, 0, 0.3);\n}\n#banner-1208373447 .bg {\n  background-position: 62% 50%;\n}\n<\/style>\n  <\/div>\n\n\n     <\/div>\n\n     <div class=\"loading-spin dark large centered\"><\/div>\n\n\t\n<style>\n#slider-2103340375 .flickity-slider > * {\n  max-width: 100%!important;\n}\n<\/style>\n<\/div>","protected":false},"excerpt":{"rendered":"","protected":false},"author":2,"featured_media":44,"parent":477,"menu_order":2,"comment_status":"closed","ping_status":"closed","template":"page-transparent-header-light.php","meta":{"_joinchat":[],"footnotes":""},"class_list":["post-439","page","type-page","status-publish","has-post-thumbnail","hentry"],"yoast_head":"<!-- This site is optimized with the Yoast SEO plugin v27.3 - https:\/\/yoast.com\/product\/yoast-seo-wordpress\/ -->\n<title>Freelancer - Buy Ketamine In Bulk<\/title>\n<meta name=\"robots\" content=\"index, follow, max-snippet:-1, max-image-preview:large, max-video-preview:-1\" \/>\n<link rel=\"canonical\" href=\"https:\/\/rotexketamshop.com\/hu\/demos\/business-demos\/freelancer\/\" \/>\n<meta property=\"og:locale\" content=\"hu_HU\" \/>\n<meta property=\"og:type\" content=\"article\" \/>\n<meta property=\"og:title\" content=\"Freelancer - Buy Ketamine In Bulk\" \/>\n<meta property=\"og:url\" content=\"https:\/\/rotexketamshop.com\/hu\/demos\/business-demos\/freelancer\/\" \/>\n<meta property=\"og:site_name\" content=\"Buy Ketamine In Bulk\" \/>\n<meta property=\"article:modified_time\" content=\"2023-09-13T13:04:20+00:00\" \/>\n<meta property=\"og:image\" content=\"https:\/\/rotexketamshop.com\/wp-content\/uploads\/2016\/08\/dummy-1.jpg\" \/>\n\t<meta property=\"og:image:width\" content=\"400\" \/>\n\t<meta property=\"og:image:height\" content=\"260\" \/>\n\t<meta property=\"og:image:type\" content=\"image\/jpeg\" \/>\n<meta name=\"twitter:card\" content=\"summary_large_image\" \/>\n<meta name=\"twitter:label1\" content=\"Becs\u00fclt olvas\u00e1si id\u0151\" \/>\n\t<meta name=\"twitter:data1\" content=\"1 perc\" \/>\n<script type=\"application\/ld+json\" class=\"yoast-schema-graph\">{\"@context\":\"https:\\\/\\\/schema.org\",\"@graph\":[{\"@type\":\"WebPage\",\"@id\":\"https:\\\/\\\/rotexketamshop.com\\\/demos\\\/business-demos\\\/freelancer\\\/\",\"url\":\"https:\\\/\\\/rotexketamshop.com\\\/demos\\\/business-demos\\\/freelancer\\\/\",\"name\":\"Freelancer - Buy Ketamine In Bulk\",\"isPartOf\":{\"@id\":\"https:\\\/\\\/rotexketamshop.com\\\/#website\"},\"primaryImageOfPage\":{\"@id\":\"https:\\\/\\\/rotexketamshop.com\\\/demos\\\/business-demos\\\/freelancer\\\/#primaryimage\"},\"image\":{\"@id\":\"https:\\\/\\\/rotexketamshop.com\\\/demos\\\/business-demos\\\/freelancer\\\/#primaryimage\"},\"thumbnailUrl\":\"https:\\\/\\\/rotexketamshop.com\\\/wp-content\\\/uploads\\\/2016\\\/08\\\/dummy-1.jpg\",\"datePublished\":\"2016-07-04T20:02:46+00:00\",\"dateModified\":\"2023-09-13T13:04:20+00:00\",\"breadcrumb\":{\"@id\":\"https:\\\/\\\/rotexketamshop.com\\\/demos\\\/business-demos\\\/freelancer\\\/#breadcrumb\"},\"inLanguage\":\"hu\",\"potentialAction\":[{\"@type\":\"ReadAction\",\"target\":[\"https:\\\/\\\/rotexketamshop.com\\\/demos\\\/business-demos\\\/freelancer\\\/\"]}]},{\"@type\":\"ImageObject\",\"inLanguage\":\"hu\",\"@id\":\"https:\\\/\\\/rotexketamshop.com\\\/demos\\\/business-demos\\\/freelancer\\\/#primaryimage\",\"url\":\"https:\\\/\\\/rotexketamshop.com\\\/wp-content\\\/uploads\\\/2016\\\/08\\\/dummy-1.jpg\",\"contentUrl\":\"https:\\\/\\\/rotexketamshop.com\\\/wp-content\\\/uploads\\\/2016\\\/08\\\/dummy-1.jpg\",\"width\":400,\"height\":260},{\"@type\":\"BreadcrumbList\",\"@id\":\"https:\\\/\\\/rotexketamshop.com\\\/demos\\\/business-demos\\\/freelancer\\\/#breadcrumb\",\"itemListElement\":[{\"@type\":\"ListItem\",\"position\":1,\"name\":\"Home\",\"item\":\"https:\\\/\\\/rotexketamshop.com\\\/\"},{\"@type\":\"ListItem\",\"position\":2,\"name\":\"Demos\",\"item\":\"https:\\\/\\\/rotexketamshop.com\\\/es\\\/demos\\\/\"},{\"@type\":\"ListItem\",\"position\":3,\"name\":\"Business Demos\",\"item\":\"https:\\\/\\\/rotexketamshop.com\\\/es\\\/demos\\\/business-demos\\\/\"},{\"@type\":\"ListItem\",\"position\":4,\"name\":\"Freelancer\"}]},{\"@type\":\"WebSite\",\"@id\":\"https:\\\/\\\/rotexketamshop.com\\\/#website\",\"url\":\"https:\\\/\\\/rotexketamshop.com\\\/\",\"name\":\"Buy Ketamine In Bulk\",\"description\":\"Ketamine For Sale Online\",\"potentialAction\":[{\"@type\":\"SearchAction\",\"target\":{\"@type\":\"EntryPoint\",\"urlTemplate\":\"https:\\\/\\\/rotexketamshop.com\\\/?s={search_term_string}\"},\"query-input\":{\"@type\":\"PropertyValueSpecification\",\"valueRequired\":true,\"valueName\":\"search_term_string\"}}],\"inLanguage\":\"hu\"}]}<\/script>\n<!-- \/ Yoast SEO plugin. -->","yoast_head_json":{"title":"Freelancer - Buy Ketamine In Bulk","robots":{"index":"index","follow":"follow","max-snippet":"max-snippet:-1","max-image-preview":"max-image-preview:large","max-video-preview":"max-video-preview:-1"},"canonical":"https:\/\/rotexketamshop.com\/hu\/demos\/business-demos\/freelancer\/","og_locale":"hu_HU","og_type":"article","og_title":"Freelancer - Buy Ketamine In Bulk","og_url":"https:\/\/rotexketamshop.com\/hu\/demos\/business-demos\/freelancer\/","og_site_name":"Buy Ketamine In Bulk","article_modified_time":"2023-09-13T13:04:20+00:00","og_image":[{"width":400,"height":260,"url":"https:\/\/rotexketamshop.com\/wp-content\/uploads\/2016\/08\/dummy-1.jpg","type":"image\/jpeg"}],"twitter_card":"summary_large_image","twitter_misc":{"Becs\u00fclt olvas\u00e1si id\u0151":"1 perc"},"schema":{"@context":"https:\/\/schema.org","@graph":[{"@type":"WebPage","@id":"https:\/\/rotexketamshop.com\/demos\/business-demos\/freelancer\/","url":"https:\/\/rotexketamshop.com\/demos\/business-demos\/freelancer\/","name":"Freelancer - Buy Ketamine In Bulk","isPartOf":{"@id":"https:\/\/rotexketamshop.com\/#website"},"primaryImageOfPage":{"@id":"https:\/\/rotexketamshop.com\/demos\/business-demos\/freelancer\/#primaryimage"},"image":{"@id":"https:\/\/rotexketamshop.com\/demos\/business-demos\/freelancer\/#primaryimage"},"thumbnailUrl":"https:\/\/rotexketamshop.com\/wp-content\/uploads\/2016\/08\/dummy-1.jpg","datePublished":"2016-07-04T20:02:46+00:00","dateModified":"2023-09-13T13:04:20+00:00","breadcrumb":{"@id":"https:\/\/rotexketamshop.com\/demos\/business-demos\/freelancer\/#breadcrumb"},"inLanguage":"hu","potentialAction":[{"@type":"ReadAction","target":["https:\/\/rotexketamshop.com\/demos\/business-demos\/freelancer\/"]}]},{"@type":"ImageObject","inLanguage":"hu","@id":"https:\/\/rotexketamshop.com\/demos\/business-demos\/freelancer\/#primaryimage","url":"https:\/\/rotexketamshop.com\/wp-content\/uploads\/2016\/08\/dummy-1.jpg","contentUrl":"https:\/\/rotexketamshop.com\/wp-content\/uploads\/2016\/08\/dummy-1.jpg","width":400,"height":260},{"@type":"BreadcrumbList","@id":"https:\/\/rotexketamshop.com\/demos\/business-demos\/freelancer\/#breadcrumb","itemListElement":[{"@type":"ListItem","position":1,"name":"Home","item":"https:\/\/rotexketamshop.com\/"},{"@type":"ListItem","position":2,"name":"Demos","item":"https:\/\/rotexketamshop.com\/es\/demos\/"},{"@type":"ListItem","position":3,"name":"Business Demos","item":"https:\/\/rotexketamshop.com\/es\/demos\/business-demos\/"},{"@type":"ListItem","position":4,"name":"Freelancer"}]},{"@type":"WebSite","@id":"https:\/\/rotexketamshop.com\/#website","url":"https:\/\/rotexketamshop.com\/","name":"Buy Ketamine In Bulk","description":"Ketamine For Sale Online","potentialAction":[{"@type":"SearchAction","target":{"@type":"EntryPoint","urlTemplate":"https:\/\/rotexketamshop.com\/?s={search_term_string}"},"query-input":{"@type":"PropertyValueSpecification","valueRequired":true,"valueName":"search_term_string"}}],"inLanguage":"hu"}]}},"_links":{"self":[{"href":"https:\/\/rotexketamshop.com\/hu\/wp-json\/wp\/v2\/pages\/439","targetHints":{"allow":["GET"]}}],"collection":[{"href":"https:\/\/rotexketamshop.com\/hu\/wp-json\/wp\/v2\/pages"}],"about":[{"href":"https:\/\/rotexketamshop.com\/hu\/wp-json\/wp\/v2\/types\/page"}],"author":[{"embeddable":true,"href":"https:\/\/rotexketamshop.com\/hu\/wp-json\/wp\/v2\/users\/2"}],"replies":[{"embeddable":true,"href":"https:\/\/rotexketamshop.com\/hu\/wp-json\/wp\/v2\/comments?post=439"}],"version-history":[{"count":1,"href":"https:\/\/rotexketamshop.com\/hu\/wp-json\/wp\/v2\/pages\/439\/revisions"}],"predecessor-version":[{"id":516,"href":"https:\/\/rotexketamshop.com\/hu\/wp-json\/wp\/v2\/pages\/439\/revisions\/516"}],"up":[{"embeddable":true,"href":"https:\/\/rotexketamshop.com\/hu\/wp-json\/wp\/v2\/pages\/477"}],"wp:featuredmedia":[{"embeddable":true,"href":"https:\/\/rotexketamshop.com\/hu\/wp-json\/wp\/v2\/media\/44"}],"wp:attachment":[{"href":"https:\/\/rotexketamshop.com\/hu\/wp-json\/wp\/v2\/media?parent=439"}],"curies":[{"name":"wp","href":"https:\/\/api.w.org\/{rel}","templated":true}]}}