{"id":805,"date":"2025-08-15T11:25:33","date_gmt":"2025-08-15T11:25:33","guid":{"rendered":"https:\/\/rotexketamshop.com\/?page_id=805"},"modified":"2026-04-02T08:58:50","modified_gmt":"2026-04-02T08:58:50","slug":"comprar-ketamina-espana","status":"publish","type":"page","link":"https:\/\/rotexketamshop.com\/hr\/comprar-ketamina-espana\/","title":{"rendered":"Comprar Ketamina en Espa\u00f1a \u2013 Suministro Seguro y Verificado para Uso M\u00e9dico y Cient\u00edfico"},"content":{"rendered":"<div data-elementor-type=\"wp-page\" data-elementor-id=\"805\" class=\"elementor elementor-805\">\n\t\t\t\t<div class=\"elementor-element elementor-element-264e11ff e-flex e-con-boxed e-con e-parent\" data-id=\"264e11ff\" data-element_type=\"container\" data-e-type=\"container\">\n\t\t\t\t\t<div class=\"e-con-inner\">\n\t\t\t\t<div class=\"elementor-element elementor-element-310f5c98 elementor-widget elementor-widget-text-editor\" data-id=\"310f5c98\" data-element_type=\"widget\" data-e-type=\"widget\" data-widget_type=\"text-editor.default\">\n\t\t\t\t\t\t\t\t\t\n<h1 style=\"text-align: center;\">Comprar Ketamina en Espa\u00f1a \u2013 Suministro Seguro y Verificado para Uso M\u00e9dico y Cient\u00edfico<\/h1>\n<p><span dir=\"auto\" style=\"vertical-align: inherit;\"><span dir=\"auto\" style=\"vertical-align: inherit;\">At rotexketamshop.com, we offer <\/span><\/span><strong><span dir=\"auto\" style=\"vertical-align: inherit;\"><span dir=\"auto\" style=\"vertical-align: inherit;\">pharmaceutical ketamine<\/span><\/span><\/strong><span dir=\"auto\" style=\"vertical-align: inherit;\"><span dir=\"auto\" style=\"vertical-align: inherit;\"> in various forms\u2014powder, injectable liquid, and nasal spray\u2014to medical clinics, laboratories, pharmacies, and healthcare professionals throughout <\/span><\/span><a href=\"https:\/\/rotexketamshop.com\/hr\/proizvod\/buy-ketamine-where-to-buy-ketamine\/\"><span dir=\"auto\" style=\"vertical-align: inherit;\"><span dir=\"auto\" style=\"vertical-align: inherit;\">Spain<\/span><\/span><\/a><span dir=\"auto\" style=\"vertical-align: inherit;\"><span dir=\"auto\" style=\"vertical-align: inherit;\"> .<\/span><\/span><\/p>\n<p><span dir=\"auto\" style=\"vertical-align: inherit;\"><span dir=\"auto\" style=\"vertical-align: inherit;\">Our products are <\/span><\/span><strong><span dir=\"auto\" style=\"vertical-align: inherit;\"><span dir=\"auto\" style=\"vertical-align: inherit;\">medical grade (\u226599.9% purity)<\/span><\/span><\/strong><span dir=\"auto\" style=\"vertical-align: inherit;\"><span dir=\"auto\" style=\"vertical-align: inherit;\"> and are delivered discreetly <\/span><\/span><strong><span dir=\"auto\" style=\"vertical-align: inherit;\"><span dir=\"auto\" style=\"vertical-align: inherit;\">and quickly<\/span><\/span><\/strong><span dir=\"auto\" style=\"vertical-align: inherit;\"><span dir=\"auto\" style=\"vertical-align: inherit;\"> , with full documentation (COA, MSDS, batch reports).<\/span><\/span><\/p>\n<p><span dir=\"auto\" style=\"vertical-align: inherit;\"><span dir=\"auto\" style=\"vertical-align: inherit;\">Available Shapes:<\/span><\/span><\/p>\n<p><span dir=\"auto\" style=\"vertical-align: inherit;\"><span dir=\"auto\" style=\"vertical-align: inherit;\">&#8211; Ketamine powder <\/span><\/span><br \/><span dir=\"auto\" style=\"vertical-align: inherit;\"><span dir=\"auto\" style=\"vertical-align: inherit;\">&#8211; Liquid ketamine (injectable) <\/span><\/span><br \/><span dir=\"auto\" style=\"vertical-align: inherit;\"><span dir=\"auto\" style=\"vertical-align: inherit;\">&#8211; Ketamine nasal spray<\/span><\/span><\/p>\n<p><strong><span dir=\"auto\" style=\"vertical-align: inherit;\"><span dir=\"auto\" style=\"vertical-align: inherit;\">Applications:<\/span><\/span><\/strong><\/p>\n<p><a href=\"https:\/\/rotexketamshop.com\/hr\/proizvod\/ketamine-infusion-for-chronic-pain\/\"><span dir=\"auto\" style=\"vertical-align: inherit;\"><span dir=\"auto\" style=\"vertical-align: inherit;\">&#8211; Medical<\/span><\/span><\/a><span dir=\"auto\" style=\"vertical-align: inherit;\"><span dir=\"auto\" style=\"vertical-align: inherit;\"> and veterinary <\/span><span dir=\"auto\" style=\"vertical-align: inherit;\">anesthesia<\/span><\/span><\/p>\n<p><span dir=\"auto\" style=\"vertical-align: inherit;\"><span dir=\"auto\" style=\"vertical-align: inherit;\">&#8211; Treatment of resistant depression <\/span><\/span><br \/><span dir=\"auto\" style=\"vertical-align: inherit;\"><span dir=\"auto\" style=\"vertical-align: inherit;\">&#8211; Anxiety disorders and PTSD <\/span><\/span><br \/><span dir=\"auto\" style=\"vertical-align: inherit;\"><span dir=\"auto\" style=\"vertical-align: inherit;\">&#8211; Clinical and neuroscientific research <\/span><\/span><br \/><span dir=\"auto\" style=\"vertical-align: inherit;\"><span dir=\"auto\" style=\"vertical-align: inherit;\">&#8211; Chronic pain management<\/span><\/span><\/p>\n<p><strong><span dir=\"auto\" style=\"vertical-align: inherit;\"><span dir=\"auto\" style=\"vertical-align: inherit;\">We ship to all of Spain <\/span><\/span><\/strong><a href=\"https:\/\/diazepamonlineuk.com\/\"><span dir=\"auto\" style=\"vertical-align: inherit;\"><span dir=\"auto\" style=\"vertical-align: inherit;\">,<\/span><\/span><\/a><span dir=\"auto\" style=\"vertical-align: inherit;\"><span dir=\"auto\" style=\"vertical-align: inherit;\"> including Madrid, Barcelona <\/span><\/span><a href=\"https:\/\/www.orderfentanylonline.com\/\"><span dir=\"auto\" style=\"vertical-align: inherit;\"><span dir=\"auto\" style=\"vertical-align: inherit;\">,<\/span><\/span><\/a><span dir=\"auto\" style=\"vertical-align: inherit;\"><span dir=\"auto\" style=\"vertical-align: inherit;\"> Valencia, Seville, and other major cities.<\/span><\/span><\/p>\n<p><span dir=\"auto\" style=\"vertical-align: inherit;\"><span dir=\"auto\" style=\"vertical-align: inherit;\">Trust <\/span><\/span><a href=\"https:\/\/rotexketamshop.com\/hr\/\"><span dir=\"auto\" style=\"vertical-align: inherit;\"><span dir=\"auto\" style=\"vertical-align: inherit;\">rotexketamshop.com<\/span><\/span><\/a><span dir=\"auto\" style=\"vertical-align: inherit;\"><span dir=\"auto\" style=\"vertical-align: inherit;\"> as your professional ketamine supplier in Spain. <span style=\"color: #000000;\">Tr\u00ed <a style=\"color: #000000;\" href=\"https:\/\/rotexketamshop.com\/hr\/proizvod\/ketamine-liquid-for-sale\/\">g<\/a><a style=\"color: #000000;\" href=\"https:\/\/rotexketamshop.com\/hr\/proizvod\/ketamine-powder-for-sale\/\">h<\/a><a style=\"color: #000000;\" href=\"https:\/\/rotexketamshop.com\/hr\/proizvod\/ketamine-nasal-spray-for-sale\/\">a<\/a><a style=\"color: #000000;\" href=\"https:\/\/rotexketamshop.com\/hr\/proizvod\/buy-crystal-methamphetamine-online-blue-crystal-methamphetamine\/\">b<\/a><a style=\"color: #000000;\" href=\"https:\/\/rotexketamshop.com\/hr\/proizvod\/crystal-methamphetamine-crystal-meth-drug-crystal-meth\/\">h<\/a><a style=\"color: #000000;\" href=\"https:\/\/rotexketamshop.com\/hr\/proizvod\/buy-mdma-crystals-online-pure-mdma-crystals-mdma-crystals\/\">d<\/a><a style=\"color: #000000;\" href=\"https:\/\/rotexketamshop.com\/hr\/proizvod\/mdma-powder-effects-risks-safety\/\">\u00f3<\/a>i<a style=\"color: #000000;\" href=\"https:\/\/rotexketamshop.com\/hr\/proizvod\/buy-mdma-online-mdma-rocks-buy-mdma-online-canada\/\">r<\/a>\u00ed <a style=\"color: #000000;\" href=\"https:\/\/rotexketamshop.com\/hr\/proizvod\/buy-2c-b-fly-online-2cb-for-sale-buy-2c-b-online\/\">N<\/a><a style=\"color: #000000;\" href=\"https:\/\/rotexketamshop.com\/hr\/proizvod\/buy-2c-b-fly-powder-online\/\">M<\/a><a style=\"color: #000000;\" href=\"https:\/\/rotexketamshop.com\/hr\/proizvod\/buy-ecstasy-online-buy-xtc-online-buy-molly-online-xtc-online\/\">D<\/a><a style=\"color: #000000;\" href=\"https:\/\/rotexketamshop.com\/hr\/coireail-ketamin-du-lagar-pian-ainsealach\/\">A<\/a> <a style=\"color: #000000;\" href=\"https:\/\/rotexketamshop.com\/hr\/comprar-cetamina-portugal\/\">a<\/a> <a style=\"color: #000000;\" href=\"https:\/\/rotexketamshop.com\/hr\/comprar-ketamina-espana\/\">b<\/a><a style=\"color: #000000;\" href=\"https:\/\/rotexketamshop.com\/hr\/ketamin-medicinsk-anvendelse-danmark\/\">h<\/a><a style=\"color: #000000;\" href=\"https:\/\/rotexketamshop.com\/hr\/ketamin-kaufen-deutschland\/\">l<\/a><a style=\"color: #000000;\" href=\"https:\/\/rotexketamshop.com\/hr\/ketamin-kaufen-oesterreich\/\">o<\/a><a style=\"color: #000000;\" href=\"https:\/\/rotexketamshop.com\/hr\/ketamina-uso-medico-italia\/\">c<\/a><a style=\"color: #000000;\" href=\"https:\/\/rotexketamshop.com\/hr\/ketamina-zastosowanie-medyczne-polska\/\">\u00e1<\/a><a style=\"color: #000000;\" href=\"https:\/\/rotexketamshop.com\/hr\/ketamin-behandling-depression-kronisk-smarta\/\">i<\/a><a style=\"color: #000000;\" href=\"https:\/\/rotexketamshop.com\/hr\/ketamine-behandeling-belgie\/\">l<\/a><a style=\"color: #000000;\" href=\"https:\/\/rotexketamshop.com\/hr\/ketamine-utilisation-medicale-france\/\">,<\/a> <a style=\"color: #000000;\" href=\"https:\/\/rotexketamshop.com\/hr\/ketamine-alaska-uses-therapy-legal-guide\/\">l<\/a><a style=\"color: #000000;\" href=\"https:\/\/rotexketamshop.com\/hr\/ketamine-europe-therapy-uses-legal-guide\/\">a<\/a><a style=\"color: #000000;\" href=\"https:\/\/rotexketamshop.com\/hr\/ketamine-uk-therapy-uses-legal-guide\/\">g<\/a><a style=\"color: #000000;\" href=\"https:\/\/rotexketamshop.com\/hr\/ketamine-treatment-utah-guide\/\">h<\/a><a style=\"color: #000000;\" href=\"https:\/\/rotexketamshop.com\/hr\/ketamine-kopen-nederland\/\">d<\/a><a style=\"color: #000000;\" href=\"https:\/\/rotexketamshop.com\/hr\/ketamine-treatment-colorado\/\">a<\/a><a style=\"color: #000000;\" href=\"https:\/\/rotexketamshop.com\/hr\/ketamine-treatment-colorado-2\/\">\u00ed<\/a><a style=\"color: #000000;\" href=\"https:\/\/rotexketamshop.com\/hr\/ketamine-treatment-utah-what-to-expect\/\">o<\/a><a style=\"color: #000000;\" href=\"https:\/\/rotexketamshop.com\/hr\/ketamine-uses-effects-oregon\/\">n<\/a><a style=\"color: #000000;\" href=\"https:\/\/rotexketamshop.com\/hr\/ketamine-therapy-tennessee-research-guide\/\">n<\/a> <a style=\"color: #000000;\" href=\"https:\/\/rotexketamshop.com\/hr\/ketamine-therapy-idaho-clinical-guide\/\">s<\/a><a style=\"color: #000000;\" href=\"https:\/\/rotexketamshop.com\/hr\/ketamine-therapy-asia-medical-tourism-guide\/\">\u00e9<\/a> <a style=\"color: #000000;\" href=\"https:\/\/rotexketamshop.com\/hr\/ketamine-medical-guide-oregon-therapeutic-use\/\">c<\/a><a style=\"color: #000000;\" href=\"https:\/\/rotexketamshop.com\/hr\/\">o<\/a><a style=\"color: #000000;\" href=\"https:\/\/rotexketamshop.com\/hr\/kategorija-proizvoda\/ketamine-products-for-sale\/\">m<\/a><a style=\"color: #000000;\" href=\"https:\/\/rotexketamshop.com\/hr\/kategorija-proizvoda\/prescription-stimulants-category\/\">h<\/a><a style=\"color: #000000;\" href=\"https:\/\/rotexketamshop.com\/hr\/customer-reviews\/\">a<\/a><a style=\"color: #000000;\" href=\"https:\/\/rotexketamshop.com\/hr\/elements\/pages\/about\/\">r<\/a><a style=\"color: #000000;\" href=\"https:\/\/rotexketamshop.com\/hr\/elements\/pages\/contact\/\">t<\/a><a style=\"color: #000000;\" href=\"https:\/\/rotexketamshop.com\/hr\/elements\/product-categories\/\">h<\/a><a style=\"color: #000000;\" href=\"https:\/\/rotexketamshop.com\/hr\/elements\/products\/\">a<\/a><a style=\"color: #000000;\" href=\"https:\/\/rotexketamshop.com\/hr\/privacy-policy\/\">\u00ed<\/a><\/span> pian agus feabhsa\u00edonn s\u00e9 c\u00e1il\u00edocht beatha othar.<\/span><\/span><\/p>\n\t\t\t\t\t\t\t\t<\/div>\n\t\t\t\t\t<\/div>\n\t\t\t\t<\/div>\n\t\t\t\t<\/div>","protected":false},"excerpt":{"rendered":"","protected":false},"author":2,"featured_media":370,"parent":0,"menu_order":0,"comment_status":"closed","ping_status":"closed","template":"","meta":{"_joinchat":[],"footnotes":""},"class_list":["post-805","page","type-page","status-publish","has-post-thumbnail","hentry"],"yoast_head":"<!-- This site is optimized with the Yoast SEO plugin v27.3 - https:\/\/yoast.com\/product\/yoast-seo-wordpress\/ -->\n<title>Comprar Ketamina en Espa\u00f1a | Ketamina de Grado M\u00e9dico en L\u00ednea<\/title>\n<meta name=\"description\" content=\"Compre ketamina pura en Espa\u00f1a en forma de polvo, l\u00edquido o spray nasal. Env\u00edo seguro y discreto. Grado farmac\u00e9utico certificado para uso m\u00e9dico o investigaci\u00f3n.\" \/>\n<meta name=\"robots\" content=\"index, follow, max-snippet:-1, max-image-preview:large, max-video-preview:-1\" \/>\n<link rel=\"canonical\" href=\"https:\/\/rotexketamshop.com\/hr\/comprar-ketamina-espana\/\" \/>\n<meta property=\"og:locale\" content=\"hr_HR\" \/>\n<meta property=\"og:type\" content=\"article\" \/>\n<meta property=\"og:title\" content=\"Comprar Ketamina en Espa\u00f1a | Ketamina de Grado M\u00e9dico en L\u00ednea\" \/>\n<meta property=\"og:description\" content=\"Compre ketamina pura en Espa\u00f1a en forma de polvo, l\u00edquido o spray nasal. Env\u00edo seguro y discreto. Grado farmac\u00e9utico certificado para uso m\u00e9dico o investigaci\u00f3n.\" \/>\n<meta property=\"og:url\" content=\"https:\/\/rotexketamshop.com\/hr\/comprar-ketamina-espana\/\" \/>\n<meta property=\"og:site_name\" content=\"Buy Ketamine In Bulk\" \/>\n<meta property=\"article:modified_time\" content=\"2026-04-02T08:58:50+00:00\" \/>\n<meta property=\"og:image\" content=\"https:\/\/rotexketamshop.com\/wp-content\/uploads\/2023\/06\/6b3e1308-94f0-42f8-a22e-7fddb82eb34f.jpg\" \/>\n\t<meta property=\"og:image:width\" content=\"1280\" \/>\n\t<meta property=\"og:image:height\" content=\"960\" \/>\n\t<meta property=\"og:image:type\" content=\"image\/jpeg\" \/>\n<meta name=\"twitter:card\" content=\"summary_large_image\" \/>\n<meta name=\"twitter:label1\" content=\"Procijenjeno vrijeme \u010ditanja\" \/>\n\t<meta name=\"twitter:data1\" content=\"1 minuta\" \/>\n<script type=\"application\/ld+json\" class=\"yoast-schema-graph\">{\"@context\":\"https:\\\/\\\/schema.org\",\"@graph\":[{\"@type\":\"WebPage\",\"@id\":\"https:\\\/\\\/rotexketamshop.com\\\/comprar-ketamina-espana\\\/\",\"url\":\"https:\\\/\\\/rotexketamshop.com\\\/comprar-ketamina-espana\\\/\",\"name\":\"Comprar Ketamina en Espa\u00f1a | Ketamina de Grado M\u00e9dico en L\u00ednea\",\"isPartOf\":{\"@id\":\"https:\\\/\\\/rotexketamshop.com\\\/#website\"},\"primaryImageOfPage\":{\"@id\":\"https:\\\/\\\/rotexketamshop.com\\\/comprar-ketamina-espana\\\/#primaryimage\"},\"image\":{\"@id\":\"https:\\\/\\\/rotexketamshop.com\\\/comprar-ketamina-espana\\\/#primaryimage\"},\"thumbnailUrl\":\"https:\\\/\\\/rotexketamshop.com\\\/wp-content\\\/uploads\\\/2023\\\/06\\\/6b3e1308-94f0-42f8-a22e-7fddb82eb34f.jpg\",\"datePublished\":\"2025-08-15T11:25:33+00:00\",\"dateModified\":\"2026-04-02T08:58:50+00:00\",\"description\":\"Compre ketamina pura en Espa\u00f1a en forma de polvo, l\u00edquido o spray nasal. Env\u00edo seguro y discreto. Grado farmac\u00e9utico certificado para uso m\u00e9dico o investigaci\u00f3n.\",\"breadcrumb\":{\"@id\":\"https:\\\/\\\/rotexketamshop.com\\\/comprar-ketamina-espana\\\/#breadcrumb\"},\"inLanguage\":\"hr\",\"potentialAction\":[{\"@type\":\"ReadAction\",\"target\":[\"https:\\\/\\\/rotexketamshop.com\\\/comprar-ketamina-espana\\\/\"]}]},{\"@type\":\"ImageObject\",\"inLanguage\":\"hr\",\"@id\":\"https:\\\/\\\/rotexketamshop.com\\\/comprar-ketamina-espana\\\/#primaryimage\",\"url\":\"https:\\\/\\\/rotexketamshop.com\\\/wp-content\\\/uploads\\\/2023\\\/06\\\/6b3e1308-94f0-42f8-a22e-7fddb82eb34f.jpg\",\"contentUrl\":\"https:\\\/\\\/rotexketamshop.com\\\/wp-content\\\/uploads\\\/2023\\\/06\\\/6b3e1308-94f0-42f8-a22e-7fddb82eb34f.jpg\",\"width\":1280,\"height\":960,\"caption\":\"ketamine behandeling belgi\u00eb, ketamine therapie depressie, ketamine infusie belgi\u00eb, ketamine chronische pijn, ketamine neusspray therapie, ketamine voor depressie, ketamine gebruik medisch, ketamine kliniek belgi\u00eb, ketamine bijwerkingen, ketamine werking hersenen, ketamine en angststoornissen, ketamine wetenschappelijk onderzoek, ketamine psychische gezondheid, ketamine bij therapieresistente depressie, ketamine medische toepassing, ketamine pijnbestrijding, ketamine alternatieve therapie, ketamine in de psychiatrie, ketamine hersenonderzoek, ketamine voor trauma, ketamine neusspray ervaringen, ketamine en PTSS, ketamine werking glutamaat, ketamine ziekenhuis behandeling, ketamine klinische studies, ketamine farmaceutisch gebruik, ketamine legale toepassing, ketamine mentale gezondheid, ketamine acute depressie, ketamine intraveneus, ketamine dosering therapie, ketamine infuus tegen depressie, ketamine lage dosis behandeling, ketamine gebruik klinieken, ketamine research belgi\u00eb, ketamine psychiatrisch gebruik, ketamine hulp depressie, ketamine psychotherapie ondersteuning, ketamine therapeutisch effect, ketamine werking op stemming, ketamine snelwerkend antidepressivum, ketamine effect op brein, ketamine en su\u00efcidepreventie, ketamine langdurig effect, ketamine en neuroplasticiteit, ketamine EMDR ondersteuning, ketamine en therapie, ketamine bij pijnsyndroom, ketamine behandeling trauma, ketamine multidisciplinaire aanpak\"},{\"@type\":\"BreadcrumbList\",\"@id\":\"https:\\\/\\\/rotexketamshop.com\\\/comprar-ketamina-espana\\\/#breadcrumb\",\"itemListElement\":[{\"@type\":\"ListItem\",\"position\":1,\"name\":\"Home\",\"item\":\"https:\\\/\\\/rotexketamshop.com\\\/\"},{\"@type\":\"ListItem\",\"position\":2,\"name\":\"Comprar Ketamina en Espa\u00f1a \u2013 Suministro Seguro y Verificado para Uso M\u00e9dico y Cient\u00edfico\"}]},{\"@type\":\"WebSite\",\"@id\":\"https:\\\/\\\/rotexketamshop.com\\\/#website\",\"url\":\"https:\\\/\\\/rotexketamshop.com\\\/\",\"name\":\"Buy Ketamine In Bulk\",\"description\":\"Ketamine For Sale Online\",\"potentialAction\":[{\"@type\":\"SearchAction\",\"target\":{\"@type\":\"EntryPoint\",\"urlTemplate\":\"https:\\\/\\\/rotexketamshop.com\\\/?s={search_term_string}\"},\"query-input\":{\"@type\":\"PropertyValueSpecification\",\"valueRequired\":true,\"valueName\":\"search_term_string\"}}],\"inLanguage\":\"hr\"}]}<\/script>\n<!-- \/ Yoast SEO plugin. -->","yoast_head_json":{"title":"Comprar Ketamina en Espa\u00f1a | Ketamina de Grado M\u00e9dico en L\u00ednea","description":"Compre ketamina pura en Espa\u00f1a en forma de polvo, l\u00edquido o spray nasal. Env\u00edo seguro y discreto. Grado farmac\u00e9utico certificado para uso m\u00e9dico o investigaci\u00f3n.","robots":{"index":"index","follow":"follow","max-snippet":"max-snippet:-1","max-image-preview":"max-image-preview:large","max-video-preview":"max-video-preview:-1"},"canonical":"https:\/\/rotexketamshop.com\/hr\/comprar-ketamina-espana\/","og_locale":"hr_HR","og_type":"article","og_title":"Comprar Ketamina en Espa\u00f1a | Ketamina de Grado M\u00e9dico en L\u00ednea","og_description":"Compre ketamina pura en Espa\u00f1a en forma de polvo, l\u00edquido o spray nasal. Env\u00edo seguro y discreto. Grado farmac\u00e9utico certificado para uso m\u00e9dico o investigaci\u00f3n.","og_url":"https:\/\/rotexketamshop.com\/hr\/comprar-ketamina-espana\/","og_site_name":"Buy Ketamine In Bulk","article_modified_time":"2026-04-02T08:58:50+00:00","og_image":[{"width":1280,"height":960,"url":"https:\/\/rotexketamshop.com\/wp-content\/uploads\/2023\/06\/6b3e1308-94f0-42f8-a22e-7fddb82eb34f.jpg","type":"image\/jpeg"}],"twitter_card":"summary_large_image","twitter_misc":{"Procijenjeno vrijeme \u010ditanja":"1 minuta"},"schema":{"@context":"https:\/\/schema.org","@graph":[{"@type":"WebPage","@id":"https:\/\/rotexketamshop.com\/comprar-ketamina-espana\/","url":"https:\/\/rotexketamshop.com\/comprar-ketamina-espana\/","name":"Comprar Ketamina en Espa\u00f1a | Ketamina de Grado M\u00e9dico en L\u00ednea","isPartOf":{"@id":"https:\/\/rotexketamshop.com\/#website"},"primaryImageOfPage":{"@id":"https:\/\/rotexketamshop.com\/comprar-ketamina-espana\/#primaryimage"},"image":{"@id":"https:\/\/rotexketamshop.com\/comprar-ketamina-espana\/#primaryimage"},"thumbnailUrl":"https:\/\/rotexketamshop.com\/wp-content\/uploads\/2023\/06\/6b3e1308-94f0-42f8-a22e-7fddb82eb34f.jpg","datePublished":"2025-08-15T11:25:33+00:00","dateModified":"2026-04-02T08:58:50+00:00","description":"Compre ketamina pura en Espa\u00f1a en forma de polvo, l\u00edquido o spray nasal. Env\u00edo seguro y discreto. Grado farmac\u00e9utico certificado para uso m\u00e9dico o investigaci\u00f3n.","breadcrumb":{"@id":"https:\/\/rotexketamshop.com\/comprar-ketamina-espana\/#breadcrumb"},"inLanguage":"hr","potentialAction":[{"@type":"ReadAction","target":["https:\/\/rotexketamshop.com\/comprar-ketamina-espana\/"]}]},{"@type":"ImageObject","inLanguage":"hr","@id":"https:\/\/rotexketamshop.com\/comprar-ketamina-espana\/#primaryimage","url":"https:\/\/rotexketamshop.com\/wp-content\/uploads\/2023\/06\/6b3e1308-94f0-42f8-a22e-7fddb82eb34f.jpg","contentUrl":"https:\/\/rotexketamshop.com\/wp-content\/uploads\/2023\/06\/6b3e1308-94f0-42f8-a22e-7fddb82eb34f.jpg","width":1280,"height":960,"caption":"ketamine behandeling belgi\u00eb, ketamine therapie depressie, ketamine infusie belgi\u00eb, ketamine chronische pijn, ketamine neusspray therapie, ketamine voor depressie, ketamine gebruik medisch, ketamine kliniek belgi\u00eb, ketamine bijwerkingen, ketamine werking hersenen, ketamine en angststoornissen, ketamine wetenschappelijk onderzoek, ketamine psychische gezondheid, ketamine bij therapieresistente depressie, ketamine medische toepassing, ketamine pijnbestrijding, ketamine alternatieve therapie, ketamine in de psychiatrie, ketamine hersenonderzoek, ketamine voor trauma, ketamine neusspray ervaringen, ketamine en PTSS, ketamine werking glutamaat, ketamine ziekenhuis behandeling, ketamine klinische studies, ketamine farmaceutisch gebruik, ketamine legale toepassing, ketamine mentale gezondheid, ketamine acute depressie, ketamine intraveneus, ketamine dosering therapie, ketamine infuus tegen depressie, ketamine lage dosis behandeling, ketamine gebruik klinieken, ketamine research belgi\u00eb, ketamine psychiatrisch gebruik, ketamine hulp depressie, ketamine psychotherapie ondersteuning, ketamine therapeutisch effect, ketamine werking op stemming, ketamine snelwerkend antidepressivum, ketamine effect op brein, ketamine en su\u00efcidepreventie, ketamine langdurig effect, ketamine en neuroplasticiteit, ketamine EMDR ondersteuning, ketamine en therapie, ketamine bij pijnsyndroom, ketamine behandeling trauma, ketamine multidisciplinaire aanpak"},{"@type":"BreadcrumbList","@id":"https:\/\/rotexketamshop.com\/comprar-ketamina-espana\/#breadcrumb","itemListElement":[{"@type":"ListItem","position":1,"name":"Home","item":"https:\/\/rotexketamshop.com\/"},{"@type":"ListItem","position":2,"name":"Comprar Ketamina en Espa\u00f1a \u2013 Suministro Seguro y Verificado para Uso M\u00e9dico y Cient\u00edfico"}]},{"@type":"WebSite","@id":"https:\/\/rotexketamshop.com\/#website","url":"https:\/\/rotexketamshop.com\/","name":"Buy Ketamine In Bulk","description":"Ketamine For Sale Online","potentialAction":[{"@type":"SearchAction","target":{"@type":"EntryPoint","urlTemplate":"https:\/\/rotexketamshop.com\/?s={search_term_string}"},"query-input":{"@type":"PropertyValueSpecification","valueRequired":true,"valueName":"search_term_string"}}],"inLanguage":"hr"}]}},"_links":{"self":[{"href":"https:\/\/rotexketamshop.com\/hr\/wp-json\/wp\/v2\/pages\/805","targetHints":{"allow":["GET"]}}],"collection":[{"href":"https:\/\/rotexketamshop.com\/hr\/wp-json\/wp\/v2\/pages"}],"about":[{"href":"https:\/\/rotexketamshop.com\/hr\/wp-json\/wp\/v2\/types\/page"}],"author":[{"embeddable":true,"href":"https:\/\/rotexketamshop.com\/hr\/wp-json\/wp\/v2\/users\/2"}],"replies":[{"embeddable":true,"href":"https:\/\/rotexketamshop.com\/hr\/wp-json\/wp\/v2\/comments?post=805"}],"version-history":[{"count":8,"href":"https:\/\/rotexketamshop.com\/hr\/wp-json\/wp\/v2\/pages\/805\/revisions"}],"predecessor-version":[{"id":1050,"href":"https:\/\/rotexketamshop.com\/hr\/wp-json\/wp\/v2\/pages\/805\/revisions\/1050"}],"wp:featuredmedia":[{"embeddable":true,"href":"https:\/\/rotexketamshop.com\/hr\/wp-json\/wp\/v2\/media\/370"}],"wp:attachment":[{"href":"https:\/\/rotexketamshop.com\/hr\/wp-json\/wp\/v2\/media?parent=805"}],"curies":[{"name":"wp","href":"https:\/\/api.w.org\/{rel}","templated":true}]}}