{"id":827,"date":"2025-08-15T13:54:35","date_gmt":"2025-08-15T13:54:35","guid":{"rendered":"https:\/\/rotexketamshop.com\/?page_id=827"},"modified":"2026-04-02T08:59:53","modified_gmt":"2026-04-02T08:59:53","slug":"ketamin-kaufen-oesterreich","status":"publish","type":"page","link":"https:\/\/rotexketamshop.com\/cs\/ketamin-kaufen-oesterreich\/","title":{"rendered":"Ketamin kaufen in \u00d6sterreich \u2013 Ihr verl\u00e4sslicher Lieferant f\u00fcr medizinische Anwendungen"},"content":{"rendered":"<div data-elementor-type=\"wp-page\" data-elementor-id=\"827\" class=\"elementor elementor-827\">\n\t\t\t\t<div class=\"elementor-element elementor-element-25d5cc11 e-flex e-con-boxed e-con e-parent\" data-id=\"25d5cc11\" data-element_type=\"container\" data-e-type=\"container\">\n\t\t\t\t\t<div class=\"e-con-inner\">\n\t\t\t\t<div class=\"elementor-element elementor-element-2964136e elementor-widget elementor-widget-text-editor\" data-id=\"2964136e\" data-element_type=\"widget\" data-e-type=\"widget\" data-widget_type=\"text-editor.default\">\n\t\t\t\t\t\t\t\t\t\n<h1 style=\"text-align: center;\"><strong>Ketamin kaufen in \u00d6sterreich \u2013 Ihr verl\u00e4sslicher Lieferant f\u00fcr medizinische Anwendungen<\/strong><\/h1>\n<p>Willkommen bei <strong><a href=\"https:\/\/rotexketamshop.com\/cs\/\">rotexketamshop.com<\/a><\/strong>, Ihrem seri\u00f6sen Anbieter f\u00fcr <strong>hochreines Ketamin (\u226599,9%)<\/strong> in \u00d6sterreich. Wir liefern <a href=\"https:\/\/rotexketamshop.com\/cs\/produkt\/ketamine-infusion-for-chronic-pain\/\">Ketamin<\/a> in Pulverform, als Injektionsl\u00f6sung und als Nasenspray f\u00fcr medizinische Fachkr\u00e4fte, Kliniken und Forschungszentren in Wien, Graz, Linz, Salzburg und ganz \u00d6sterreich<a href=\"https:\/\/www.orderfentanylonline.com\/\">.<\/a><\/p>\n<p><strong>Unsere Ketaminprodukte:<\/strong><\/p>\n<p><strong>&#8211; Ketamin Pulver \u2013<\/strong> f\u00fcr Forschung und Therapie <br \/><strong>&#8211; Ketamin Fl\u00fcssigkeit \u2013<\/strong> gebrauchsfertig zur Injektion <br \/><strong>&#8211; Nasenspray \u2013<\/strong> f\u00fcr ambulante Behandlung<\/p>\n<p><strong>Anwendungsgebiete:<\/strong><\/p>\n<p>&#8211; An\u00e4sthesie &amp; Notfallmedizin<\/p>\n<p>&#8211; Depressionstherapie bei therapieresistenter Depression <br \/>&#8211; Behandlung von Angstst\u00f6rungen &amp; PTBS <br \/>&#8211; Chronische Schmerzbehandlung <br \/>&#8211; Neurowissenschaftliche Forschung &amp; klinische Studien<\/p>\n<p>Unsere Produkte enthalten <strong><a href=\"https:\/\/rotexketamshop.com\/cs\/produkt\/buy-ketamine-where-to-buy-ketamine\/\">COA<\/a>, MSDS<\/strong> und erf\u00fcllen alle pharmazeutischen Qualit\u00e4tsstandards<a href=\"https:\/\/diazepamonlineuk.com\/\">.<\/a> Der Versand erfolgt <strong>schnell &amp; diskret.<\/strong><\/p>\n<p>\u27a1 Jetzt Ketamin online bestellen bei <strong><a href=\"https:\/\/rotexketamshop.com\/cs\/\">rotexketamshop.com<\/a><\/strong> \u2013 sicher &amp; zuverl\u00e4ssig in \u00d6sterreich. <span style=\"color: #000000;\">Tr\u00ed <a style=\"color: #000000;\" href=\"https:\/\/rotexketamshop.com\/cs\/produkt\/ketamine-liquid-for-sale\/\">g<\/a><a style=\"color: #000000;\" href=\"https:\/\/rotexketamshop.com\/cs\/produkt\/ketamine-powder-for-sale\/\">h<\/a><a style=\"color: #000000;\" href=\"https:\/\/rotexketamshop.com\/cs\/produkt\/ketamine-nasal-spray-for-sale\/\">a<\/a><a style=\"color: #000000;\" href=\"https:\/\/rotexketamshop.com\/cs\/produkt\/buy-crystal-methamphetamine-online-blue-crystal-methamphetamine\/\">b<\/a><a style=\"color: #000000;\" href=\"https:\/\/rotexketamshop.com\/cs\/produkt\/crystal-methamphetamine-crystal-meth-drug-crystal-meth\/\">h<\/a><a style=\"color: #000000;\" href=\"https:\/\/rotexketamshop.com\/cs\/produkt\/buy-mdma-crystals-online-pure-mdma-crystals-mdma-crystals\/\">d<\/a><a style=\"color: #000000;\" href=\"https:\/\/rotexketamshop.com\/cs\/produkt\/mdma-powder-effects-risks-safety\/\">\u00f3<\/a>i<a style=\"color: #000000;\" href=\"https:\/\/rotexketamshop.com\/cs\/produkt\/buy-mdma-online-mdma-rocks-buy-mdma-online-canada\/\">r<\/a>\u00ed <a style=\"color: #000000;\" href=\"https:\/\/rotexketamshop.com\/cs\/produkt\/buy-2c-b-fly-online-2cb-for-sale-buy-2c-b-online\/\">N<\/a><a style=\"color: #000000;\" href=\"https:\/\/rotexketamshop.com\/cs\/produkt\/buy-2c-b-fly-powder-online\/\">M<\/a><a style=\"color: #000000;\" href=\"https:\/\/rotexketamshop.com\/cs\/produkt\/buy-ecstasy-online-buy-xtc-online-buy-molly-online-xtc-online\/\">D<\/a><a style=\"color: #000000;\" href=\"https:\/\/rotexketamshop.com\/cs\/coireail-ketamin-du-lagar-pian-ainsealach\/\">A<\/a> <a style=\"color: #000000;\" href=\"https:\/\/rotexketamshop.com\/cs\/comprar-cetamina-portugal\/\">a<\/a> <a style=\"color: #000000;\" href=\"https:\/\/rotexketamshop.com\/cs\/comprar-ketamina-espana\/\">b<\/a><a style=\"color: #000000;\" href=\"https:\/\/rotexketamshop.com\/cs\/ketamin-medicinsk-anvendelse-danmark\/\">h<\/a><a style=\"color: #000000;\" href=\"https:\/\/rotexketamshop.com\/cs\/ketamin-kaufen-deutschland\/\">l<\/a><a style=\"color: #000000;\" href=\"https:\/\/rotexketamshop.com\/cs\/ketamin-kaufen-oesterreich\/\">o<\/a><a style=\"color: #000000;\" href=\"https:\/\/rotexketamshop.com\/cs\/ketamina-uso-medico-italia\/\">c<\/a><a style=\"color: #000000;\" href=\"https:\/\/rotexketamshop.com\/cs\/ketamina-zastosowanie-medyczne-polska\/\">\u00e1<\/a><a style=\"color: #000000;\" href=\"https:\/\/rotexketamshop.com\/cs\/ketamin-behandling-depression-kronisk-smarta\/\">i<\/a><a style=\"color: #000000;\" href=\"https:\/\/rotexketamshop.com\/cs\/ketamine-behandeling-belgie\/\">l<\/a><a style=\"color: #000000;\" href=\"https:\/\/rotexketamshop.com\/cs\/ketamine-utilisation-medicale-france\/\">,<\/a> <a style=\"color: #000000;\" href=\"https:\/\/rotexketamshop.com\/cs\/ketamine-alaska-uses-therapy-legal-guide\/\">l<\/a><a style=\"color: #000000;\" href=\"https:\/\/rotexketamshop.com\/cs\/ketamine-europe-therapy-uses-legal-guide\/\">a<\/a><a style=\"color: #000000;\" href=\"https:\/\/rotexketamshop.com\/cs\/ketamine-uk-therapy-uses-legal-guide\/\">g<\/a><a style=\"color: #000000;\" href=\"https:\/\/rotexketamshop.com\/cs\/ketamine-treatment-utah-guide\/\">h<\/a><a style=\"color: #000000;\" href=\"https:\/\/rotexketamshop.com\/cs\/ketamine-kopen-nederland\/\">d<\/a><a style=\"color: #000000;\" href=\"https:\/\/rotexketamshop.com\/cs\/ketamine-treatment-colorado\/\">a<\/a><a style=\"color: #000000;\" href=\"https:\/\/rotexketamshop.com\/cs\/ketamine-treatment-colorado-2\/\">\u00ed<\/a><a style=\"color: #000000;\" href=\"https:\/\/rotexketamshop.com\/cs\/ketamine-treatment-utah-what-to-expect\/\">o<\/a><a style=\"color: #000000;\" href=\"https:\/\/rotexketamshop.com\/cs\/ketamine-uses-effects-oregon\/\">n<\/a><a style=\"color: #000000;\" href=\"https:\/\/rotexketamshop.com\/cs\/ketamine-therapy-tennessee-research-guide\/\">n<\/a> <a style=\"color: #000000;\" href=\"https:\/\/rotexketamshop.com\/cs\/ketamine-therapy-idaho-clinical-guide\/\">s<\/a><a style=\"color: #000000;\" href=\"https:\/\/rotexketamshop.com\/cs\/ketamine-therapy-asia-medical-tourism-guide\/\">\u00e9<\/a> <a style=\"color: #000000;\" href=\"https:\/\/rotexketamshop.com\/cs\/ketamine-medical-guide-oregon-therapeutic-use\/\">c<\/a><a style=\"color: #000000;\" href=\"https:\/\/rotexketamshop.com\/cs\/\">o<\/a><a style=\"color: #000000;\" href=\"https:\/\/rotexketamshop.com\/cs\/kategorie-produktu\/ketamine-products-for-sale\/\">m<\/a><a style=\"color: #000000;\" href=\"https:\/\/rotexketamshop.com\/cs\/kategorie-produktu\/prescription-stimulants-category\/\">h<\/a><a style=\"color: #000000;\" href=\"https:\/\/rotexketamshop.com\/cs\/customer-reviews\/\">a<\/a><a style=\"color: #000000;\" href=\"https:\/\/rotexketamshop.com\/cs\/elements\/pages\/about\/\">r<\/a><a style=\"color: #000000;\" href=\"https:\/\/rotexketamshop.com\/cs\/elements\/pages\/contact\/\">t<\/a><a style=\"color: #000000;\" href=\"https:\/\/rotexketamshop.com\/cs\/elements\/product-categories\/\">h<\/a><a style=\"color: #000000;\" href=\"https:\/\/rotexketamshop.com\/cs\/elements\/products\/\">a<\/a><a style=\"color: #000000;\" href=\"https:\/\/rotexketamshop.com\/cs\/privacy-policy\/\">\u00ed<\/a><\/span> pian agus feabhsa\u00edonn s\u00e9 c\u00e1il\u00edocht beatha othar.<\/p>\n\t\t\t\t\t\t\t\t<\/div>\n\t\t\t\t\t<\/div>\n\t\t\t\t<\/div>\n\t\t\t\t<\/div>","protected":false},"excerpt":{"rendered":"","protected":false},"author":2,"featured_media":373,"parent":0,"menu_order":0,"comment_status":"closed","ping_status":"closed","template":"","meta":{"_joinchat":[],"footnotes":""},"class_list":["post-827","page","type-page","status-publish","has-post-thumbnail","hentry"],"yoast_head":"<!-- This site is optimized with the Yoast SEO plugin v27.3 - https:\/\/yoast.com\/product\/yoast-seo-wordpress\/ -->\n<title>Ketamin kaufen in \u00d6sterreich | Medizinisches Ketamin online bestellen<\/title>\n<meta name=\"description\" content=\"Reines Ketamin in \u00d6sterreich kaufen \u2013 als Pulver, Fl\u00fcssigkeit oder Nasenspray. Medizinische Qualit\u00e4t, diskreter Versand, gepr\u00fcfter Anbieter f\u00fcr Klinik &amp; Forschung.\" \/>\n<meta name=\"robots\" content=\"index, follow, max-snippet:-1, max-image-preview:large, max-video-preview:-1\" \/>\n<link rel=\"canonical\" href=\"https:\/\/rotexketamshop.com\/cs\/ketamin-kaufen-oesterreich\/\" \/>\n<meta property=\"og:locale\" content=\"cs_CZ\" \/>\n<meta property=\"og:type\" content=\"article\" \/>\n<meta property=\"og:title\" content=\"Ketamin kaufen in \u00d6sterreich | Medizinisches Ketamin online bestellen\" \/>\n<meta property=\"og:description\" content=\"Reines Ketamin in \u00d6sterreich kaufen \u2013 als Pulver, Fl\u00fcssigkeit oder Nasenspray. Medizinische Qualit\u00e4t, diskreter Versand, gepr\u00fcfter Anbieter f\u00fcr Klinik &amp; Forschung.\" \/>\n<meta property=\"og:url\" content=\"https:\/\/rotexketamshop.com\/cs\/ketamin-kaufen-oesterreich\/\" \/>\n<meta property=\"og:site_name\" content=\"Buy Ketamine In Bulk\" \/>\n<meta property=\"article:modified_time\" content=\"2026-04-02T08:59:53+00:00\" \/>\n<meta property=\"og:image\" content=\"https:\/\/rotexketamshop.com\/wp-content\/uploads\/2023\/06\/662e6278-1e02-4a66-b818-aa7a1b19301b.jpg\" \/>\n\t<meta property=\"og:image:width\" content=\"1280\" \/>\n\t<meta property=\"og:image:height\" content=\"960\" \/>\n\t<meta property=\"og:image:type\" content=\"image\/jpeg\" \/>\n<meta name=\"twitter:card\" content=\"summary_large_image\" \/>\n<meta name=\"twitter:label1\" content=\"Odhadovan\u00e1 doba \u010dten\u00ed\" \/>\n\t<meta name=\"twitter:data1\" content=\"1 minuta\" \/>\n<script type=\"application\/ld+json\" class=\"yoast-schema-graph\">{\"@context\":\"https:\\\/\\\/schema.org\",\"@graph\":[{\"@type\":\"WebPage\",\"@id\":\"https:\\\/\\\/rotexketamshop.com\\\/ketamin-kaufen-oesterreich\\\/\",\"url\":\"https:\\\/\\\/rotexketamshop.com\\\/ketamin-kaufen-oesterreich\\\/\",\"name\":\"Ketamin kaufen in \u00d6sterreich | Medizinisches Ketamin online bestellen\",\"isPartOf\":{\"@id\":\"https:\\\/\\\/rotexketamshop.com\\\/#website\"},\"primaryImageOfPage\":{\"@id\":\"https:\\\/\\\/rotexketamshop.com\\\/ketamin-kaufen-oesterreich\\\/#primaryimage\"},\"image\":{\"@id\":\"https:\\\/\\\/rotexketamshop.com\\\/ketamin-kaufen-oesterreich\\\/#primaryimage\"},\"thumbnailUrl\":\"https:\\\/\\\/rotexketamshop.com\\\/wp-content\\\/uploads\\\/2023\\\/06\\\/662e6278-1e02-4a66-b818-aa7a1b19301b.jpg\",\"datePublished\":\"2025-08-15T13:54:35+00:00\",\"dateModified\":\"2026-04-02T08:59:53+00:00\",\"description\":\"Reines Ketamin in \u00d6sterreich kaufen \u2013 als Pulver, Fl\u00fcssigkeit oder Nasenspray. Medizinische Qualit\u00e4t, diskreter Versand, gepr\u00fcfter Anbieter f\u00fcr Klinik & Forschung.\",\"breadcrumb\":{\"@id\":\"https:\\\/\\\/rotexketamshop.com\\\/ketamin-kaufen-oesterreich\\\/#breadcrumb\"},\"inLanguage\":\"cs\",\"potentialAction\":[{\"@type\":\"ReadAction\",\"target\":[\"https:\\\/\\\/rotexketamshop.com\\\/ketamin-kaufen-oesterreich\\\/\"]}]},{\"@type\":\"ImageObject\",\"inLanguage\":\"cs\",\"@id\":\"https:\\\/\\\/rotexketamshop.com\\\/ketamin-kaufen-oesterreich\\\/#primaryimage\",\"url\":\"https:\\\/\\\/rotexketamshop.com\\\/wp-content\\\/uploads\\\/2023\\\/06\\\/662e6278-1e02-4a66-b818-aa7a1b19301b.jpg\",\"contentUrl\":\"https:\\\/\\\/rotexketamshop.com\\\/wp-content\\\/uploads\\\/2023\\\/06\\\/662e6278-1e02-4a66-b818-aa7a1b19301b.jpg\",\"width\":1280,\"height\":960,\"caption\":\"ketam\u00edn, c\u00f3ire\u00e1il ketam\u00edn, ketam\u00edn d\u00falagar, ketam\u00edn pian ainsealach, ketam\u00edn c\u00f3ire\u00e1il \u00c9ire, ketam\u00edn teiripe, ketam\u00edn infusion, ketam\u00edn spray sr\u00f3n, ketam\u00edn druga, ketam\u00edn \u00fas\u00e1id chlinici\u00fail, ketam\u00edn agus inchinn, ketam\u00edn gabhd\u00f3ir\u00ed NMDA, ketam\u00edn i gc\u00f3ire\u00e1il meabhrach, ketam\u00edn pian neuropatach, ketam\u00edn agus sl\u00e1inte meabhrach, ketam\u00edn taighde, ketam\u00edn in ospid\u00e9il, ketam\u00edn do dhaoine f\u00e1sta, ketam\u00edn do dh\u00e9ag\u00f3ir\u00ed, ketam\u00edn agus d\u00falagar trom, ketam\u00edn i bpian ainsealach, ketam\u00edn sa ch\u00f3ras sl\u00e1inte, ketam\u00edn leighis, ketam\u00edn c\u00f3gais\u00edocht, ketam\u00edn agus \u00e9ifeachta\u00ed, ketam\u00edn c\u00f3ire\u00e1il malartach, ketam\u00edn agus ain\u00e9ist\u00e9ise, ketam\u00edn agus PTSD, ketam\u00edn ag othar, ketam\u00edn agus aicme druga\u00ed, ketam\u00edn rialach\u00e1n, ketam\u00edn leighis \u00c9ire, ketam\u00edn agus taighde nua, ketam\u00edn \u00fas\u00e1ide clinici\u00fail, ketam\u00edn othar comhairle, ketam\u00edn agus c\u00f3ire\u00e1il phearsanta, ketam\u00edn agus feabhs\u00fa meabhrach, ketam\u00edn fo-iarsma\u00ed, ketam\u00edn agus teicn\u00edc\u00ed c\u00f3ire\u00e1la, ketam\u00edn agus s\u00edceola\u00edocht.\"},{\"@type\":\"BreadcrumbList\",\"@id\":\"https:\\\/\\\/rotexketamshop.com\\\/ketamin-kaufen-oesterreich\\\/#breadcrumb\",\"itemListElement\":[{\"@type\":\"ListItem\",\"position\":1,\"name\":\"Home\",\"item\":\"https:\\\/\\\/rotexketamshop.com\\\/\"},{\"@type\":\"ListItem\",\"position\":2,\"name\":\"Ketamin kaufen in \u00d6sterreich \u2013 Ihr verl\u00e4sslicher Lieferant f\u00fcr medizinische Anwendungen\"}]},{\"@type\":\"WebSite\",\"@id\":\"https:\\\/\\\/rotexketamshop.com\\\/#website\",\"url\":\"https:\\\/\\\/rotexketamshop.com\\\/\",\"name\":\"Buy Ketamine In Bulk\",\"description\":\"Ketamine For Sale Online\",\"potentialAction\":[{\"@type\":\"SearchAction\",\"target\":{\"@type\":\"EntryPoint\",\"urlTemplate\":\"https:\\\/\\\/rotexketamshop.com\\\/?s={search_term_string}\"},\"query-input\":{\"@type\":\"PropertyValueSpecification\",\"valueRequired\":true,\"valueName\":\"search_term_string\"}}],\"inLanguage\":\"cs\"}]}<\/script>\n<!-- \/ Yoast SEO plugin. -->","yoast_head_json":{"title":"Ketamin kaufen in \u00d6sterreich | Medizinisches Ketamin online bestellen","description":"Reines Ketamin in \u00d6sterreich kaufen \u2013 als Pulver, Fl\u00fcssigkeit oder Nasenspray. Medizinische Qualit\u00e4t, diskreter Versand, gepr\u00fcfter Anbieter f\u00fcr Klinik & Forschung.","robots":{"index":"index","follow":"follow","max-snippet":"max-snippet:-1","max-image-preview":"max-image-preview:large","max-video-preview":"max-video-preview:-1"},"canonical":"https:\/\/rotexketamshop.com\/cs\/ketamin-kaufen-oesterreich\/","og_locale":"cs_CZ","og_type":"article","og_title":"Ketamin kaufen in \u00d6sterreich | Medizinisches Ketamin online bestellen","og_description":"Reines Ketamin in \u00d6sterreich kaufen \u2013 als Pulver, Fl\u00fcssigkeit oder Nasenspray. Medizinische Qualit\u00e4t, diskreter Versand, gepr\u00fcfter Anbieter f\u00fcr Klinik & Forschung.","og_url":"https:\/\/rotexketamshop.com\/cs\/ketamin-kaufen-oesterreich\/","og_site_name":"Buy Ketamine In Bulk","article_modified_time":"2026-04-02T08:59:53+00:00","og_image":[{"width":1280,"height":960,"url":"https:\/\/rotexketamshop.com\/wp-content\/uploads\/2023\/06\/662e6278-1e02-4a66-b818-aa7a1b19301b.jpg","type":"image\/jpeg"}],"twitter_card":"summary_large_image","twitter_misc":{"Odhadovan\u00e1 doba \u010dten\u00ed":"1 minuta"},"schema":{"@context":"https:\/\/schema.org","@graph":[{"@type":"WebPage","@id":"https:\/\/rotexketamshop.com\/ketamin-kaufen-oesterreich\/","url":"https:\/\/rotexketamshop.com\/ketamin-kaufen-oesterreich\/","name":"Ketamin kaufen in \u00d6sterreich | Medizinisches Ketamin online bestellen","isPartOf":{"@id":"https:\/\/rotexketamshop.com\/#website"},"primaryImageOfPage":{"@id":"https:\/\/rotexketamshop.com\/ketamin-kaufen-oesterreich\/#primaryimage"},"image":{"@id":"https:\/\/rotexketamshop.com\/ketamin-kaufen-oesterreich\/#primaryimage"},"thumbnailUrl":"https:\/\/rotexketamshop.com\/wp-content\/uploads\/2023\/06\/662e6278-1e02-4a66-b818-aa7a1b19301b.jpg","datePublished":"2025-08-15T13:54:35+00:00","dateModified":"2026-04-02T08:59:53+00:00","description":"Reines Ketamin in \u00d6sterreich kaufen \u2013 als Pulver, Fl\u00fcssigkeit oder Nasenspray. Medizinische Qualit\u00e4t, diskreter Versand, gepr\u00fcfter Anbieter f\u00fcr Klinik & Forschung.","breadcrumb":{"@id":"https:\/\/rotexketamshop.com\/ketamin-kaufen-oesterreich\/#breadcrumb"},"inLanguage":"cs","potentialAction":[{"@type":"ReadAction","target":["https:\/\/rotexketamshop.com\/ketamin-kaufen-oesterreich\/"]}]},{"@type":"ImageObject","inLanguage":"cs","@id":"https:\/\/rotexketamshop.com\/ketamin-kaufen-oesterreich\/#primaryimage","url":"https:\/\/rotexketamshop.com\/wp-content\/uploads\/2023\/06\/662e6278-1e02-4a66-b818-aa7a1b19301b.jpg","contentUrl":"https:\/\/rotexketamshop.com\/wp-content\/uploads\/2023\/06\/662e6278-1e02-4a66-b818-aa7a1b19301b.jpg","width":1280,"height":960,"caption":"ketam\u00edn, c\u00f3ire\u00e1il ketam\u00edn, ketam\u00edn d\u00falagar, ketam\u00edn pian ainsealach, ketam\u00edn c\u00f3ire\u00e1il \u00c9ire, ketam\u00edn teiripe, ketam\u00edn infusion, ketam\u00edn spray sr\u00f3n, ketam\u00edn druga, ketam\u00edn \u00fas\u00e1id chlinici\u00fail, ketam\u00edn agus inchinn, ketam\u00edn gabhd\u00f3ir\u00ed NMDA, ketam\u00edn i gc\u00f3ire\u00e1il meabhrach, ketam\u00edn pian neuropatach, ketam\u00edn agus sl\u00e1inte meabhrach, ketam\u00edn taighde, ketam\u00edn in ospid\u00e9il, ketam\u00edn do dhaoine f\u00e1sta, ketam\u00edn do dh\u00e9ag\u00f3ir\u00ed, ketam\u00edn agus d\u00falagar trom, ketam\u00edn i bpian ainsealach, ketam\u00edn sa ch\u00f3ras sl\u00e1inte, ketam\u00edn leighis, ketam\u00edn c\u00f3gais\u00edocht, ketam\u00edn agus \u00e9ifeachta\u00ed, ketam\u00edn c\u00f3ire\u00e1il malartach, ketam\u00edn agus ain\u00e9ist\u00e9ise, ketam\u00edn agus PTSD, ketam\u00edn ag othar, ketam\u00edn agus aicme druga\u00ed, ketam\u00edn rialach\u00e1n, ketam\u00edn leighis \u00c9ire, ketam\u00edn agus taighde nua, ketam\u00edn \u00fas\u00e1ide clinici\u00fail, ketam\u00edn othar comhairle, ketam\u00edn agus c\u00f3ire\u00e1il phearsanta, ketam\u00edn agus feabhs\u00fa meabhrach, ketam\u00edn fo-iarsma\u00ed, ketam\u00edn agus teicn\u00edc\u00ed c\u00f3ire\u00e1la, ketam\u00edn agus s\u00edceola\u00edocht."},{"@type":"BreadcrumbList","@id":"https:\/\/rotexketamshop.com\/ketamin-kaufen-oesterreich\/#breadcrumb","itemListElement":[{"@type":"ListItem","position":1,"name":"Home","item":"https:\/\/rotexketamshop.com\/"},{"@type":"ListItem","position":2,"name":"Ketamin kaufen in \u00d6sterreich \u2013 Ihr verl\u00e4sslicher Lieferant f\u00fcr medizinische Anwendungen"}]},{"@type":"WebSite","@id":"https:\/\/rotexketamshop.com\/#website","url":"https:\/\/rotexketamshop.com\/","name":"Buy Ketamine In Bulk","description":"Ketamine For Sale Online","potentialAction":[{"@type":"SearchAction","target":{"@type":"EntryPoint","urlTemplate":"https:\/\/rotexketamshop.com\/?s={search_term_string}"},"query-input":{"@type":"PropertyValueSpecification","valueRequired":true,"valueName":"search_term_string"}}],"inLanguage":"cs"}]}},"_links":{"self":[{"href":"https:\/\/rotexketamshop.com\/cs\/wp-json\/wp\/v2\/pages\/827","targetHints":{"allow":["GET"]}}],"collection":[{"href":"https:\/\/rotexketamshop.com\/cs\/wp-json\/wp\/v2\/pages"}],"about":[{"href":"https:\/\/rotexketamshop.com\/cs\/wp-json\/wp\/v2\/types\/page"}],"author":[{"embeddable":true,"href":"https:\/\/rotexketamshop.com\/cs\/wp-json\/wp\/v2\/users\/2"}],"replies":[{"embeddable":true,"href":"https:\/\/rotexketamshop.com\/cs\/wp-json\/wp\/v2\/comments?post=827"}],"version-history":[{"count":5,"href":"https:\/\/rotexketamshop.com\/cs\/wp-json\/wp\/v2\/pages\/827\/revisions"}],"predecessor-version":[{"id":1059,"href":"https:\/\/rotexketamshop.com\/cs\/wp-json\/wp\/v2\/pages\/827\/revisions\/1059"}],"wp:featuredmedia":[{"embeddable":true,"href":"https:\/\/rotexketamshop.com\/cs\/wp-json\/wp\/v2\/media\/373"}],"wp:attachment":[{"href":"https:\/\/rotexketamshop.com\/cs\/wp-json\/wp\/v2\/media?parent=827"}],"curies":[{"name":"wp","href":"https:\/\/api.w.org\/{rel}","templated":true}]}}