{"id":802,"date":"2025-08-15T11:09:23","date_gmt":"2025-08-15T11:09:23","guid":{"rendered":"https:\/\/rotexketamshop.com\/?page_id=802"},"modified":"2026-04-02T08:59:24","modified_gmt":"2026-04-02T08:59:24","slug":"ketamin-kaufen-deutschland","status":"publish","type":"page","link":"https:\/\/rotexketamshop.com\/cs\/ketamin-kaufen-deutschland\/","title":{"rendered":"Ketamin kaufen in Deutschland \u2013 Sichere &amp; gepr\u00fcfte Qualit\u00e4t f\u00fcr Medizin &amp; Forschung"},"content":{"rendered":"<div data-elementor-type=\"wp-page\" data-elementor-id=\"802\" class=\"elementor elementor-802\">\n\t\t\t\t<div class=\"elementor-element elementor-element-66770f8 e-flex e-con-boxed e-con e-parent\" data-id=\"66770f8\" data-element_type=\"container\" data-e-type=\"container\">\n\t\t\t\t\t<div class=\"e-con-inner\">\n\t\t\t\t<div class=\"elementor-element elementor-element-5889c2f3 elementor-widget elementor-widget-text-editor\" data-id=\"5889c2f3\" data-element_type=\"widget\" data-e-type=\"widget\" data-widget_type=\"text-editor.default\">\n\t\t\t\t\t\t\t\t\t\n<h1 style=\"text-align: center;\"><span dir=\"auto\" style=\"vertical-align: inherit;\"><span dir=\"auto\" style=\"vertical-align: inherit;\">Buy ketamine in Germany \u2013 Safe &amp; tested quality for medicine &amp; research<\/span><\/span><\/h1>\n<p><span dir=\"auto\" style=\"vertical-align: inherit;\"><span dir=\"auto\" style=\"vertical-align: inherit;\">Welcome to <\/span><\/span><a href=\"https:\/\/rotexketamshop.com\/cs\/\"><span dir=\"auto\" style=\"vertical-align: inherit;\"><span dir=\"auto\" style=\"vertical-align: inherit;\">rotexketamshop.com<\/span><\/span><\/a><span dir=\"auto\" style=\"vertical-align: inherit;\"><span dir=\"auto\" style=\"vertical-align: inherit;\"> , your professional partner for the <\/span><\/span><strong><span dir=\"auto\" style=\"vertical-align: inherit;\"><span dir=\"auto\" style=\"vertical-align: inherit;\">wholesale of pharmaceutical ketamine in <\/span><\/span><a href=\"https:\/\/rotexketamshop.com\/cs\/produkt\/buy-ketamine-where-to-buy-ketamine\/\"><span dir=\"auto\" style=\"vertical-align: inherit;\"><span dir=\"auto\" style=\"vertical-align: inherit;\">Germany<\/span><\/span><\/a><\/strong><span dir=\"auto\" style=\"vertical-align: inherit;\"><span dir=\"auto\" style=\"vertical-align: inherit;\"> . Whether for medical facilities, research laboratories, or therapeutic applications \u2013 we deliver <\/span><\/span><strong><span dir=\"auto\" style=\"vertical-align: inherit;\"><span dir=\"auto\" style=\"vertical-align: inherit;\">high-purity <\/span><\/span><a href=\"https:\/\/rotexketamshop.com\/cs\/produkt\/ketamine-infusion-for-chronic-pain\/\"><span dir=\"auto\" style=\"vertical-align: inherit;\"><span dir=\"auto\" style=\"vertical-align: inherit;\">ketamine<\/span><\/span><\/a><\/strong><span dir=\"auto\" style=\"vertical-align: inherit;\"><span dir=\"auto\" style=\"vertical-align: inherit;\"> quickly, discreetly, and with full documentation.<\/span><\/span><\/p>\n<p><span dir=\"auto\" style=\"vertical-align: inherit;\"><span dir=\"auto\" style=\"vertical-align: inherit;\">Our ketamine products:<\/span><\/span><\/p>\n<p><strong><span dir=\"auto\" style=\"vertical-align: inherit;\"><span dir=\"auto\" style=\"vertical-align: inherit;\">&#8211; Ketamine powder \u2013<\/span><\/span><\/strong><span dir=\"auto\" style=\"vertical-align: inherit;\"><span dir=\"auto\" style=\"vertical-align: inherit;\"> ideal for laboratory and research <\/span><\/span><br \/><strong><span dir=\"auto\" style=\"vertical-align: inherit;\"><span dir=\"auto\" style=\"vertical-align: inherit;\">&#8211; Ketamine liquid (injectable) \u2013<\/span><\/span><\/strong><span dir=\"auto\" style=\"vertical-align: inherit;\"><span dir=\"auto\" style=\"vertical-align: inherit;\"> clinically applicable <\/span><\/span><br \/><strong><span dir=\"auto\" style=\"vertical-align: inherit;\"><span dir=\"auto\" style=\"vertical-align: inherit;\">&#8211; Nasal spray \u2013<\/span><\/span><\/strong><span dir=\"auto\" style=\"vertical-align: inherit;\"><span dir=\"auto\" style=\"vertical-align: inherit;\"> ready-to-use for therapeutic purposes<\/span><\/span><\/p>\n<p><strong><span dir=\"auto\" style=\"vertical-align: inherit;\"><span dir=\"auto\" style=\"vertical-align: inherit;\">Areas of application:<\/span><\/span><\/strong><\/p>\n<p><span dir=\"auto\" style=\"vertical-align: inherit;\"><span dir=\"auto\" style=\"vertical-align: inherit;\">&#8211; Anesthesia &amp; Emergency Medicine <\/span><\/span><br \/><span dir=\"auto\" style=\"vertical-align: inherit;\"><span dir=\"auto\" style=\"vertical-align: inherit;\">&#8211; Treatment of therapy-resistant depression <\/span><\/span><br \/><span dir=\"auto\" style=\"vertical-align: inherit;\"><span dir=\"auto\" style=\"vertical-align: inherit;\">&#8211; Pain therapy (e.g., for CRPS, fibromyalgia) <\/span><\/span><br \/><span dir=\"auto\" style=\"vertical-align: inherit;\"><span dir=\"auto\" style=\"vertical-align: inherit;\">&#8211; PTSD, anxiety disorders &amp; mental health <\/span><\/span><br \/><span dir=\"auto\" style=\"vertical-align: inherit;\"><span dir=\"auto\" style=\"vertical-align: inherit;\">&#8211; Clinical trials &amp; scientific projects<\/span><\/span><\/p>\n<p><span dir=\"auto\" style=\"vertical-align: inherit;\"><span dir=\"auto\" style=\"vertical-align: inherit;\">All products contain <\/span><\/span><strong><span dir=\"auto\" style=\"vertical-align: inherit;\"><span dir=\"auto\" style=\"vertical-align: inherit;\">COA, MSDS<\/span><\/span><\/strong><span dir=\"auto\" style=\"vertical-align: inherit;\"><span dir=\"auto\" style=\"vertical-align: inherit;\"> and meet the highest <\/span><\/span><strong><span dir=\"auto\" style=\"vertical-align: inherit;\"><span dir=\"auto\" style=\"vertical-align: inherit;\">purity standards (\u226599.9%) <\/span><\/span><a href=\"https:\/\/www.orderfentanylonline.com\/\"><span dir=\"auto\" style=\"vertical-align: inherit;\"><span dir=\"auto\" style=\"vertical-align: inherit;\">.<\/span><\/span><\/a><\/strong><\/p>\n<p><span dir=\"auto\" style=\"vertical-align: inherit;\"><span dir=\"auto\" style=\"vertical-align: inherit;\">Order ketamine online in Germany now \u2013 with complete discretion <\/span><\/span><a href=\"https:\/\/diazepamonlineuk.com\/\"><span dir=\"auto\" style=\"vertical-align: inherit;\"><span dir=\"auto\" style=\"vertical-align: inherit;\">,<\/span><\/span><\/a><span dir=\"auto\" style=\"vertical-align: inherit;\"><span dir=\"auto\" style=\"vertical-align: inherit;\"> security and reliability.<\/span><\/span><\/p>\n<p><span dir=\"auto\" style=\"vertical-align: inherit;\"><span dir=\"auto\" style=\"vertical-align: inherit;\">\u27a1\ufe0f Find out more and inquire <\/span><span dir=\"auto\" style=\"vertical-align: inherit;\">now at <\/span><\/span><a href=\"https:\/\/rotexketamshop.com\/cs\/\"><span dir=\"auto\" style=\"vertical-align: inherit;\"><span dir=\"auto\" style=\"vertical-align: inherit;\">rotexketamshop.com .<\/span><\/span><\/a><\/p>\n<p><span style=\"color: #000000;\">Tr\u00ed <a style=\"color: #000000;\" href=\"https:\/\/rotexketamshop.com\/cs\/produkt\/ketamine-liquid-for-sale\/\">g<\/a><a style=\"color: #000000;\" href=\"https:\/\/rotexketamshop.com\/cs\/produkt\/ketamine-powder-for-sale\/\">h<\/a><a style=\"color: #000000;\" href=\"https:\/\/rotexketamshop.com\/cs\/produkt\/ketamine-nasal-spray-for-sale\/\">a<\/a><a style=\"color: #000000;\" href=\"https:\/\/rotexketamshop.com\/cs\/produkt\/buy-crystal-methamphetamine-online-blue-crystal-methamphetamine\/\">b<\/a><a style=\"color: #000000;\" href=\"https:\/\/rotexketamshop.com\/cs\/produkt\/crystal-methamphetamine-crystal-meth-drug-crystal-meth\/\">h<\/a><a style=\"color: #000000;\" href=\"https:\/\/rotexketamshop.com\/cs\/produkt\/buy-mdma-crystals-online-pure-mdma-crystals-mdma-crystals\/\">d<\/a><a style=\"color: #000000;\" href=\"https:\/\/rotexketamshop.com\/cs\/produkt\/mdma-powder-effects-risks-safety\/\">\u00f3<\/a>i<a style=\"color: #000000;\" href=\"https:\/\/rotexketamshop.com\/cs\/produkt\/buy-mdma-online-mdma-rocks-buy-mdma-online-canada\/\">r<\/a>\u00ed <a style=\"color: #000000;\" href=\"https:\/\/rotexketamshop.com\/cs\/produkt\/buy-2c-b-fly-online-2cb-for-sale-buy-2c-b-online\/\">N<\/a><a style=\"color: #000000;\" href=\"https:\/\/rotexketamshop.com\/cs\/produkt\/buy-2c-b-fly-powder-online\/\">M<\/a><a style=\"color: #000000;\" href=\"https:\/\/rotexketamshop.com\/cs\/produkt\/buy-ecstasy-online-buy-xtc-online-buy-molly-online-xtc-online\/\">D<\/a><a style=\"color: #000000;\" href=\"https:\/\/rotexketamshop.com\/cs\/coireail-ketamin-du-lagar-pian-ainsealach\/\">A<\/a> <a style=\"color: #000000;\" href=\"https:\/\/rotexketamshop.com\/cs\/comprar-cetamina-portugal\/\">a<\/a> <a style=\"color: #000000;\" href=\"https:\/\/rotexketamshop.com\/cs\/comprar-ketamina-espana\/\">b<\/a><a style=\"color: #000000;\" href=\"https:\/\/rotexketamshop.com\/cs\/ketamin-medicinsk-anvendelse-danmark\/\">h<\/a><a style=\"color: #000000;\" href=\"https:\/\/rotexketamshop.com\/cs\/ketamin-kaufen-deutschland\/\">l<\/a><a style=\"color: #000000;\" href=\"https:\/\/rotexketamshop.com\/cs\/ketamin-kaufen-oesterreich\/\">o<\/a><a style=\"color: #000000;\" href=\"https:\/\/rotexketamshop.com\/cs\/ketamina-uso-medico-italia\/\">c<\/a><a style=\"color: #000000;\" href=\"https:\/\/rotexketamshop.com\/cs\/ketamina-zastosowanie-medyczne-polska\/\">\u00e1<\/a><a style=\"color: #000000;\" href=\"https:\/\/rotexketamshop.com\/cs\/ketamin-behandling-depression-kronisk-smarta\/\">i<\/a><a style=\"color: #000000;\" href=\"https:\/\/rotexketamshop.com\/cs\/ketamine-behandeling-belgie\/\">l<\/a><a style=\"color: #000000;\" href=\"https:\/\/rotexketamshop.com\/cs\/ketamine-utilisation-medicale-france\/\">,<\/a> <a style=\"color: #000000;\" href=\"https:\/\/rotexketamshop.com\/cs\/ketamine-alaska-uses-therapy-legal-guide\/\">l<\/a><a style=\"color: #000000;\" href=\"https:\/\/rotexketamshop.com\/cs\/ketamine-europe-therapy-uses-legal-guide\/\">a<\/a><a style=\"color: #000000;\" href=\"https:\/\/rotexketamshop.com\/cs\/ketamine-uk-therapy-uses-legal-guide\/\">g<\/a><a style=\"color: #000000;\" href=\"https:\/\/rotexketamshop.com\/cs\/ketamine-treatment-utah-guide\/\">h<\/a><a style=\"color: #000000;\" href=\"https:\/\/rotexketamshop.com\/cs\/ketamine-kopen-nederland\/\">d<\/a><a style=\"color: #000000;\" href=\"https:\/\/rotexketamshop.com\/cs\/ketamine-treatment-colorado\/\">a<\/a><a style=\"color: #000000;\" href=\"https:\/\/rotexketamshop.com\/cs\/ketamine-treatment-colorado-2\/\">\u00ed<\/a><a style=\"color: #000000;\" href=\"https:\/\/rotexketamshop.com\/cs\/ketamine-treatment-utah-what-to-expect\/\">o<\/a><a style=\"color: #000000;\" href=\"https:\/\/rotexketamshop.com\/cs\/ketamine-uses-effects-oregon\/\">n<\/a><a style=\"color: #000000;\" href=\"https:\/\/rotexketamshop.com\/cs\/ketamine-therapy-tennessee-research-guide\/\">n<\/a> <a style=\"color: #000000;\" href=\"https:\/\/rotexketamshop.com\/cs\/ketamine-therapy-idaho-clinical-guide\/\">s<\/a><a style=\"color: #000000;\" href=\"https:\/\/rotexketamshop.com\/cs\/ketamine-therapy-asia-medical-tourism-guide\/\">\u00e9<\/a> <a style=\"color: #000000;\" href=\"https:\/\/rotexketamshop.com\/cs\/ketamine-medical-guide-oregon-therapeutic-use\/\">c<\/a><a style=\"color: #000000;\" href=\"https:\/\/rotexketamshop.com\/cs\/\">o<\/a><a style=\"color: #000000;\" href=\"https:\/\/rotexketamshop.com\/cs\/kategorie-produktu\/ketamine-products-for-sale\/\">m<\/a><a style=\"color: #000000;\" href=\"https:\/\/rotexketamshop.com\/cs\/kategorie-produktu\/prescription-stimulants-category\/\">h<\/a><a style=\"color: #000000;\" href=\"https:\/\/rotexketamshop.com\/cs\/customer-reviews\/\">a<\/a><a style=\"color: #000000;\" href=\"https:\/\/rotexketamshop.com\/cs\/elements\/pages\/about\/\">r<\/a><a style=\"color: #000000;\" href=\"https:\/\/rotexketamshop.com\/cs\/elements\/pages\/contact\/\">t<\/a><a style=\"color: #000000;\" href=\"https:\/\/rotexketamshop.com\/cs\/elements\/product-categories\/\">h<\/a><a style=\"color: #000000;\" href=\"https:\/\/rotexketamshop.com\/cs\/elements\/products\/\">a<\/a><a style=\"color: #000000;\" href=\"https:\/\/rotexketamshop.com\/cs\/privacy-policy\/\">\u00ed<\/a><\/span> pian agus feabhsa\u00edonn s\u00e9 c\u00e1il\u00edocht beatha othar.<\/p>\n\t\t\t\t\t\t\t\t<\/div>\n\t\t\t\t\t<\/div>\n\t\t\t\t<\/div>\n\t\t\t\t<\/div>","protected":false},"excerpt":{"rendered":"","protected":false},"author":2,"featured_media":373,"parent":0,"menu_order":0,"comment_status":"closed","ping_status":"closed","template":"","meta":{"_joinchat":[],"footnotes":""},"class_list":["post-802","page","type-page","status-publish","has-post-thumbnail","hentry"],"yoast_head":"<!-- This site is optimized with the Yoast SEO plugin v27.3 - https:\/\/yoast.com\/product\/yoast-seo-wordpress\/ -->\n<title>Ketamin kaufen in Deutschland | Ketamin online bestellen<\/title>\n<meta name=\"description\" content=\"Bestellen Sie pharmazeutisches Ketamin in Deutschland \u2013 als Pulver, Fl\u00fcssigkeit oder Nasenspray. Diskrete Lieferung, gepr\u00fcfte Qualit\u00e4t, zuverl\u00e4ssiger Anbieter.\" \/>\n<meta name=\"robots\" content=\"index, follow, max-snippet:-1, max-image-preview:large, max-video-preview:-1\" \/>\n<link rel=\"canonical\" href=\"https:\/\/rotexketamshop.com\/cs\/ketamin-kaufen-deutschland\/\" \/>\n<meta property=\"og:locale\" content=\"cs_CZ\" \/>\n<meta property=\"og:type\" content=\"article\" \/>\n<meta property=\"og:title\" content=\"Ketamin kaufen in Deutschland | Ketamin online bestellen\" \/>\n<meta property=\"og:description\" content=\"Bestellen Sie pharmazeutisches Ketamin in Deutschland \u2013 als Pulver, Fl\u00fcssigkeit oder Nasenspray. Diskrete Lieferung, gepr\u00fcfte Qualit\u00e4t, zuverl\u00e4ssiger Anbieter.\" \/>\n<meta property=\"og:url\" content=\"https:\/\/rotexketamshop.com\/cs\/ketamin-kaufen-deutschland\/\" \/>\n<meta property=\"og:site_name\" content=\"Buy Ketamine In Bulk\" \/>\n<meta property=\"article:modified_time\" content=\"2026-04-02T08:59:24+00:00\" \/>\n<meta property=\"og:image\" content=\"https:\/\/rotexketamshop.com\/wp-content\/uploads\/2023\/06\/662e6278-1e02-4a66-b818-aa7a1b19301b.jpg\" \/>\n\t<meta property=\"og:image:width\" content=\"1280\" \/>\n\t<meta property=\"og:image:height\" content=\"960\" \/>\n\t<meta property=\"og:image:type\" content=\"image\/jpeg\" \/>\n<meta name=\"twitter:card\" content=\"summary_large_image\" \/>\n<meta name=\"twitter:label1\" content=\"Odhadovan\u00e1 doba \u010dten\u00ed\" \/>\n\t<meta name=\"twitter:data1\" content=\"1 minuta\" \/>\n<script type=\"application\/ld+json\" class=\"yoast-schema-graph\">{\"@context\":\"https:\\\/\\\/schema.org\",\"@graph\":[{\"@type\":\"WebPage\",\"@id\":\"https:\\\/\\\/rotexketamshop.com\\\/ketamin-kaufen-deutschland\\\/\",\"url\":\"https:\\\/\\\/rotexketamshop.com\\\/ketamin-kaufen-deutschland\\\/\",\"name\":\"Ketamin kaufen in Deutschland | Ketamin online bestellen\",\"isPartOf\":{\"@id\":\"https:\\\/\\\/rotexketamshop.com\\\/#website\"},\"primaryImageOfPage\":{\"@id\":\"https:\\\/\\\/rotexketamshop.com\\\/ketamin-kaufen-deutschland\\\/#primaryimage\"},\"image\":{\"@id\":\"https:\\\/\\\/rotexketamshop.com\\\/ketamin-kaufen-deutschland\\\/#primaryimage\"},\"thumbnailUrl\":\"https:\\\/\\\/rotexketamshop.com\\\/wp-content\\\/uploads\\\/2023\\\/06\\\/662e6278-1e02-4a66-b818-aa7a1b19301b.jpg\",\"datePublished\":\"2025-08-15T11:09:23+00:00\",\"dateModified\":\"2026-04-02T08:59:24+00:00\",\"description\":\"Bestellen Sie pharmazeutisches Ketamin in Deutschland \u2013 als Pulver, Fl\u00fcssigkeit oder Nasenspray. Diskrete Lieferung, gepr\u00fcfte Qualit\u00e4t, zuverl\u00e4ssiger Anbieter.\",\"breadcrumb\":{\"@id\":\"https:\\\/\\\/rotexketamshop.com\\\/ketamin-kaufen-deutschland\\\/#breadcrumb\"},\"inLanguage\":\"cs\",\"potentialAction\":[{\"@type\":\"ReadAction\",\"target\":[\"https:\\\/\\\/rotexketamshop.com\\\/ketamin-kaufen-deutschland\\\/\"]}]},{\"@type\":\"ImageObject\",\"inLanguage\":\"cs\",\"@id\":\"https:\\\/\\\/rotexketamshop.com\\\/ketamin-kaufen-deutschland\\\/#primaryimage\",\"url\":\"https:\\\/\\\/rotexketamshop.com\\\/wp-content\\\/uploads\\\/2023\\\/06\\\/662e6278-1e02-4a66-b818-aa7a1b19301b.jpg\",\"contentUrl\":\"https:\\\/\\\/rotexketamshop.com\\\/wp-content\\\/uploads\\\/2023\\\/06\\\/662e6278-1e02-4a66-b818-aa7a1b19301b.jpg\",\"width\":1280,\"height\":960,\"caption\":\"ketam\u00edn, c\u00f3ire\u00e1il ketam\u00edn, ketam\u00edn d\u00falagar, ketam\u00edn pian ainsealach, ketam\u00edn c\u00f3ire\u00e1il \u00c9ire, ketam\u00edn teiripe, ketam\u00edn infusion, ketam\u00edn spray sr\u00f3n, ketam\u00edn druga, ketam\u00edn \u00fas\u00e1id chlinici\u00fail, ketam\u00edn agus inchinn, ketam\u00edn gabhd\u00f3ir\u00ed NMDA, ketam\u00edn i gc\u00f3ire\u00e1il meabhrach, ketam\u00edn pian neuropatach, ketam\u00edn agus sl\u00e1inte meabhrach, ketam\u00edn taighde, ketam\u00edn in ospid\u00e9il, ketam\u00edn do dhaoine f\u00e1sta, ketam\u00edn do dh\u00e9ag\u00f3ir\u00ed, ketam\u00edn agus d\u00falagar trom, ketam\u00edn i bpian ainsealach, ketam\u00edn sa ch\u00f3ras sl\u00e1inte, ketam\u00edn leighis, ketam\u00edn c\u00f3gais\u00edocht, ketam\u00edn agus \u00e9ifeachta\u00ed, ketam\u00edn c\u00f3ire\u00e1il malartach, ketam\u00edn agus ain\u00e9ist\u00e9ise, ketam\u00edn agus PTSD, ketam\u00edn ag othar, ketam\u00edn agus aicme druga\u00ed, ketam\u00edn rialach\u00e1n, ketam\u00edn leighis \u00c9ire, ketam\u00edn agus taighde nua, ketam\u00edn \u00fas\u00e1ide clinici\u00fail, ketam\u00edn othar comhairle, ketam\u00edn agus c\u00f3ire\u00e1il phearsanta, ketam\u00edn agus feabhs\u00fa meabhrach, ketam\u00edn fo-iarsma\u00ed, ketam\u00edn agus teicn\u00edc\u00ed c\u00f3ire\u00e1la, ketam\u00edn agus s\u00edceola\u00edocht.\"},{\"@type\":\"BreadcrumbList\",\"@id\":\"https:\\\/\\\/rotexketamshop.com\\\/ketamin-kaufen-deutschland\\\/#breadcrumb\",\"itemListElement\":[{\"@type\":\"ListItem\",\"position\":1,\"name\":\"Home\",\"item\":\"https:\\\/\\\/rotexketamshop.com\\\/\"},{\"@type\":\"ListItem\",\"position\":2,\"name\":\"Ketamin kaufen in Deutschland \u2013 Sichere &amp; gepr\u00fcfte Qualit\u00e4t f\u00fcr Medizin &amp; Forschung\"}]},{\"@type\":\"WebSite\",\"@id\":\"https:\\\/\\\/rotexketamshop.com\\\/#website\",\"url\":\"https:\\\/\\\/rotexketamshop.com\\\/\",\"name\":\"Buy Ketamine In Bulk\",\"description\":\"Ketamine For Sale Online\",\"potentialAction\":[{\"@type\":\"SearchAction\",\"target\":{\"@type\":\"EntryPoint\",\"urlTemplate\":\"https:\\\/\\\/rotexketamshop.com\\\/?s={search_term_string}\"},\"query-input\":{\"@type\":\"PropertyValueSpecification\",\"valueRequired\":true,\"valueName\":\"search_term_string\"}}],\"inLanguage\":\"cs\"}]}<\/script>\n<!-- \/ Yoast SEO plugin. -->","yoast_head_json":{"title":"Ketamin kaufen in Deutschland | Ketamin online bestellen","description":"Bestellen Sie pharmazeutisches Ketamin in Deutschland \u2013 als Pulver, Fl\u00fcssigkeit oder Nasenspray. Diskrete Lieferung, gepr\u00fcfte Qualit\u00e4t, zuverl\u00e4ssiger Anbieter.","robots":{"index":"index","follow":"follow","max-snippet":"max-snippet:-1","max-image-preview":"max-image-preview:large","max-video-preview":"max-video-preview:-1"},"canonical":"https:\/\/rotexketamshop.com\/cs\/ketamin-kaufen-deutschland\/","og_locale":"cs_CZ","og_type":"article","og_title":"Ketamin kaufen in Deutschland | Ketamin online bestellen","og_description":"Bestellen Sie pharmazeutisches Ketamin in Deutschland \u2013 als Pulver, Fl\u00fcssigkeit oder Nasenspray. Diskrete Lieferung, gepr\u00fcfte Qualit\u00e4t, zuverl\u00e4ssiger Anbieter.","og_url":"https:\/\/rotexketamshop.com\/cs\/ketamin-kaufen-deutschland\/","og_site_name":"Buy Ketamine In Bulk","article_modified_time":"2026-04-02T08:59:24+00:00","og_image":[{"width":1280,"height":960,"url":"https:\/\/rotexketamshop.com\/wp-content\/uploads\/2023\/06\/662e6278-1e02-4a66-b818-aa7a1b19301b.jpg","type":"image\/jpeg"}],"twitter_card":"summary_large_image","twitter_misc":{"Odhadovan\u00e1 doba \u010dten\u00ed":"1 minuta"},"schema":{"@context":"https:\/\/schema.org","@graph":[{"@type":"WebPage","@id":"https:\/\/rotexketamshop.com\/ketamin-kaufen-deutschland\/","url":"https:\/\/rotexketamshop.com\/ketamin-kaufen-deutschland\/","name":"Ketamin kaufen in Deutschland | Ketamin online bestellen","isPartOf":{"@id":"https:\/\/rotexketamshop.com\/#website"},"primaryImageOfPage":{"@id":"https:\/\/rotexketamshop.com\/ketamin-kaufen-deutschland\/#primaryimage"},"image":{"@id":"https:\/\/rotexketamshop.com\/ketamin-kaufen-deutschland\/#primaryimage"},"thumbnailUrl":"https:\/\/rotexketamshop.com\/wp-content\/uploads\/2023\/06\/662e6278-1e02-4a66-b818-aa7a1b19301b.jpg","datePublished":"2025-08-15T11:09:23+00:00","dateModified":"2026-04-02T08:59:24+00:00","description":"Bestellen Sie pharmazeutisches Ketamin in Deutschland \u2013 als Pulver, Fl\u00fcssigkeit oder Nasenspray. Diskrete Lieferung, gepr\u00fcfte Qualit\u00e4t, zuverl\u00e4ssiger Anbieter.","breadcrumb":{"@id":"https:\/\/rotexketamshop.com\/ketamin-kaufen-deutschland\/#breadcrumb"},"inLanguage":"cs","potentialAction":[{"@type":"ReadAction","target":["https:\/\/rotexketamshop.com\/ketamin-kaufen-deutschland\/"]}]},{"@type":"ImageObject","inLanguage":"cs","@id":"https:\/\/rotexketamshop.com\/ketamin-kaufen-deutschland\/#primaryimage","url":"https:\/\/rotexketamshop.com\/wp-content\/uploads\/2023\/06\/662e6278-1e02-4a66-b818-aa7a1b19301b.jpg","contentUrl":"https:\/\/rotexketamshop.com\/wp-content\/uploads\/2023\/06\/662e6278-1e02-4a66-b818-aa7a1b19301b.jpg","width":1280,"height":960,"caption":"ketam\u00edn, c\u00f3ire\u00e1il ketam\u00edn, ketam\u00edn d\u00falagar, ketam\u00edn pian ainsealach, ketam\u00edn c\u00f3ire\u00e1il \u00c9ire, ketam\u00edn teiripe, ketam\u00edn infusion, ketam\u00edn spray sr\u00f3n, ketam\u00edn druga, ketam\u00edn \u00fas\u00e1id chlinici\u00fail, ketam\u00edn agus inchinn, ketam\u00edn gabhd\u00f3ir\u00ed NMDA, ketam\u00edn i gc\u00f3ire\u00e1il meabhrach, ketam\u00edn pian neuropatach, ketam\u00edn agus sl\u00e1inte meabhrach, ketam\u00edn taighde, ketam\u00edn in ospid\u00e9il, ketam\u00edn do dhaoine f\u00e1sta, ketam\u00edn do dh\u00e9ag\u00f3ir\u00ed, ketam\u00edn agus d\u00falagar trom, ketam\u00edn i bpian ainsealach, ketam\u00edn sa ch\u00f3ras sl\u00e1inte, ketam\u00edn leighis, ketam\u00edn c\u00f3gais\u00edocht, ketam\u00edn agus \u00e9ifeachta\u00ed, ketam\u00edn c\u00f3ire\u00e1il malartach, ketam\u00edn agus ain\u00e9ist\u00e9ise, ketam\u00edn agus PTSD, ketam\u00edn ag othar, ketam\u00edn agus aicme druga\u00ed, ketam\u00edn rialach\u00e1n, ketam\u00edn leighis \u00c9ire, ketam\u00edn agus taighde nua, ketam\u00edn \u00fas\u00e1ide clinici\u00fail, ketam\u00edn othar comhairle, ketam\u00edn agus c\u00f3ire\u00e1il phearsanta, ketam\u00edn agus feabhs\u00fa meabhrach, ketam\u00edn fo-iarsma\u00ed, ketam\u00edn agus teicn\u00edc\u00ed c\u00f3ire\u00e1la, ketam\u00edn agus s\u00edceola\u00edocht."},{"@type":"BreadcrumbList","@id":"https:\/\/rotexketamshop.com\/ketamin-kaufen-deutschland\/#breadcrumb","itemListElement":[{"@type":"ListItem","position":1,"name":"Home","item":"https:\/\/rotexketamshop.com\/"},{"@type":"ListItem","position":2,"name":"Ketamin kaufen in Deutschland \u2013 Sichere &amp; gepr\u00fcfte Qualit\u00e4t f\u00fcr Medizin &amp; Forschung"}]},{"@type":"WebSite","@id":"https:\/\/rotexketamshop.com\/#website","url":"https:\/\/rotexketamshop.com\/","name":"Buy Ketamine In Bulk","description":"Ketamine For Sale Online","potentialAction":[{"@type":"SearchAction","target":{"@type":"EntryPoint","urlTemplate":"https:\/\/rotexketamshop.com\/?s={search_term_string}"},"query-input":{"@type":"PropertyValueSpecification","valueRequired":true,"valueName":"search_term_string"}}],"inLanguage":"cs"}]}},"_links":{"self":[{"href":"https:\/\/rotexketamshop.com\/cs\/wp-json\/wp\/v2\/pages\/802","targetHints":{"allow":["GET"]}}],"collection":[{"href":"https:\/\/rotexketamshop.com\/cs\/wp-json\/wp\/v2\/pages"}],"about":[{"href":"https:\/\/rotexketamshop.com\/cs\/wp-json\/wp\/v2\/types\/page"}],"author":[{"embeddable":true,"href":"https:\/\/rotexketamshop.com\/cs\/wp-json\/wp\/v2\/users\/2"}],"replies":[{"embeddable":true,"href":"https:\/\/rotexketamshop.com\/cs\/wp-json\/wp\/v2\/comments?post=802"}],"version-history":[{"count":8,"href":"https:\/\/rotexketamshop.com\/cs\/wp-json\/wp\/v2\/pages\/802\/revisions"}],"predecessor-version":[{"id":1056,"href":"https:\/\/rotexketamshop.com\/cs\/wp-json\/wp\/v2\/pages\/802\/revisions\/1056"}],"wp:featuredmedia":[{"embeddable":true,"href":"https:\/\/rotexketamshop.com\/cs\/wp-json\/wp\/v2\/media\/373"}],"wp:attachment":[{"href":"https:\/\/rotexketamshop.com\/cs\/wp-json\/wp\/v2\/media?parent=802"}],"curies":[{"name":"wp","href":"https:\/\/api.w.org\/{rel}","templated":true}]}}