{"id":498,"date":"2013-08-11T19:54:47","date_gmt":"2013-08-11T19:54:47","guid":{"rendered":"http:\/\/localhost:8888\/test\/?page_id=538"},"modified":"2023-09-13T13:04:44","modified_gmt":"2023-09-13T13:04:44","slug":"buttons","status":"publish","type":"page","link":"https:\/\/rotexketamshop.com\/cs\/elements\/buttons\/","title":{"rendered":"Buttons"},"content":{"rendered":"<div class=\"banner has-hover\" id=\"banner-1409508953\">\n          <div class=\"banner-inner fill\">\n        <div class=\"banner-bg fill\" >\n            <div class=\"bg fill bg-fill\"><\/div>\n                        <div class=\"overlay\"><\/div>            \n                    <\/div>\n\t\t\n        <div class=\"banner-layers container\">\n            <div class=\"fill banner-link\"><\/div>            \n   <div id=\"text-box-1029827817\" class=\"text-box banner-layer x50 md-x50 lg-x50 y50 md-y50 lg-y50 res-text\">\n                                <div class=\"text-box-content text dark\">\n              \n              <div class=\"text-inner text-center\">\n                  \n<h1>Buttons<\/h1>\n<p class=\"lead\">Create beautiful Call to Action buttons with the amazing Button Element<\/p>\n<a href=\"http:\/\/test?asdf&#038;asdf=asdf&#038;asdf&#038;\" target=\"_self\" class=\"button primary is-shade\"  >\n    <span>Primary Button<\/span>\n  <\/a>\n\n              <\/div>\n           <\/div>\n                            \n<style>\n#text-box-1029827817 {\n  width: 76%;\n}\n#text-box-1029827817 .text-box-content {\n  font-size: 100%;\n}\n<\/style>\n    <\/div>\n \n        <\/div>\n      <\/div>\n\n            \n<style>\n#banner-1409508953 {\n  padding-top: 500px;\n}\n#banner-1409508953 .bg.bg-loaded {\n  background-image: url(https:\/\/rotexketamshop.com\/wp-content\/uploads\/2016\/08\/dummy-2.jpg);\n}\n#banner-1409508953 .overlay {\n  background-color: rgba(0, 0, 0, 0.49);\n}\n<\/style>\n  <\/div>\n\n\n<div class=\"row\"  id=\"row-977265807\">\n\n\t<div id=\"col-409287991\" class=\"col medium-3 large-3\"  >\n\t\t\t\t<div class=\"col-inner\"  >\n\t\t\t\n\t\t\t\n<h3>Unlimited Variations<\/h3>\n<p>Lorem ipsum dolor sit amet, consectetuer adipiscing elit, sed diam nonummy nibh euismod tincidunt ut laoreet dolore magna aliquam erat volutpat&#8230;.<\/p>\n\t\t<\/div>\n\t\t\t\t\t<\/div>\n\n\t\n\n\t<div id=\"col-466553128\" class=\"col medium-9 large-9\"  >\n\t\t\t\t<div class=\"col-inner\"  >\n\t\t\t\n\t\t\t\n<a class=\"button primary\"  >\n    <span>Primary Color<\/span>\n  <\/a>\n\n<a class=\"button secondary\"  style=\"border-radius:12px;\">\n    <span>Secondary Color<\/span>\n  <\/a>\n\n<a class=\"button alert\"  >\n    <span>Alert Color<\/span>\n  <i class=\"icon-heart\" aria-hidden=\"true\" ><\/i><\/a>\n\n<a class=\"button success\"  >\n    <span>Success Color<\/span>\n  <\/a>\n\n<a class=\"button white\"  >\n    <span>White Color<\/span>\n  <\/a>\n\n<a class=\"button primary is-outline\"  >\n    <span>Primary Color<\/span>\n  <\/a>\n\n<a class=\"button success is-outline\"  style=\"border-radius:99px;\">\n    <span>Success Color<\/span>\n  <\/a>\n\n<a class=\"button alert is-outline reveal-icon\"  style=\"border-radius:6px;\">\n    <span>Alert Color<\/span>\n  <i class=\"icon-heart\" aria-hidden=\"true\" ><\/i><\/a>\n\n<a class=\"button secondary is-outline\"  >\n    <span>Secondary Color<\/span>\n  <\/a>\n\n\t\t<\/div>\n\t\t\t\t\t<\/div>\n\n\t\n<\/div>\n\t<section class=\"section dark\" id=\"section_1823417522\">\n\t\t<div class=\"bg section-bg fill bg-fill  bg-loaded\" >\n\n\t\t\t\n\t\t\t\n\t\t\t\n\n\t\t<\/div>\n\n\t\t\n\n\t\t<div class=\"section-content relative\">\n\t\t\t\n<div class=\"row\"  id=\"row-1000143542\">\n\n\t<div id=\"col-2002160723\" class=\"col medium-3 large-3\"  >\n\t\t\t\t<div class=\"col-inner\"  >\n\t\t\t\n\t\t\t\n<h3>Buttons on Dark background<\/h3>\n\t\t<\/div>\n\t\t\t\t\t<\/div>\n\n\t\n\n\t<div id=\"col-1345984202\" class=\"col medium-9 large-9\"  >\n\t\t\t\t<div class=\"col-inner\"  >\n\t\t\t\n\t\t\t\n<a class=\"button primary\"  >\n    <span>Primary Color<\/span>\n  <\/a>\n\n<a class=\"button secondary\"  >\n    <span>Secondary Color<\/span>\n  <\/a>\n\n<a class=\"button alert\"  >\n    <span>Alert Color<\/span>\n  <\/a>\n\n<a class=\"button success\"  >\n    <span>Success Color<\/span>\n  <\/a>\n\n<a class=\"button white\"  >\n    <span>White Color<\/span>\n  <\/a>\n\n<a class=\"button primary is-outline\"  >\n    <span>Primary Color<\/span>\n  <\/a>\n\n<a class=\"button success is-outline\"  >\n    <span>Success Color<\/span>\n  <\/a>\n\n<a class=\"button alert is-outline\"  >\n    <span>Alert Color<\/span>\n  <\/a>\n\n<a class=\"button secondary is-outline\"  >\n    <span>Secondary Color<\/span>\n  <\/a>\n\n<a class=\"button white is-outline\"  >\n    <span>White outline<\/span>\n  <\/a>\n\n\t\t<\/div>\n\t\t\t\t\t<\/div>\n\n\t\n<\/div>\n\t\t<\/div>\n\n\t\t\n<style>\n#section_1823417522 {\n  padding-top: 30px;\n  padding-bottom: 30px;\n  background-color: rgb(44, 44, 44);\n}\n<\/style>\n\t<\/section>\n\t\n<div class=\"row\"  id=\"row-1925123084\">\n\n\t<div id=\"col-1104320118\" class=\"col medium-3 large-3\"  >\n\t\t\t\t<div class=\"col-inner\"  >\n\t\t\t\n\t\t\t\n<h3>Button\u00a0Styles<\/h3>\n<p>Select between many different button styles.<\/p>\n\t\t<\/div>\n\t\t\t\t\t<\/div>\n\n\t\n\n\t<div id=\"col-1189108546\" class=\"col medium-9 large-9\"  >\n\t\t\t\t<div class=\"col-inner\"  >\n\t\t\t\n\t\t\t\n<a class=\"button primary is-link\"  >\n    <span>Simple link<\/span>\n  <\/a>\n\n<a class=\"button primary is-underline\"  >\n    <span>Underline<\/span>\n  <\/a>\n\n<a class=\"button primary is-outline box-shadow-2 box-shadow-2-hover\"  >\n    <span>Outline<\/span>\n  <\/a>\n\n<a class=\"button primary box-shadow-2 box-shadow-5-hover\"  >\n    <span>Normal<\/span>\n  <\/a>\n\n<a class=\"button primary is-gloss box-shadow-2 box-shadow-5-hover\"  style=\"border-radius:99px;\">\n    <span>Gloss<\/span>\n  <\/a>\n\n<a class=\"button primary is-shade box-shadow-2 box-shadow-5-hover\"  style=\"border-radius:7px;\">\n    <span>Shade<\/span>\n  <\/a>\n\n<a class=\"button primary is-bevel box-shadow-2 box-shadow-5-hover\"  style=\"border-radius:12px;\">\n    <span>Bevel<\/span>\n  <\/a>\n\n\t\t<\/div>\n\t\t\t\t\t<\/div>\n\n\t\n<\/div>\n<div class=\"row\"  id=\"row-1246581253\">\n\n\t<div id=\"col-1051096724\" class=\"col medium-3 large-3\"  >\n\t\t\t\t<div class=\"col-inner\"  >\n\t\t\t\n\t\t\t\n<h3>Button with\u00a0icon<\/h3>\n<p>Choose between many included Flatsome Icons.<\/p>\n\t\t<\/div>\n\t\t\t\t\t<\/div>\n\n\t\n\n\t<div id=\"col-78242326\" class=\"col medium-9 large-9\"  >\n\t\t\t\t<div class=\"col-inner\"  >\n\t\t\t\n\t\t\t\n<a class=\"button primary is-bevel\"  style=\"border-radius:8px;\">\n  <i class=\"icon-twitter\" aria-hidden=\"true\" ><\/i>  <span>Icon Button<\/span>\n  <\/a>\n\n<a class=\"button primary is-outline\"  style=\"border-radius:6px;\">\n    <span>Icon Left<\/span>\n  <i class=\"icon-instagram\" aria-hidden=\"true\" ><\/i><\/a>\n\n<a class=\"button primary is-outline reveal-icon\"  >\n  <i class=\"icon-play\" aria-hidden=\"true\" ><\/i>  <span>Reveal Left<\/span>\n  <\/a>\n\n<a class=\"button primary reveal-icon\"  >\n    <span>Reveal Right<\/span>\n  <i class=\"icon-angle-right\" aria-hidden=\"true\" ><\/i><\/a>\n\n<a class=\"button primary is-bevel is-xlarge\"  style=\"border-radius:8px;\">\n  <i class=\"icon-twitter\" aria-hidden=\"true\" ><\/i>  <span>Large Button<\/span>\n  <\/a>\n\n<a class=\"button primary is-bevel is-xlarge reveal-icon\"  style=\"border-radius:8px;\">\n  <i class=\"icon-checkmark\" aria-hidden=\"true\" ><\/i>  <span>Large Reveal<\/span>\n  <\/a>\n\n\t\t<\/div>\n\t\t\t\t\t<\/div>\n\n\t\n<\/div>\n<div class=\"row\"  id=\"row-1187013730\">\n\n\t<div id=\"col-1448079352\" class=\"col medium-3 large-3\"  >\n\t\t\t\t<div class=\"col-inner\"  >\n\t\t\t\n\t\t\t\n<h3>Simple Button Styles<\/h3>\n\t\t<\/div>\n\t\t\t\t\t<\/div>\n\n\t\n\n\t<div id=\"col-755748734\" class=\"col medium-9 large-9\"  >\n\t\t\t\t<div class=\"col-inner\"  >\n\t\t\t\n\t\t\t\n<a class=\"button primary is-link reveal-icon\"  >\n    <span>Primary Color<\/span>\n  <i class=\"icon-play\" aria-hidden=\"true\" ><\/i><\/a>\n\n<a class=\"button secondary is-link\"  >\n    <span>Secondary Color<\/span>\n  <\/a>\n\n<a class=\"button success is-link\"  >\n    <span>Success Color<\/span>\n  <\/a>\n\n<a class=\"button alert is-link\"  >\n    <span>Alert Color<\/span>\n  <\/a>\n\n\t\t<\/div>\n\t\t\t\t\t<\/div>\n\n\t\n<\/div>\n<div class=\"row\"  id=\"row-828591475\">\n\n\t<div id=\"col-528121003\" class=\"col medium-3 large-3\"  >\n\t\t\t\t<div class=\"col-inner\"  >\n\t\t\t\n\t\t\t\n<h3>Button Radius<\/h3>\n<p>Add custom radius to buttons<\/p>\n\t\t<\/div>\n\t\t\t\t\t<\/div>\n\n\t\n\n\t<div id=\"col-1105192517\" class=\"col medium-9 large-9\"  >\n\t\t\t\t<div class=\"col-inner\"  >\n\t\t\t\n\t\t\t\n<a class=\"button primary is-large\"  >\n    <span>Normal Button<\/span>\n  <\/a>\n\n<a class=\"button primary is-large\"  style=\"border-radius:10px;\">\n    <span>Round Button<\/span>\n  <\/a>\n\n<a class=\"button primary is-large\"  style=\"border-radius:99px;\">\n    <span>Circle Button<\/span>\n  <\/a>\n\n<a class=\"button primary is-outline is-large\"  >\n    <span>Normal Button<\/span>\n  <\/a>\n\n<a class=\"button primary is-outline is-large\"  style=\"border-radius:10px;\">\n    <span>Round Button<\/span>\n  <\/a>\n\n<a class=\"button primary is-outline is-large\"  style=\"border-radius:99px;\">\n    <span>Circle Button<\/span>\n  <\/a>\n\n\t\t<\/div>\n\t\t\t\t\t<\/div>\n\n\t\n<\/div>\n<div class=\"row\"  id=\"row-625412919\">\n\n\t<div id=\"col-332243386\" class=\"col medium-3 large-3\"  >\n\t\t\t\t<div class=\"col-inner\"  >\n\t\t\t\n\t\t\t\n<h3>Button\u00a0Shadow<\/h3>\n<p>Add drop shadow to buttons to make them stand out more.<\/p>\n\t\t<\/div>\n\t\t\t\t\t<\/div>\n\n\t\n\n\t<div id=\"col-1785328591\" class=\"col medium-9 large-9\"  >\n\t\t\t\t<div class=\"col-inner\"  >\n\t\t\t\n\t\t\t\n<a class=\"button primary is-bevel is-large box-shadow-5 box-shadow-4-hover\"  >\n    <span>Large Shadow<\/span>\n  <\/a>\n\n<a class=\"button primary is-bevel is-large box-shadow-3 box-shadow-4-hover\"  >\n    <span>Medium Shadow<\/span>\n  <\/a>\n\n<a class=\"button primary is-bevel is-large box-shadow-1 box-shadow-2-hover\"  >\n    <span>Small Shadow<\/span>\n  <\/a>\n\n\t\t<\/div>\n\t\t\t\t\t<\/div>\n\n\t\n<\/div>\n<div class=\"row\"  id=\"row-918267752\">\n\n\t<div id=\"col-929170240\" class=\"col medium-3 large-3\"  >\n\t\t\t\t<div class=\"col-inner\"  >\n\t\t\t\n\t\t\t\n<h3>Button\u00a0Sizes<\/h3>\n\t\t<\/div>\n\t\t\t\t\t<\/div>\n\n\t\n\n\t<div id=\"col-835879662\" class=\"col medium-9 large-9\"  >\n\t\t\t\t<div class=\"col-inner\"  >\n\t\t\t\n\t\t\t\n<a class=\"button primary is-xsmall\"  >\n    <span>x Small<\/span>\n  <\/a>\n\n<a class=\"button primary is-smaller\"  >\n    <span>Smaller<\/span>\n  <\/a>\n\n<a class=\"button primary is-small\"  >\n    <span>Small<\/span>\n  <\/a>\n\n<a class=\"button primary\"  >\n    <span>Normal<\/span>\n  <\/a>\n\n<a class=\"button primary is-large\"  >\n    <span>Large<\/span>\n  <\/a>\n\n<a class=\"button primary is-larger\"  >\n    <span>Larger<\/span>\n  <\/a>\n\n<a class=\"button primary is-xlarge\"  >\n    <span>X LARGE<\/span>\n  <\/a>\n\n\t\t<\/div>\n\t\t\t\t\t<\/div>\n\n\t\n<\/div>\n<div class=\"row\"  id=\"row-665861197\">\n\n\t<div id=\"col-158937506\" class=\"col medium-3 large-3\"  >\n\t\t\t\t<div class=\"col-inner\"  >\n\t\t\t\n\t\t\t\n<h3>Smart Links<\/h3>\n<p>Add simple text to button links to link to various WordPress and WooCommerce pages.<\/p>\n\t\t<\/div>\n\t\t\t\t\t<\/div>\n\n\t\n\n\t<div id=\"col-1169592750\" class=\"col medium-4 large-4\"  >\n\t\t\t\t<div class=\"col-inner\"  >\n\t\t\t\n\t\t\t\n<p>&#8216;<strong>shop<\/strong>&#8216; : Goes to Shop page<\/p>\n<p>&#8216;<strong>account&#8217;<\/strong> Goes to My Account Page<\/p>\n<p>&#8216;<strong>checkout&#8217;<\/strong> Goes to Checkout page<\/p>\n<p>&#8216;<strong>blog&#8217;<\/strong> Goes to blog page<\/p>\n\t\t<\/div>\n\t\t\t\t\t<\/div>\n\n\t\n\n\t<div id=\"col-1178974174\" class=\"col medium-4 small-12 large-4\"  >\n\t\t\t\t<div class=\"col-inner\"  >\n\t\t\t\n\t\t\t\n<p>&#8216;<strong>home<\/strong>&#8216; Goes to homepage<\/p>\n<p><strong>&#8216;wishlist<\/strong>&#8216; Goes to wishlist page<\/p>\n<p>&#8216;<strong>Page Title<\/strong>&#8216; Goes to page by Title.<\/p>\n\t\t<\/div>\n\t\t\t\t\t<\/div>\n\n\t\n<\/div>","protected":false},"excerpt":{"rendered":"","protected":false},"author":2,"featured_media":44,"parent":507,"menu_order":6,"comment_status":"closed","ping_status":"closed","template":"page-blank.php","meta":{"_joinchat":[],"footnotes":""},"class_list":["post-498","page","type-page","status-publish","has-post-thumbnail","hentry"],"yoast_head":"<!-- This site is optimized with the Yoast SEO plugin v27.3 - https:\/\/yoast.com\/product\/yoast-seo-wordpress\/ -->\n<title>Buttons - Buy Ketamine In Bulk<\/title>\n<meta name=\"robots\" content=\"index, follow, max-snippet:-1, max-image-preview:large, max-video-preview:-1\" \/>\n<link rel=\"canonical\" href=\"https:\/\/rotexketamshop.com\/cs\/elements\/buttons\/\" \/>\n<meta property=\"og:locale\" content=\"cs_CZ\" \/>\n<meta property=\"og:type\" content=\"article\" \/>\n<meta property=\"og:title\" content=\"Buttons - Buy Ketamine In Bulk\" \/>\n<meta property=\"og:url\" content=\"https:\/\/rotexketamshop.com\/cs\/elements\/buttons\/\" \/>\n<meta property=\"og:site_name\" content=\"Buy Ketamine In Bulk\" \/>\n<meta property=\"article:modified_time\" content=\"2023-09-13T13:04:44+00:00\" \/>\n<meta property=\"og:image\" content=\"https:\/\/rotexketamshop.com\/wp-content\/uploads\/2016\/08\/dummy-1.jpg\" \/>\n\t<meta property=\"og:image:width\" content=\"400\" \/>\n\t<meta property=\"og:image:height\" content=\"260\" \/>\n\t<meta property=\"og:image:type\" content=\"image\/jpeg\" \/>\n<meta name=\"twitter:card\" content=\"summary_large_image\" \/>\n<meta name=\"twitter:label1\" content=\"Odhadovan\u00e1 doba \u010dten\u00ed\" \/>\n\t<meta name=\"twitter:data1\" content=\"3 minuty\" \/>\n<script type=\"application\/ld+json\" class=\"yoast-schema-graph\">{\"@context\":\"https:\\\/\\\/schema.org\",\"@graph\":[{\"@type\":\"WebPage\",\"@id\":\"https:\\\/\\\/rotexketamshop.com\\\/elements\\\/buttons\\\/\",\"url\":\"https:\\\/\\\/rotexketamshop.com\\\/elements\\\/buttons\\\/\",\"name\":\"Buttons - Buy Ketamine In Bulk\",\"isPartOf\":{\"@id\":\"https:\\\/\\\/rotexketamshop.com\\\/#website\"},\"primaryImageOfPage\":{\"@id\":\"https:\\\/\\\/rotexketamshop.com\\\/elements\\\/buttons\\\/#primaryimage\"},\"image\":{\"@id\":\"https:\\\/\\\/rotexketamshop.com\\\/elements\\\/buttons\\\/#primaryimage\"},\"thumbnailUrl\":\"https:\\\/\\\/rotexketamshop.com\\\/wp-content\\\/uploads\\\/2016\\\/08\\\/dummy-1.jpg\",\"datePublished\":\"2013-08-11T19:54:47+00:00\",\"dateModified\":\"2023-09-13T13:04:44+00:00\",\"breadcrumb\":{\"@id\":\"https:\\\/\\\/rotexketamshop.com\\\/elements\\\/buttons\\\/#breadcrumb\"},\"inLanguage\":\"cs\",\"potentialAction\":[{\"@type\":\"ReadAction\",\"target\":[\"https:\\\/\\\/rotexketamshop.com\\\/elements\\\/buttons\\\/\"]}]},{\"@type\":\"ImageObject\",\"inLanguage\":\"cs\",\"@id\":\"https:\\\/\\\/rotexketamshop.com\\\/elements\\\/buttons\\\/#primaryimage\",\"url\":\"https:\\\/\\\/rotexketamshop.com\\\/wp-content\\\/uploads\\\/2016\\\/08\\\/dummy-1.jpg\",\"contentUrl\":\"https:\\\/\\\/rotexketamshop.com\\\/wp-content\\\/uploads\\\/2016\\\/08\\\/dummy-1.jpg\",\"width\":400,\"height\":260},{\"@type\":\"BreadcrumbList\",\"@id\":\"https:\\\/\\\/rotexketamshop.com\\\/elements\\\/buttons\\\/#breadcrumb\",\"itemListElement\":[{\"@type\":\"ListItem\",\"position\":1,\"name\":\"Home\",\"item\":\"https:\\\/\\\/rotexketamshop.com\\\/\"},{\"@type\":\"ListItem\",\"position\":2,\"name\":\"Elements\",\"item\":\"https:\\\/\\\/rotexketamshop.com\\\/nl\\\/elements\\\/\"},{\"@type\":\"ListItem\",\"position\":3,\"name\":\"Buttons\"}]},{\"@type\":\"WebSite\",\"@id\":\"https:\\\/\\\/rotexketamshop.com\\\/#website\",\"url\":\"https:\\\/\\\/rotexketamshop.com\\\/\",\"name\":\"Buy Ketamine In Bulk\",\"description\":\"Ketamine For Sale Online\",\"potentialAction\":[{\"@type\":\"SearchAction\",\"target\":{\"@type\":\"EntryPoint\",\"urlTemplate\":\"https:\\\/\\\/rotexketamshop.com\\\/?s={search_term_string}\"},\"query-input\":{\"@type\":\"PropertyValueSpecification\",\"valueRequired\":true,\"valueName\":\"search_term_string\"}}],\"inLanguage\":\"cs\"}]}<\/script>\n<!-- \/ Yoast SEO plugin. -->","yoast_head_json":{"title":"Buttons - Buy Ketamine In Bulk","robots":{"index":"index","follow":"follow","max-snippet":"max-snippet:-1","max-image-preview":"max-image-preview:large","max-video-preview":"max-video-preview:-1"},"canonical":"https:\/\/rotexketamshop.com\/cs\/elements\/buttons\/","og_locale":"cs_CZ","og_type":"article","og_title":"Buttons - Buy Ketamine In Bulk","og_url":"https:\/\/rotexketamshop.com\/cs\/elements\/buttons\/","og_site_name":"Buy Ketamine In Bulk","article_modified_time":"2023-09-13T13:04:44+00:00","og_image":[{"width":400,"height":260,"url":"https:\/\/rotexketamshop.com\/wp-content\/uploads\/2016\/08\/dummy-1.jpg","type":"image\/jpeg"}],"twitter_card":"summary_large_image","twitter_misc":{"Odhadovan\u00e1 doba \u010dten\u00ed":"3 minuty"},"schema":{"@context":"https:\/\/schema.org","@graph":[{"@type":"WebPage","@id":"https:\/\/rotexketamshop.com\/elements\/buttons\/","url":"https:\/\/rotexketamshop.com\/elements\/buttons\/","name":"Buttons - Buy Ketamine In Bulk","isPartOf":{"@id":"https:\/\/rotexketamshop.com\/#website"},"primaryImageOfPage":{"@id":"https:\/\/rotexketamshop.com\/elements\/buttons\/#primaryimage"},"image":{"@id":"https:\/\/rotexketamshop.com\/elements\/buttons\/#primaryimage"},"thumbnailUrl":"https:\/\/rotexketamshop.com\/wp-content\/uploads\/2016\/08\/dummy-1.jpg","datePublished":"2013-08-11T19:54:47+00:00","dateModified":"2023-09-13T13:04:44+00:00","breadcrumb":{"@id":"https:\/\/rotexketamshop.com\/elements\/buttons\/#breadcrumb"},"inLanguage":"cs","potentialAction":[{"@type":"ReadAction","target":["https:\/\/rotexketamshop.com\/elements\/buttons\/"]}]},{"@type":"ImageObject","inLanguage":"cs","@id":"https:\/\/rotexketamshop.com\/elements\/buttons\/#primaryimage","url":"https:\/\/rotexketamshop.com\/wp-content\/uploads\/2016\/08\/dummy-1.jpg","contentUrl":"https:\/\/rotexketamshop.com\/wp-content\/uploads\/2016\/08\/dummy-1.jpg","width":400,"height":260},{"@type":"BreadcrumbList","@id":"https:\/\/rotexketamshop.com\/elements\/buttons\/#breadcrumb","itemListElement":[{"@type":"ListItem","position":1,"name":"Home","item":"https:\/\/rotexketamshop.com\/"},{"@type":"ListItem","position":2,"name":"Elements","item":"https:\/\/rotexketamshop.com\/nl\/elements\/"},{"@type":"ListItem","position":3,"name":"Buttons"}]},{"@type":"WebSite","@id":"https:\/\/rotexketamshop.com\/#website","url":"https:\/\/rotexketamshop.com\/","name":"Buy Ketamine In Bulk","description":"Ketamine For Sale Online","potentialAction":[{"@type":"SearchAction","target":{"@type":"EntryPoint","urlTemplate":"https:\/\/rotexketamshop.com\/?s={search_term_string}"},"query-input":{"@type":"PropertyValueSpecification","valueRequired":true,"valueName":"search_term_string"}}],"inLanguage":"cs"}]}},"_links":{"self":[{"href":"https:\/\/rotexketamshop.com\/cs\/wp-json\/wp\/v2\/pages\/498","targetHints":{"allow":["GET"]}}],"collection":[{"href":"https:\/\/rotexketamshop.com\/cs\/wp-json\/wp\/v2\/pages"}],"about":[{"href":"https:\/\/rotexketamshop.com\/cs\/wp-json\/wp\/v2\/types\/page"}],"author":[{"embeddable":true,"href":"https:\/\/rotexketamshop.com\/cs\/wp-json\/wp\/v2\/users\/2"}],"replies":[{"embeddable":true,"href":"https:\/\/rotexketamshop.com\/cs\/wp-json\/wp\/v2\/comments?post=498"}],"version-history":[{"count":1,"href":"https:\/\/rotexketamshop.com\/cs\/wp-json\/wp\/v2\/pages\/498\/revisions"}],"predecessor-version":[{"id":561,"href":"https:\/\/rotexketamshop.com\/cs\/wp-json\/wp\/v2\/pages\/498\/revisions\/561"}],"up":[{"embeddable":true,"href":"https:\/\/rotexketamshop.com\/cs\/wp-json\/wp\/v2\/pages\/507"}],"wp:featuredmedia":[{"embeddable":true,"href":"https:\/\/rotexketamshop.com\/cs\/wp-json\/wp\/v2\/media\/44"}],"wp:attachment":[{"href":"https:\/\/rotexketamshop.com\/cs\/wp-json\/wp\/v2\/media?parent=498"}],"curies":[{"name":"wp","href":"https:\/\/api.w.org\/{rel}","templated":true}]}}