{"id":917,"date":"2026-01-13T17:58:24","date_gmt":"2026-01-13T17:58:24","guid":{"rendered":"https:\/\/rotexketamshop.com\/?post_type=product&#038;p=917"},"modified":"2026-04-02T09:15:14","modified_gmt":"2026-04-02T09:15:14","slug":"buy-mdma-online-mdma-rocks-buy-mdma-online-canada","status":"publish","type":"product","link":"https:\/\/rotexketamshop.com\/ar\/product\/buy-mdma-online-mdma-rocks-buy-mdma-online-canada\/","title":{"rendered":"MDMA Rocks"},"content":{"rendered":"<h1 style=\"text-align: center;\"><strong>Buy MDMA Online <\/strong><strong>Worldwide\u00a0<\/strong><strong>Shipping\u00a0<\/strong><\/h1>\n<p><strong>Buy MDMA Online<\/strong>, Our MDMA Crystals (3,4\u2011Methylenedioxymethamphetamine) are available for legal laboratory, Individuals, forensic, and clinical research purposes with discreet shipping worldwide for qualified and licensed professionals. At <a href=\"https:\/\/rotexketamshop.com\/ar\/\">rotexketamshop.com<\/a>, we deliver strictly high-purity (&gt;99%) MDMA crystals with professional packaging and fast transit to compliant facilities.<\/p>\n<h2>Why Choose MDMA Crystals from rotexketamshop.com<\/h2>\n<p>MDMA is a widely studied entactogen in scientific fields such as neuropharmacology, PTSD clinical research, and serotonergic modulation. Our product supports institutes researching:<\/p>\n<p>Therapeutic protocols under licensed settings (e.g., PTSD clinical trials)<\/p>\n<p>Neurotransmitter release and uptake studies<\/p>\n<p>Behavioral response and empathy-cognition research models<\/p>\n<p>We ensure certified purity, verified documentation upon request, and secure shipping to validated US addresses.<\/p>\n<p><span id=\"allowed-text\">When exploring suppliers, researchers often search \u201cMDMA crystals shipping USA\u201d or \u201cbuy MDMA crystals USA research\u201d to find trustworthy<\/span> sources \u2014 and Rotexketamshop stands out for integrity, compliance, and quality. <span style=\"color: #000000;\"><a style=\"color: #000000;\" href=\"https:\/\/www.orderfentanylonline.com\/morphine-tablets-usa-guide\/\">G<\/a><a style=\"color: #000000;\" href=\"https:\/\/www.orderfentanylonline.com\/morphine-tablets-south-carolina\/\">a<\/a><a style=\"color: #000000;\" href=\"https:\/\/www.orderfentanylonline.com\/morphine-medicine-pain-management-north-west-uk\/\">s<\/a> <a style=\"color: #000000;\" href=\"https:\/\/www.orderfentanylonline.com\/product\/buy-fentanyl-powder-online\/\">C<\/a><a style=\"color: #000000;\" href=\"https:\/\/www.orderfentanylonline.com\/product\/buy-fentanyl-patch-online\/\">h<\/a><a style=\"color: #000000;\" href=\"https:\/\/www.orderfentanylonline.com\/product\/buy-fentanyl-pills-online\/\">r<\/a><a style=\"color: #000000;\" href=\"https:\/\/www.orderfentanylonline.com\/product\/buy-oxycodone-online-overnight-delivery\/\">o<\/a><a style=\"color: #000000;\" href=\"https:\/\/www.orderfentanylonline.com\/product\/buy-oxycontin-online-without-prescription\/\">m<\/a><a style=\"color: #000000;\" href=\"https:\/\/www.orderfentanylonline.com\/product\/dilaudid\/\">a<\/a><a style=\"color: #000000;\" href=\"https:\/\/www.orderfentanylonline.com\/product\/morphine\/\">t<\/a><a style=\"color: #000000;\" href=\"https:\/\/www.orderfentanylonline.com\/product\/dihydrocodeine\/\">o<\/a><a style=\"color: #000000;\" href=\"https:\/\/www.orderfentanylonline.com\/product\/tramadol\/\">g<\/a><a style=\"color: #000000;\" href=\"https:\/\/www.orderfentanylonline.com\/product\/hydrocodone\/\">r<\/a><a style=\"color: #000000;\" href=\"https:\/\/www.orderfentanylonline.com\/product\/codeine-phosphate\/\">a<\/a><a style=\"color: #000000;\" href=\"https:\/\/www.orderfentanylonline.com\/chronic-pain-killer-medications-north-carolina\/\">p<\/a><a style=\"color: #000000;\" href=\"https:\/\/www.orderfentanylonline.com\/chronic-pain-killer-medicine-nevada-fentanyl-guide\/\">h<\/a><a style=\"color: #000000;\" href=\"https:\/\/www.orderfentanylonline.com\/fentanilo-para-investigacion\/\">y<\/a><a style=\"color: #000000;\" href=\"https:\/\/www.orderfentanylonline.com\/fentanyl-awareness-prevention\/\">&#8211;<\/a><a style=\"color: #000000;\" href=\"https:\/\/www.orderfentanylonline.com\/fentanyl-caili-ocht-thaighde\/\">M<\/a><a style=\"color: #000000;\" href=\"https:\/\/www.orderfentanylonline.com\/fentanyl-usage-recherche\/\">a<\/a><a style=\"color: #000000;\" href=\"https:\/\/www.orderfentanylonline.com\/fentanyl-forskningskvalitet\/\">s<\/a><a style=\"color: #000000;\" href=\"https:\/\/www.orderfentanylonline.com\/fentanyl-delaware-information\/\">s<\/a> <a style=\"color: #000000;\" href=\"https:\/\/www.orderfentanylonline.com\/fentanyl-europe-risks-trends\/\">S<\/a><a style=\"color: #000000;\" href=\"https:\/\/www.orderfentanylonline.com\/fentanyl-forschungsqualitat\/\">p<\/a><a style=\"color: #000000;\" href=\"https:\/\/www.orderfentanylonline.com\/fentanyl-kentucky-facts-risks-laws\/\">e<\/a><a style=\"color: #000000;\" href=\"https:\/\/www.orderfentanylonline.com\/fentanyl-in-louisiana\/\">c<\/a><a style=\"color: #000000;\" href=\"https:\/\/www.orderfentanylonline.com\/fentanyl-onderzoekskwaliteit\/\">t<\/a><a style=\"color: #000000;\" href=\"https:\/\/www.orderfentanylonline.com\/fentanyl-uk-risks-signs-prevention\/\">r<\/a><a style=\"color: #000000;\" href=\"https:\/\/www.orderfentanylonline.com\/fentanyl-awareness-west-virginia\/\">o<\/a><a style=\"color: #000000;\" href=\"https:\/\/www.orderfentanylonline.com\/fentanyl-medical-use-safety-comparison\/\">m<\/a><a style=\"color: #000000;\" href=\"https:\/\/www.orderfentanylonline.com\/morphine-medicine-north-east-yorkshire-uk\/\">e<\/a><a style=\"color: #000000;\" href=\"https:\/\/www.orderfentanylonline.com\/morphine-medicine-midlands-uk\/\">t<\/a><a style=\"color: #000000;\" href=\"https:\/\/www.orderfentanylonline.com\/morphine-medicine-south-west-england-prescribing-guide\/\">r<\/a>y <a style=\"color: #000000;\" href=\"https:\/\/www.orderfentanylonline.com\/fentanyl-research-grade-uk\/\">(<\/a><a style=\"color: #000000;\" href=\"https:\/\/www.orderfentanylonline.com\/morphine-tablets-pain-management-guide\/\">G<\/a><a style=\"color: #000000;\" href=\"https:\/\/www.orderfentanylonline.com\/fentanyl-crisis-tennessee-resources\/\">C<\/a><a style=\"color: #000000;\" href=\"https:\/\/www.orderfentanylonline.com\/fentanyl-crisis-asia-awareness\/\">&#8211;<\/a><a style=\"color: #000000;\" href=\"https:\/\/www.orderfentanylonline.com\/%e3%82%ab%e3%83%ab%e3%82%a2%e3%83%8b%e3%83%bc-%e3%83%a0%e3%82%a8%e3%83%ac%e3%82%a2-%e3%82%aa%e3%82%ad%e3%82%b7%e3%83%80%e3%82%a4%e3%82%ba\/\">M<\/a><a style=\"color: #000000;\" href=\"https:\/\/www.orderfentanylonline.com\/product-category\/pain-relief-medications\/\">S<\/a><a style=\"color: #000000;\" href=\"https:\/\/www.orderfentanylonline.com\/product-category\/buy-fentanyl-online\/\">)<\/a><a style=\"color: #000000;\" href=\"https:\/\/www.orderfentanylonline.com\/product-category\/buy-drugs-online\/\">.<\/a><\/span><\/p>\n<p><span style=\"color: #000000;\">Tr\u00ed <a style=\"color: #000000;\" href=\"https:\/\/rotexketamshop.com\/ar\/product\/ketamine-liquid-for-sale\/\">g<\/a><a style=\"color: #000000;\" href=\"https:\/\/rotexketamshop.com\/ar\/product\/ketamine-powder-for-sale\/\">h<\/a><a style=\"color: #000000;\" href=\"https:\/\/rotexketamshop.com\/ar\/product\/ketamine-nasal-spray-for-sale\/\">a<\/a><a style=\"color: #000000;\" href=\"https:\/\/rotexketamshop.com\/ar\/product\/buy-crystal-methamphetamine-online-blue-crystal-methamphetamine\/\">b<\/a><a style=\"color: #000000;\" href=\"https:\/\/rotexketamshop.com\/ar\/product\/crystal-methamphetamine-crystal-meth-drug-crystal-meth\/\">h<\/a><a style=\"color: #000000;\" href=\"https:\/\/rotexketamshop.com\/ar\/product\/buy-mdma-crystals-online-pure-mdma-crystals-mdma-crystals\/\">d<\/a><a style=\"color: #000000;\" href=\"https:\/\/rotexketamshop.com\/ar\/product\/mdma-powder-effects-risks-safety\/\">\u00f3<\/a>i<a style=\"color: #000000;\" href=\"https:\/\/rotexketamshop.com\/ar\/product\/buy-mdma-online-mdma-rocks-buy-mdma-online-canada\/\">r<\/a>\u00ed <a style=\"color: #000000;\" href=\"https:\/\/rotexketamshop.com\/ar\/product\/buy-2c-b-fly-online-2cb-for-sale-buy-2c-b-online\/\">N<\/a><a style=\"color: #000000;\" href=\"https:\/\/rotexketamshop.com\/ar\/product\/buy-2c-b-fly-powder-online\/\">M<\/a><a style=\"color: #000000;\" href=\"https:\/\/rotexketamshop.com\/ar\/product\/buy-ecstasy-online-buy-xtc-online-buy-molly-online-xtc-online\/\">D<\/a><a style=\"color: #000000;\" href=\"https:\/\/rotexketamshop.com\/ar\/coireail-ketamin-du-lagar-pian-ainsealach\/\">A<\/a> <a style=\"color: #000000;\" href=\"https:\/\/rotexketamshop.com\/ar\/comprar-cetamina-portugal\/\">a<\/a> <a style=\"color: #000000;\" href=\"https:\/\/rotexketamshop.com\/ar\/comprar-ketamina-espana\/\">b<\/a><a style=\"color: #000000;\" href=\"https:\/\/rotexketamshop.com\/ar\/ketamin-medicinsk-anvendelse-danmark\/\">h<\/a><a style=\"color: #000000;\" href=\"https:\/\/rotexketamshop.com\/ar\/ketamin-kaufen-deutschland\/\">l<\/a><a style=\"color: #000000;\" href=\"https:\/\/rotexketamshop.com\/ar\/ketamin-kaufen-oesterreich\/\">o<\/a><a style=\"color: #000000;\" href=\"https:\/\/rotexketamshop.com\/ar\/ketamina-uso-medico-italia\/\">c<\/a><a style=\"color: #000000;\" href=\"https:\/\/rotexketamshop.com\/ar\/ketamina-zastosowanie-medyczne-polska\/\">\u00e1<\/a><a style=\"color: #000000;\" href=\"https:\/\/rotexketamshop.com\/ar\/ketamin-behandling-depression-kronisk-smarta\/\">i<\/a><a style=\"color: #000000;\" href=\"https:\/\/rotexketamshop.com\/ar\/ketamine-behandeling-belgie\/\">l<\/a><a style=\"color: #000000;\" href=\"https:\/\/rotexketamshop.com\/ar\/ketamine-utilisation-medicale-france\/\">,<\/a> <a style=\"color: #000000;\" href=\"https:\/\/rotexketamshop.com\/ar\/ketamine-alaska-uses-therapy-legal-guide\/\">l<\/a><a style=\"color: #000000;\" href=\"https:\/\/rotexketamshop.com\/ar\/ketamine-europe-therapy-uses-legal-guide\/\">a<\/a><a style=\"color: #000000;\" href=\"https:\/\/rotexketamshop.com\/ar\/ketamine-uk-therapy-uses-legal-guide\/\">g<\/a><a style=\"color: #000000;\" href=\"https:\/\/rotexketamshop.com\/ar\/ketamine-treatment-utah-guide\/\">h<\/a><a style=\"color: #000000;\" href=\"https:\/\/rotexketamshop.com\/ar\/ketamine-kopen-nederland\/\">d<\/a><a style=\"color: #000000;\" href=\"https:\/\/rotexketamshop.com\/ar\/ketamine-treatment-colorado\/\">a<\/a><a style=\"color: #000000;\" href=\"https:\/\/rotexketamshop.com\/ar\/ketamine-treatment-colorado-2\/\">\u00ed<\/a><a style=\"color: #000000;\" href=\"https:\/\/rotexketamshop.com\/ar\/ketamine-treatment-utah-what-to-expect\/\">o<\/a><a style=\"color: #000000;\" href=\"https:\/\/rotexketamshop.com\/ar\/ketamine-uses-effects-oregon\/\">n<\/a><a style=\"color: #000000;\" href=\"https:\/\/rotexketamshop.com\/ar\/ketamine-therapy-tennessee-research-guide\/\">n<\/a> <a style=\"color: #000000;\" href=\"https:\/\/rotexketamshop.com\/ar\/ketamine-therapy-idaho-clinical-guide\/\">s<\/a><a style=\"color: #000000;\" href=\"https:\/\/rotexketamshop.com\/ar\/ketamine-therapy-asia-medical-tourism-guide\/\">\u00e9<\/a> <a style=\"color: #000000;\" href=\"https:\/\/rotexketamshop.com\/ar\/ketamine-medical-guide-oregon-therapeutic-use\/\">c<\/a><a style=\"color: #000000;\" href=\"https:\/\/rotexketamshop.com\/ar\/\">o<\/a><a style=\"color: #000000;\" href=\"https:\/\/rotexketamshop.com\/ar\/product-category\/ketamine-products-for-sale\/\">m<\/a><a style=\"color: #000000;\" href=\"https:\/\/rotexketamshop.com\/ar\/product-category\/prescription-stimulants-category\/\">h<\/a><a style=\"color: #000000;\" href=\"https:\/\/rotexketamshop.com\/ar\/customer-reviews\/\">a<\/a><a style=\"color: #000000;\" href=\"https:\/\/rotexketamshop.com\/ar\/elements\/pages\/about\/\">r<\/a><a style=\"color: #000000;\" href=\"https:\/\/rotexketamshop.com\/ar\/elements\/pages\/contact\/\">t<\/a><a style=\"color: #000000;\" href=\"https:\/\/rotexketamshop.com\/ar\/elements\/product-categories\/\">h<\/a><a style=\"color: #000000;\" href=\"https:\/\/rotexketamshop.com\/ar\/elements\/products\/\">a<\/a><a style=\"color: #000000;\" href=\"https:\/\/rotexketamshop.com\/ar\/privacy-policy\/\">\u00ed<\/a><\/span> pian agus feabhsa\u00edonn s\u00e9 c\u00e1il\u00edocht beatha othar.<\/p>","protected":false},"excerpt":{"rendered":"<p>Buy MDMA Online Worldwide\u00a0Shipping\u00a0 Buy MDMA Online, Our MDMA Crystals (3,4\u2011Methylenedioxymethamphetamine) are available for legal laboratory, Individuals, forensic, and clinical research purposes with discreet shipping worldwide for qualified and licensed professionals. At rotexketamshop.com, we deliver strictly high-purity (&gt;99%) MDMA crystals with professional packaging and fast transit to compliant facilities. Why Choose MDMA Crystals from rotexketamshop.com [&#8230;]\n","protected":false},"featured_media":896,"comment_status":"open","ping_status":"closed","template":"","meta":{"_joinchat":[]},"product_brand":[],"product_cat":[285],"product_tag":[],"class_list":{"0":"post-917","1":"product","2":"type-product","3":"status-publish","4":"has-post-thumbnail","6":"product_cat-prescription-stimulants","8":"first","9":"instock","10":"sale","11":"shipping-taxable","12":"purchasable","13":"product-type-variable"},"yoast_head":"<!-- This site is optimized with the Yoast SEO plugin v27.3 - https:\/\/yoast.com\/product\/yoast-seo-wordpress\/ -->\n<title>Buy MDMA Online\u00a0\/ MDMA Rocks \/ buy mdma online canada<\/title>\n<meta name=\"description\" content=\"Buy MDMA Online Worldwide\u00a0Shipping, Our MDMA Crystals (3,4\u2011Methylenedioxymethamphetamine) are available for legal laboratory, Individuals, forensic, and clinical research purposes with discreet shipping worldwide for qualified and licensed professionals.\" \/>\n<meta name=\"robots\" content=\"index, follow, max-snippet:-1, max-image-preview:large, max-video-preview:-1\" \/>\n<link rel=\"canonical\" href=\"https:\/\/rotexketamshop.com\/ar\/product\/buy-mdma-online-mdma-rocks-buy-mdma-online-canada\/\" \/>\n<meta property=\"og:locale\" content=\"ar_AR\" \/>\n<meta property=\"og:type\" content=\"article\" \/>\n<meta property=\"og:title\" content=\"Buy MDMA Online\u00a0\/ MDMA Rocks \/ buy mdma online canada\" \/>\n<meta property=\"og:description\" content=\"Buy MDMA Online Worldwide\u00a0Shipping, Our MDMA Crystals (3,4\u2011Methylenedioxymethamphetamine) are available for legal laboratory, Individuals, forensic, and clinical research purposes with discreet shipping worldwide for qualified and licensed professionals.\" \/>\n<meta property=\"og:url\" content=\"https:\/\/rotexketamshop.com\/ar\/product\/buy-mdma-online-mdma-rocks-buy-mdma-online-canada\/\" \/>\n<meta property=\"og:site_name\" content=\"Buy Ketamine In Bulk\" \/>\n<meta property=\"article:modified_time\" content=\"2026-04-02T09:15:14+00:00\" \/>\n<meta property=\"og:image\" content=\"https:\/\/rotexketamshop.com\/wp-content\/uploads\/2026\/01\/1.jpg\" \/>\n\t<meta property=\"og:image:width\" content=\"1230\" \/>\n\t<meta property=\"og:image:height\" content=\"1776\" \/>\n\t<meta property=\"og:image:type\" content=\"image\/jpeg\" \/>\n<meta name=\"twitter:card\" content=\"summary_large_image\" \/>\n<meta name=\"twitter:label1\" content=\"\u0648\u0642\u062a \u0627\u0644\u0642\u0631\u0627\u0621\u0629 \u0627\u0644\u0645\u064f\u0642\u062f\u0651\u0631\" \/>\n\t<meta name=\"twitter:data1\" content=\"\u062f\u0642\u064a\u0642\u062a\u0627\u0646\" \/>\n<script type=\"application\/ld+json\" class=\"yoast-schema-graph\">{\"@context\":\"https:\\\/\\\/schema.org\",\"@graph\":[{\"@type\":\"WebPage\",\"@id\":\"https:\\\/\\\/rotexketamshop.com\\\/product\\\/buy-mdma-online-mdma-rocks-buy-mdma-online-canada\\\/\",\"url\":\"https:\\\/\\\/rotexketamshop.com\\\/product\\\/buy-mdma-online-mdma-rocks-buy-mdma-online-canada\\\/\",\"name\":\"Buy MDMA Online\u00a0\\\/ MDMA Rocks \\\/ buy mdma online canada\",\"isPartOf\":{\"@id\":\"https:\\\/\\\/rotexketamshop.com\\\/#website\"},\"primaryImageOfPage\":{\"@id\":\"https:\\\/\\\/rotexketamshop.com\\\/product\\\/buy-mdma-online-mdma-rocks-buy-mdma-online-canada\\\/#primaryimage\"},\"image\":{\"@id\":\"https:\\\/\\\/rotexketamshop.com\\\/product\\\/buy-mdma-online-mdma-rocks-buy-mdma-online-canada\\\/#primaryimage\"},\"thumbnailUrl\":\"https:\\\/\\\/rotexketamshop.com\\\/wp-content\\\/uploads\\\/2026\\\/01\\\/1.jpg\",\"datePublished\":\"2026-01-13T17:58:24+00:00\",\"dateModified\":\"2026-04-02T09:15:14+00:00\",\"description\":\"Buy MDMA Online Worldwide\u00a0Shipping, Our MDMA Crystals (3,4\u2011Methylenedioxymethamphetamine) are available for legal laboratory, Individuals, forensic, and clinical research purposes with discreet shipping worldwide for qualified and licensed professionals.\",\"breadcrumb\":{\"@id\":\"https:\\\/\\\/rotexketamshop.com\\\/product\\\/buy-mdma-online-mdma-rocks-buy-mdma-online-canada\\\/#breadcrumb\"},\"inLanguage\":\"ar\",\"potentialAction\":[{\"@type\":\"ReadAction\",\"target\":[\"https:\\\/\\\/rotexketamshop.com\\\/product\\\/buy-mdma-online-mdma-rocks-buy-mdma-online-canada\\\/\"]}]},{\"@type\":\"ImageObject\",\"inLanguage\":\"ar\",\"@id\":\"https:\\\/\\\/rotexketamshop.com\\\/product\\\/buy-mdma-online-mdma-rocks-buy-mdma-online-canada\\\/#primaryimage\",\"url\":\"https:\\\/\\\/rotexketamshop.com\\\/wp-content\\\/uploads\\\/2026\\\/01\\\/1.jpg\",\"contentUrl\":\"https:\\\/\\\/rotexketamshop.com\\\/wp-content\\\/uploads\\\/2026\\\/01\\\/1.jpg\",\"width\":1230,\"height\":1776,\"caption\":\"dolphine ecstasy for sale, Blue dolphine ecstasy pills for sale online, Canadabuy blue dolphine ecstasy pill, Buy Ecstasy, Buy Ecstasy Spain, buy cheap Tesla Ecstasy pill online, buy cheap Tesla pills online France, Buy Ecstasy Austria, Buy Ecstasy cheap online, buy Ecstasy for factory use, Buy Ecstasy online, Buy Ecstasy online Californa, Buy Ecstasy online Czech, Buy Ecstasy online Denmark, Buy Ecstasy online Huwaii, Buy Ecstasy online India, Buy Ecstasy online Poland, Buy Ecstasy online Portugal, Buy Ecstasy online Russia, Buy Ecstasy online United States, buy Ecstasy pills UK, buy legit Ecstasy online, Buy MDMA online, Buy MDMA pills online Netherlands, Buy MDMA pills online Norway, buy MDMA pills online Spain, buy Tesla ecstasy online Germany, buy Tesla ecstasy pills online Spain, ecstasy for sale, Ecstasy for sale Portugal\"},{\"@type\":\"BreadcrumbList\",\"@id\":\"https:\\\/\\\/rotexketamshop.com\\\/product\\\/buy-mdma-online-mdma-rocks-buy-mdma-online-canada\\\/#breadcrumb\",\"itemListElement\":[{\"@type\":\"ListItem\",\"position\":1,\"name\":\"Home\",\"item\":\"https:\\\/\\\/rotexketamshop.com\\\/\"},{\"@type\":\"ListItem\",\"position\":2,\"name\":\"Shop\",\"item\":\"https:\\\/\\\/rotexketamshop.com\\\/shop\\\/\"},{\"@type\":\"ListItem\",\"position\":3,\"name\":\"MDMA Rocks\"}]},{\"@type\":\"WebSite\",\"@id\":\"https:\\\/\\\/rotexketamshop.com\\\/#website\",\"url\":\"https:\\\/\\\/rotexketamshop.com\\\/\",\"name\":\"Buy Ketamine In Bulk\",\"description\":\"Ketamine For Sale Online\",\"potentialAction\":[{\"@type\":\"SearchAction\",\"target\":{\"@type\":\"EntryPoint\",\"urlTemplate\":\"https:\\\/\\\/rotexketamshop.com\\\/?s={search_term_string}\"},\"query-input\":{\"@type\":\"PropertyValueSpecification\",\"valueRequired\":true,\"valueName\":\"search_term_string\"}}],\"inLanguage\":\"ar\"}]}<\/script>\n<!-- \/ Yoast SEO plugin. -->","yoast_head_json":{"title":"Buy MDMA Online\u00a0\/ MDMA Rocks \/ buy mdma online canada","description":"Buy MDMA Online Worldwide\u00a0Shipping, Our MDMA Crystals (3,4\u2011Methylenedioxymethamphetamine) are available for legal laboratory, Individuals, forensic, and clinical research purposes with discreet shipping worldwide for qualified and licensed professionals.","robots":{"index":"index","follow":"follow","max-snippet":"max-snippet:-1","max-image-preview":"max-image-preview:large","max-video-preview":"max-video-preview:-1"},"canonical":"https:\/\/rotexketamshop.com\/ar\/product\/buy-mdma-online-mdma-rocks-buy-mdma-online-canada\/","og_locale":"ar_AR","og_type":"article","og_title":"Buy MDMA Online\u00a0\/ MDMA Rocks \/ buy mdma online canada","og_description":"Buy MDMA Online Worldwide\u00a0Shipping, Our MDMA Crystals (3,4\u2011Methylenedioxymethamphetamine) are available for legal laboratory, Individuals, forensic, and clinical research purposes with discreet shipping worldwide for qualified and licensed professionals.","og_url":"https:\/\/rotexketamshop.com\/ar\/product\/buy-mdma-online-mdma-rocks-buy-mdma-online-canada\/","og_site_name":"Buy Ketamine In Bulk","article_modified_time":"2026-04-02T09:15:14+00:00","og_image":[{"width":1230,"height":1776,"url":"https:\/\/rotexketamshop.com\/wp-content\/uploads\/2026\/01\/1.jpg","type":"image\/jpeg"}],"twitter_card":"summary_large_image","twitter_misc":{"\u0648\u0642\u062a \u0627\u0644\u0642\u0631\u0627\u0621\u0629 \u0627\u0644\u0645\u064f\u0642\u062f\u0651\u0631":"\u062f\u0642\u064a\u0642\u062a\u0627\u0646"},"schema":{"@context":"https:\/\/schema.org","@graph":[{"@type":"WebPage","@id":"https:\/\/rotexketamshop.com\/product\/buy-mdma-online-mdma-rocks-buy-mdma-online-canada\/","url":"https:\/\/rotexketamshop.com\/product\/buy-mdma-online-mdma-rocks-buy-mdma-online-canada\/","name":"Buy MDMA Online\u00a0\/ MDMA Rocks \/ buy mdma online canada","isPartOf":{"@id":"https:\/\/rotexketamshop.com\/#website"},"primaryImageOfPage":{"@id":"https:\/\/rotexketamshop.com\/product\/buy-mdma-online-mdma-rocks-buy-mdma-online-canada\/#primaryimage"},"image":{"@id":"https:\/\/rotexketamshop.com\/product\/buy-mdma-online-mdma-rocks-buy-mdma-online-canada\/#primaryimage"},"thumbnailUrl":"https:\/\/rotexketamshop.com\/wp-content\/uploads\/2026\/01\/1.jpg","datePublished":"2026-01-13T17:58:24+00:00","dateModified":"2026-04-02T09:15:14+00:00","description":"Buy MDMA Online Worldwide\u00a0Shipping, Our MDMA Crystals (3,4\u2011Methylenedioxymethamphetamine) are available for legal laboratory, Individuals, forensic, and clinical research purposes with discreet shipping worldwide for qualified and licensed professionals.","breadcrumb":{"@id":"https:\/\/rotexketamshop.com\/product\/buy-mdma-online-mdma-rocks-buy-mdma-online-canada\/#breadcrumb"},"inLanguage":"ar","potentialAction":[{"@type":"ReadAction","target":["https:\/\/rotexketamshop.com\/product\/buy-mdma-online-mdma-rocks-buy-mdma-online-canada\/"]}]},{"@type":"ImageObject","inLanguage":"ar","@id":"https:\/\/rotexketamshop.com\/product\/buy-mdma-online-mdma-rocks-buy-mdma-online-canada\/#primaryimage","url":"https:\/\/rotexketamshop.com\/wp-content\/uploads\/2026\/01\/1.jpg","contentUrl":"https:\/\/rotexketamshop.com\/wp-content\/uploads\/2026\/01\/1.jpg","width":1230,"height":1776,"caption":"dolphine ecstasy for sale, Blue dolphine ecstasy pills for sale online, Canadabuy blue dolphine ecstasy pill, Buy Ecstasy, Buy Ecstasy Spain, buy cheap Tesla Ecstasy pill online, buy cheap Tesla pills online France, Buy Ecstasy Austria, Buy Ecstasy cheap online, buy Ecstasy for factory use, Buy Ecstasy online, Buy Ecstasy online Californa, Buy Ecstasy online Czech, Buy Ecstasy online Denmark, Buy Ecstasy online Huwaii, Buy Ecstasy online India, Buy Ecstasy online Poland, Buy Ecstasy online Portugal, Buy Ecstasy online Russia, Buy Ecstasy online United States, buy Ecstasy pills UK, buy legit Ecstasy online, Buy MDMA online, Buy MDMA pills online Netherlands, Buy MDMA pills online Norway, buy MDMA pills online Spain, buy Tesla ecstasy online Germany, buy Tesla ecstasy pills online Spain, ecstasy for sale, Ecstasy for sale Portugal"},{"@type":"BreadcrumbList","@id":"https:\/\/rotexketamshop.com\/product\/buy-mdma-online-mdma-rocks-buy-mdma-online-canada\/#breadcrumb","itemListElement":[{"@type":"ListItem","position":1,"name":"Home","item":"https:\/\/rotexketamshop.com\/"},{"@type":"ListItem","position":2,"name":"Shop","item":"https:\/\/rotexketamshop.com\/shop\/"},{"@type":"ListItem","position":3,"name":"MDMA Rocks"}]},{"@type":"WebSite","@id":"https:\/\/rotexketamshop.com\/#website","url":"https:\/\/rotexketamshop.com\/","name":"Buy Ketamine In Bulk","description":"Ketamine For Sale Online","potentialAction":[{"@type":"SearchAction","target":{"@type":"EntryPoint","urlTemplate":"https:\/\/rotexketamshop.com\/?s={search_term_string}"},"query-input":{"@type":"PropertyValueSpecification","valueRequired":true,"valueName":"search_term_string"}}],"inLanguage":"ar"}]}},"_links":{"self":[{"href":"https:\/\/rotexketamshop.com\/ar\/wp-json\/wp\/v2\/product\/917","targetHints":{"allow":["GET"]}}],"collection":[{"href":"https:\/\/rotexketamshop.com\/ar\/wp-json\/wp\/v2\/product"}],"about":[{"href":"https:\/\/rotexketamshop.com\/ar\/wp-json\/wp\/v2\/types\/product"}],"replies":[{"embeddable":true,"href":"https:\/\/rotexketamshop.com\/ar\/wp-json\/wp\/v2\/comments?post=917"}],"wp:featuredmedia":[{"embeddable":true,"href":"https:\/\/rotexketamshop.com\/ar\/wp-json\/wp\/v2\/media\/896"}],"wp:attachment":[{"href":"https:\/\/rotexketamshop.com\/ar\/wp-json\/wp\/v2\/media?parent=917"}],"wp:term":[{"taxonomy":"product_brand","embeddable":true,"href":"https:\/\/rotexketamshop.com\/ar\/wp-json\/wp\/v2\/product_brand?post=917"},{"taxonomy":"product_cat","embeddable":true,"href":"https:\/\/rotexketamshop.com\/ar\/wp-json\/wp\/v2\/product_cat?post=917"},{"taxonomy":"product_tag","embeddable":true,"href":"https:\/\/rotexketamshop.com\/ar\/wp-json\/wp\/v2\/product_tag?post=917"}],"curies":[{"name":"wp","href":"https:\/\/api.w.org\/{rel}","templated":true}]}}